{"id":275285,"date":"2026-01-29T11:10:53","date_gmt":"2026-01-29T11:10:53","guid":{"rendered":"https:\/\/promis.ro\/product\/gaston-house-breloc-din-fier-in-forma-de-casa-din-zinc-si-bambus\/"},"modified":"2026-01-29T12:36:55","modified_gmt":"2026-01-29T12:36:55","slug":"gaston-house-breloc-din-fier-in-forma-de-casa-din-zinc-si-bambus","status":"publish","type":"product","link":"https:\/\/promis.ro\/ro\/produs\/gaston-house-breloc-din-fier-in-forma-de-casa-din-zinc-si-bambus\/","title":{"rendered":"GASTON HOUSE. Breloc din fier \u00een form\u0103 de cas\u0103, din zinc \u0219i bambus"},"content":{"rendered":"<p>Breloc din bambus cu cap\u0103t \u00een form\u0103 de moned\u0103. Deoarece produsul este fabricat din materiale naturale, culoarea \u0219i precum \u0219i rezultatul printului pot varia de la un produs la altul. Inel: \u00f8 25 mm | Produs: 65 x 23 x 2 mm | Conector: 15 x 9 x 6 mm | Total: 93 x 25 x 6 mm<\/p>","protected":false},"excerpt":{"rendered":"<p>Breloc din bambus cu cap\u0103t \u00een form\u0103 de moned\u0103. Deoarece produsul este fabricat din materiale naturale, culoarea \u0219i precum \u0219i<\/p>","protected":false},"featured_media":275280,"comment_status":"open","ping_status":"closed","template":"","meta":[],"product_brand":[],"product_cat":[180],"product_tag":[],"class_list":{"0":"post-275285","1":"product","2":"type-product","3":"status-publish","4":"has-post-thumbnail","6":"product_cat-cadouri-si-prime","8":"first","9":"outofstock","10":"shipping-taxable","11":"purchasable","12":"product-type-simple"},"_links":{"self":[{"href":"https:\/\/promis.ro\/ro\/wp-json\/wp\/v2\/product\/275285","targetHints":{"allow":["GET"]}}],"collection":[{"href":"https:\/\/promis.ro\/ro\/wp-json\/wp\/v2\/product"}],"about":[{"href":"https:\/\/promis.ro\/ro\/wp-json\/wp\/v2\/types\/product"}],"replies":[{"embeddable":true,"href":"https:\/\/promis.ro\/ro\/wp-json\/wp\/v2\/comments?post=275285"}],"version-history":[{"count":1,"href":"https:\/\/promis.ro\/ro\/wp-json\/wp\/v2\/product\/275285\/revisions"}],"predecessor-version":[{"id":278305,"href":"https:\/\/promis.ro\/ro\/wp-json\/wp\/v2\/product\/275285\/revisions\/278305"}],"wp:featuredmedia":[{"embeddable":true,"href":"https:\/\/promis.ro\/ro\/wp-json\/wp\/v2\/media\/275280"}],"wp:attachment":[{"href":"https:\/\/promis.ro\/ro\/wp-json\/wp\/v2\/media?parent=275285"}],"wp:term":[{"taxonomy":"product_brand","embeddable":true,"href":"https:\/\/promis.ro\/ro\/wp-json\/wp\/v2\/product_brand?post=275285"},{"taxonomy":"product_cat","embeddable":true,"href":"https:\/\/promis.ro\/ro\/wp-json\/wp\/v2\/product_cat?post=275285"},{"taxonomy":"product_tag","embeddable":true,"href":"https:\/\/promis.ro\/ro\/wp-json\/wp\/v2\/product_tag?post=275285"}],"curies":[{"name":"wp","href":"https:\/\/api.w.org\/{rel}","templated":true}]}}