{"id":275309,"date":"2026-01-29T11:11:01","date_gmt":"2026-01-29T11:11:01","guid":{"rendered":"https:\/\/promis.ro\/product\/sylvester-breloc-dreptunghiular-din-fier-cu-deschizator-de-sticle\/"},"modified":"2026-01-29T12:36:55","modified_gmt":"2026-01-29T12:36:55","slug":"sylvester-breloc-dreptunghiular-din-fier-cu-deschizator-de-sticle","status":"publish","type":"product","link":"https:\/\/promis.ro\/ro\/produs\/sylvester-breloc-dreptunghiular-din-fier-cu-deschizator-de-sticle\/","title":{"rendered":"SYLVESTER. Breloc dreptunghiular din fier cu deschiz\u0103tor de sticle"},"content":{"rendered":"<p>Breloc din fier cu form\u0103 rotund\u0103, din zinc \u0219i bambus. Func\u021bia de deschiz\u0103tor de sticle face din acest breloc un accesoriu practic, pe care s\u0103 \u00eel ai mereu la \u00eendem\u00e2n\u0103. Livrat \u00eentr-o husa din h\u00e2rtie kraft. Deoarece produsul este fabricat din materiale naturale, culoarea \u0219i precum \u0219i rezultatul printului pot varia de la un produs la altul. Inel: \u00f8 32 mm | Produs: 58 x 39 x 3 mm | Conector: 9 mm | Total: 90 x 39 x 3 mm | Geant\u0103: 100 x 55 mm<\/p>","protected":false},"excerpt":{"rendered":"<p>Breloc din fier cu form\u0103 rotund\u0103, din zinc \u0219i bambus. Func\u021bia de deschiz\u0103tor de sticle face din acest breloc un<\/p>","protected":false},"featured_media":275304,"comment_status":"open","ping_status":"closed","template":"","meta":[],"product_brand":[],"product_cat":[180],"product_tag":[],"class_list":{"0":"post-275309","1":"product","2":"type-product","3":"status-publish","4":"has-post-thumbnail","6":"product_cat-cadouri-si-prime","8":"first","9":"outofstock","10":"shipping-taxable","11":"purchasable","12":"product-type-simple"},"_links":{"self":[{"href":"https:\/\/promis.ro\/ro\/wp-json\/wp\/v2\/product\/275309","targetHints":{"allow":["GET"]}}],"collection":[{"href":"https:\/\/promis.ro\/ro\/wp-json\/wp\/v2\/product"}],"about":[{"href":"https:\/\/promis.ro\/ro\/wp-json\/wp\/v2\/types\/product"}],"replies":[{"embeddable":true,"href":"https:\/\/promis.ro\/ro\/wp-json\/wp\/v2\/comments?post=275309"}],"version-history":[{"count":1,"href":"https:\/\/promis.ro\/ro\/wp-json\/wp\/v2\/product\/275309\/revisions"}],"predecessor-version":[{"id":278309,"href":"https:\/\/promis.ro\/ro\/wp-json\/wp\/v2\/product\/275309\/revisions\/278309"}],"wp:featuredmedia":[{"embeddable":true,"href":"https:\/\/promis.ro\/ro\/wp-json\/wp\/v2\/media\/275304"}],"wp:attachment":[{"href":"https:\/\/promis.ro\/ro\/wp-json\/wp\/v2\/media?parent=275309"}],"wp:term":[{"taxonomy":"product_brand","embeddable":true,"href":"https:\/\/promis.ro\/ro\/wp-json\/wp\/v2\/product_brand?post=275309"},{"taxonomy":"product_cat","embeddable":true,"href":"https:\/\/promis.ro\/ro\/wp-json\/wp\/v2\/product_cat?post=275309"},{"taxonomy":"product_tag","embeddable":true,"href":"https:\/\/promis.ro\/ro\/wp-json\/wp\/v2\/product_tag?post=275309"}],"curies":[{"name":"wp","href":"https:\/\/api.w.org\/{rel}","templated":true}]}}