{"id":275311,"date":"2026-01-29T11:11:02","date_gmt":"2026-01-29T11:11:02","guid":{"rendered":"https:\/\/promis.ro\/product\/cyris-suport-pentru-telefon-mobil-conceput-pentru-un-plus-de-confort-in-timpul-calatoriilor\/"},"modified":"2026-01-29T12:36:55","modified_gmt":"2026-01-29T12:36:55","slug":"cyris-suport-pentru-telefon-mobil-conceput-pentru-un-plus-de-confort-in-timpul-calatoriilor","status":"publish","type":"product","link":"https:\/\/promis.ro\/ro\/produs\/cyris-suport-pentru-telefon-mobil-conceput-pentru-un-plus-de-confort-in-timpul-calatoriilor\/","title":{"rendered":"CYRIS. Suport pentru telefon mobil conceput pentru un plus de confort \u00een timpul c\u0103l\u0103toriilor"},"content":{"rendered":"<p>Breloc dreptunghiular din fier, realizat din aliaj de zinc \u0219i bambus. Un accesoriu practic, cu un deschiz\u0103tor de sticle \u00eencorporat, u\u0219or de utilizat ori de c\u00e2te ori este nevoie. Livrat \u00eentr-o husa din h\u00e2rtie kraft. Deoarece produsul este fabricat din materiale naturale, culoarea \u0219i precum \u0219i rezultatul printului pot varia de la un produs la altul. Inel: \u00f8 32 mm | Produs: 67 x 31 x 4 mm | Total: 93 x 32 x 4 mm | Geant\u0103: 100 x 55 mm<\/p>","protected":false},"excerpt":{"rendered":"<p>Breloc dreptunghiular din fier, realizat din aliaj de zinc \u0219i bambus. Un accesoriu practic, cu un deschiz\u0103tor de sticle \u00eencorporat,<\/p>","protected":false},"featured_media":275310,"comment_status":"open","ping_status":"closed","template":"","meta":[],"product_brand":[],"product_cat":[180],"product_tag":[],"class_list":{"0":"post-275311","1":"product","2":"type-product","3":"status-publish","4":"has-post-thumbnail","6":"product_cat-cadouri-si-prime","8":"first","9":"outofstock","10":"shipping-taxable","11":"purchasable","12":"product-type-simple"},"_links":{"self":[{"href":"https:\/\/promis.ro\/ro\/wp-json\/wp\/v2\/product\/275311","targetHints":{"allow":["GET"]}}],"collection":[{"href":"https:\/\/promis.ro\/ro\/wp-json\/wp\/v2\/product"}],"about":[{"href":"https:\/\/promis.ro\/ro\/wp-json\/wp\/v2\/types\/product"}],"replies":[{"embeddable":true,"href":"https:\/\/promis.ro\/ro\/wp-json\/wp\/v2\/comments?post=275311"}],"version-history":[{"count":1,"href":"https:\/\/promis.ro\/ro\/wp-json\/wp\/v2\/product\/275311\/revisions"}],"predecessor-version":[{"id":278310,"href":"https:\/\/promis.ro\/ro\/wp-json\/wp\/v2\/product\/275311\/revisions\/278310"}],"wp:featuredmedia":[{"embeddable":true,"href":"https:\/\/promis.ro\/ro\/wp-json\/wp\/v2\/media\/275310"}],"wp:attachment":[{"href":"https:\/\/promis.ro\/ro\/wp-json\/wp\/v2\/media?parent=275311"}],"wp:term":[{"taxonomy":"product_brand","embeddable":true,"href":"https:\/\/promis.ro\/ro\/wp-json\/wp\/v2\/product_brand?post=275311"},{"taxonomy":"product_cat","embeddable":true,"href":"https:\/\/promis.ro\/ro\/wp-json\/wp\/v2\/product_cat?post=275311"},{"taxonomy":"product_tag","embeddable":true,"href":"https:\/\/promis.ro\/ro\/wp-json\/wp\/v2\/product_tag?post=275311"}],"curies":[{"name":"wp","href":"https:\/\/api.w.org\/{rel}","templated":true}]}}