{"id":275313,"date":"2026-01-29T11:11:02","date_gmt":"2026-01-29T11:11:02","guid":{"rendered":"https:\/\/promis.ro\/product\/leeds-snur-din-poliester-cu-inchidere-de-siguranta\/"},"modified":"2026-01-29T12:36:55","modified_gmt":"2026-01-29T12:36:55","slug":"leeds-snur-din-poliester-cu-inchidere-de-siguranta","status":"publish","type":"product","link":"https:\/\/promis.ro\/ro\/produs\/leeds-snur-din-poliester-cu-inchidere-de-siguranta\/","title":{"rendered":"LEEDS. \u0218nur din poliester cu \u00eenchidere de siguran\u021b\u0103"},"content":{"rendered":"<p>Suport pentru telefon mobil conceput pentru un plus de confort \u00een timpul c\u0103l\u0103toriilor. Se potrive\u0219te cu u\u0219urin\u021b\u0103 \u00een carcasa telefonului, permi\u021b\u00e2nd purtarea acestuia la g\u00e2t cu ajutorul unui cordon sau al unei curele. 20 x 480 mm<\/p>","protected":false},"excerpt":{"rendered":"<p>Suport pentru telefon mobil conceput pentru un plus de confort \u00een timpul c\u0103l\u0103toriilor. Se potrive\u0219te cu u\u0219urin\u021b\u0103 \u00een carcasa telefonului,<\/p>","protected":false},"featured_media":275312,"comment_status":"open","ping_status":"closed","template":"","meta":[],"product_brand":[],"product_cat":[180],"product_tag":[],"class_list":{"0":"post-275313","1":"product","2":"type-product","3":"status-publish","4":"has-post-thumbnail","6":"product_cat-cadouri-si-prime","8":"first","9":"outofstock","10":"shipping-taxable","11":"purchasable","12":"product-type-variable"},"_links":{"self":[{"href":"https:\/\/promis.ro\/ro\/wp-json\/wp\/v2\/product\/275313","targetHints":{"allow":["GET"]}}],"collection":[{"href":"https:\/\/promis.ro\/ro\/wp-json\/wp\/v2\/product"}],"about":[{"href":"https:\/\/promis.ro\/ro\/wp-json\/wp\/v2\/types\/product"}],"replies":[{"embeddable":true,"href":"https:\/\/promis.ro\/ro\/wp-json\/wp\/v2\/comments?post=275313"}],"version-history":[{"count":1,"href":"https:\/\/promis.ro\/ro\/wp-json\/wp\/v2\/product\/275313\/revisions"}],"predecessor-version":[{"id":278311,"href":"https:\/\/promis.ro\/ro\/wp-json\/wp\/v2\/product\/275313\/revisions\/278311"}],"wp:featuredmedia":[{"embeddable":true,"href":"https:\/\/promis.ro\/ro\/wp-json\/wp\/v2\/media\/275312"}],"wp:attachment":[{"href":"https:\/\/promis.ro\/ro\/wp-json\/wp\/v2\/media?parent=275313"}],"wp:term":[{"taxonomy":"product_brand","embeddable":true,"href":"https:\/\/promis.ro\/ro\/wp-json\/wp\/v2\/product_brand?post=275313"},{"taxonomy":"product_cat","embeddable":true,"href":"https:\/\/promis.ro\/ro\/wp-json\/wp\/v2\/product_cat?post=275313"},{"taxonomy":"product_tag","embeddable":true,"href":"https:\/\/promis.ro\/ro\/wp-json\/wp\/v2\/product_tag?post=275313"}],"curies":[{"name":"wp","href":"https:\/\/api.w.org\/{rel}","templated":true}]}}