{"id":275896,"date":"2026-01-29T11:13:57","date_gmt":"2026-01-29T11:13:57","guid":{"rendered":"https:\/\/promis.ro\/product\/teds-difuzor-portabil-de-6-w-cu-autonomie-a-bateriei-de-4-h-in-abs\/"},"modified":"2026-01-29T12:37:21","modified_gmt":"2026-01-29T12:37:21","slug":"teds-difuzor-portabil-de-6-w-cu-autonomie-a-bateriei-de-4-h-in-abs","status":"publish","type":"product","link":"https:\/\/promis.ro\/ro\/produs\/teds-difuzor-portabil-de-6-w-cu-autonomie-a-bateriei-de-4-h-in-abs\/","title":{"rendered":"TEDS. Difuzor portabil de 6 W cu autonomie a bateriei de 4 h \u00een ABS"},"content":{"rendered":"<p>Hordozhat\u00f3 hangsz\u00f3r\u00f3 egyszer\u0171 kialak\u00edt\u00e1ssal, gum\u00edrozott fel\u00fclettel \u00e9s sz\u00f6vetr\u00e1ccsal. Foganty\u00faval a k\u00f6nny\u0171 felakaszt\u00e1shoz vagy hordoz\u00e1shoz, valamint cs\u00fasz\u00e1smentes szilikon l\u00e1bakkal. A 2 be\u00e9p\u00edtett hangsz\u00f3r\u00f3 tiszt\u00e1bb, mag\u00e1val ragad\u00f3bb hangz\u00e1st biztos\u00edt.Anyag: ABS, Sz\u00f6vetVezet\u00e9k n\u00e9lk\u00fcli \u00e1tvitel: BT v4&#8217;2Kapacit\u00e1s: 1200 mAhHozz\u00e1vet\u0151leges \u00fczemid\u0151: 4 \u00f3raHozz\u00e1vet\u0151leges t\u00f6lt\u00e9si id\u0151: 5 \u00f3raBemenet: microUSB-C (5W), microSD, 3.5 mmHangsz\u00f3r\u00f3: Frekvencia\u00e1tvitel: 100 Hz &#8211; 20 kHzJel-zaj ar\u00e1ny: &gt; 80 dB\u00c9rz\u00e9kenys\u00e9g: 80 \u00b13 dBImpedancia: 4\u03a9Hangsz\u00f3r\u00f3 \u00e1tm\u00e9r\u0151je: \u00d8 40 mmHangteljes\u00edtm\u00e9ny: 6 W (2 x 3 W)Mikrofon: \u00c9rz\u00e9kenys\u00e9g: -38 \u00b13 dBV\/PaJellemz\u0151k: Kihangos\u00edt\u00f3, FM r\u00e1di\u00f3Tartalmazza: USB-A \/ microUSB k\u00e1belt, 3.5 mm-es audiok\u00e1beltAmbalaj: fekete aj\u00e1nd\u00e9kdoboz 160 x 120 x 50 mm | Cutie: 180 x 180 x 66 mm<\/p>","protected":false},"excerpt":{"rendered":"<p>Hordozhat\u00f3 hangsz\u00f3r\u00f3 egyszer\u0171 kialak\u00edt\u00e1ssal, gum\u00edrozott fel\u00fclettel \u00e9s sz\u00f6vetr\u00e1ccsal. Foganty\u00faval a k\u00f6nny\u0171 felakaszt\u00e1shoz vagy hordoz\u00e1shoz, valamint cs\u00fasz\u00e1smentes szilikon l\u00e1bakkal. A 2<\/p>","protected":false},"featured_media":275892,"comment_status":"open","ping_status":"closed","template":"","meta":[],"product_brand":[],"product_cat":[170],"product_tag":[],"class_list":{"0":"post-275896","1":"product","2":"type-product","3":"status-publish","4":"has-post-thumbnail","6":"product_cat-tehnologie-si-accesorii","8":"first","9":"instock","10":"shipping-taxable","11":"purchasable","12":"product-type-simple"},"_links":{"self":[{"href":"https:\/\/promis.ro\/ro\/wp-json\/wp\/v2\/product\/275896","targetHints":{"allow":["GET"]}}],"collection":[{"href":"https:\/\/promis.ro\/ro\/wp-json\/wp\/v2\/product"}],"about":[{"href":"https:\/\/promis.ro\/ro\/wp-json\/wp\/v2\/types\/product"}],"replies":[{"embeddable":true,"href":"https:\/\/promis.ro\/ro\/wp-json\/wp\/v2\/comments?post=275896"}],"version-history":[{"count":1,"href":"https:\/\/promis.ro\/ro\/wp-json\/wp\/v2\/product\/275896\/revisions"}],"predecessor-version":[{"id":278371,"href":"https:\/\/promis.ro\/ro\/wp-json\/wp\/v2\/product\/275896\/revisions\/278371"}],"wp:featuredmedia":[{"embeddable":true,"href":"https:\/\/promis.ro\/ro\/wp-json\/wp\/v2\/media\/275892"}],"wp:attachment":[{"href":"https:\/\/promis.ro\/ro\/wp-json\/wp\/v2\/media?parent=275896"}],"wp:term":[{"taxonomy":"product_brand","embeddable":true,"href":"https:\/\/promis.ro\/ro\/wp-json\/wp\/v2\/product_brand?post=275896"},{"taxonomy":"product_cat","embeddable":true,"href":"https:\/\/promis.ro\/ro\/wp-json\/wp\/v2\/product_cat?post=275896"},{"taxonomy":"product_tag","embeddable":true,"href":"https:\/\/promis.ro\/ro\/wp-json\/wp\/v2\/product_tag?post=275896"}],"curies":[{"name":"wp","href":"https:\/\/api.w.org\/{rel}","templated":true}]}}