{"id":275898,"date":"2026-01-29T11:13:58","date_gmt":"2026-01-29T11:13:58","guid":{"rendered":"https:\/\/promis.ro\/product\/chargaff-casti-wireless\/"},"modified":"2026-01-29T12:37:21","modified_gmt":"2026-01-29T12:37:21","slug":"chargaff-casti-wireless","status":"publish","type":"product","link":"https:\/\/promis.ro\/ro\/produs\/chargaff-casti-wireless\/","title":{"rendered":"CHARGAFF. C\u0103\u0219ti wireless"},"content":{"rendered":"<p>C\u0103\u0219ti f\u0103r\u0103 fir cu baz\u0103 de \u00eenc\u0103rcare u\u0219or de utilizat. Bucura\u021bi-v\u0103 de muzic\u0103 sau de apeluri f\u0103r\u0103 s\u0103 r\u0103m\u00e2ne\u021bi f\u0103r\u0103 baterie.Material: ABSTransmisie f\u0103r\u0103 fir: BTCaracteristici: apeluri hands-free, control al volumului \u0219i control al listei de redare pe dispozitivul mobilLivrat: cutie cadou Casti: 27 x 20 x 28 mm | Baza: 77 x 60 x 29 mm | Cutie: 83 x 83 x 40 mm<\/p>","protected":false},"excerpt":{"rendered":"<p>C\u0103\u0219ti f\u0103r\u0103 fir cu baz\u0103 de \u00eenc\u0103rcare u\u0219or de utilizat. Bucura\u021bi-v\u0103 de muzic\u0103 sau de apeluri f\u0103r\u0103 s\u0103 r\u0103m\u00e2ne\u021bi f\u0103r\u0103<\/p>","protected":false},"featured_media":275897,"comment_status":"open","ping_status":"closed","template":"","meta":[],"product_brand":[],"product_cat":[170],"product_tag":[],"class_list":{"0":"post-275898","1":"product","2":"type-product","3":"status-publish","4":"has-post-thumbnail","6":"product_cat-tehnologie-si-accesorii","8":"first","9":"instock","10":"shipping-taxable","11":"purchasable","12":"product-type-variable"},"_links":{"self":[{"href":"https:\/\/promis.ro\/ro\/wp-json\/wp\/v2\/product\/275898","targetHints":{"allow":["GET"]}}],"collection":[{"href":"https:\/\/promis.ro\/ro\/wp-json\/wp\/v2\/product"}],"about":[{"href":"https:\/\/promis.ro\/ro\/wp-json\/wp\/v2\/types\/product"}],"replies":[{"embeddable":true,"href":"https:\/\/promis.ro\/ro\/wp-json\/wp\/v2\/comments?post=275898"}],"version-history":[{"count":0,"href":"https:\/\/promis.ro\/ro\/wp-json\/wp\/v2\/product\/275898\/revisions"}],"wp:featuredmedia":[{"embeddable":true,"href":"https:\/\/promis.ro\/ro\/wp-json\/wp\/v2\/media\/275897"}],"wp:attachment":[{"href":"https:\/\/promis.ro\/ro\/wp-json\/wp\/v2\/media?parent=275898"}],"wp:term":[{"taxonomy":"product_brand","embeddable":true,"href":"https:\/\/promis.ro\/ro\/wp-json\/wp\/v2\/product_brand?post=275898"},{"taxonomy":"product_cat","embeddable":true,"href":"https:\/\/promis.ro\/ro\/wp-json\/wp\/v2\/product_cat?post=275898"},{"taxonomy":"product_tag","embeddable":true,"href":"https:\/\/promis.ro\/ro\/wp-json\/wp\/v2\/product_tag?post=275898"}],"curies":[{"name":"wp","href":"https:\/\/api.w.org\/{rel}","templated":true}]}}