{"id":275904,"date":"2026-01-29T11:14:00","date_gmt":"2026-01-29T11:14:00","guid":{"rendered":"https:\/\/promis.ro\/product\/timberlake-difuzor-portabil-de-16-w-cu-6-ore-de-autonomie-a-bateriei-in-abs\/"},"modified":"2026-01-29T12:37:21","modified_gmt":"2026-01-29T12:37:21","slug":"timberlake-difuzor-portabil-de-16-w-cu-6-ore-de-autonomie-a-bateriei-in-abs","status":"publish","type":"product","link":"https:\/\/promis.ro\/ro\/produs\/timberlake-difuzor-portabil-de-16-w-cu-6-ore-de-autonomie-a-bateriei-in-abs\/","title":{"rendered":"Timberlake. Difuzor portabil de 16 W cu 6 ore de autonomie a bateriei in ABS"},"content":{"rendered":"<p>Box\u0103 portabil\u0103 impermeabil\u0103 cu grad de protec\u021bie IPX4, dotat\u0103 cu un m\u00e2ner de 1200 mm pentru ag\u0103\u021bare sau transport u\u0219or, reglabil\u0103 pe corp sau ca m\u00e2ner scurt. \u00cen situa\u021bii de urgen\u021b\u0103, bateria de mare capacitate permite \u00eenc\u0103rcarea u\u0219oar\u0103 a altor dispozitive. Gril\u0103 complet personalizabil\u0103.Material: ABSGrad de protec\u021bie IP: IPX4Transmisie wireless: BT v5&#8217;0Capacitate: 3&#8217;000 mAhDurat\u0103 aproximativ\u0103 de via\u021b\u0103 a bateriei: 5 hIntrare: USB-C (5W), 3.5 mm, USB-AIe\u0219ire: USB-A (1W), 3.5 mmDiametru difuzor: \u00d8 76 mmPutere sonor\u0103: 16 W (2 x 8W)Include: cablu USB-A \/ USB-C, cablu audio de 3.5 mmAmbalaj: Cutie cadou 250 x 100 x 90 mm<\/p>","protected":false},"excerpt":{"rendered":"<p>Box\u0103 portabil\u0103 impermeabil\u0103 cu grad de protec\u021bie IPX4, dotat\u0103 cu un m\u00e2ner de 1200 mm pentru ag\u0103\u021bare sau transport u\u0219or,<\/p>","protected":false},"featured_media":275899,"comment_status":"open","ping_status":"closed","template":"","meta":[],"product_brand":[],"product_cat":[170],"product_tag":[],"class_list":{"0":"post-275904","1":"product","2":"type-product","3":"status-publish","4":"has-post-thumbnail","6":"product_cat-tehnologie-si-accesorii","8":"first","9":"instock","10":"shipping-taxable","11":"purchasable","12":"product-type-simple"},"_links":{"self":[{"href":"https:\/\/promis.ro\/ro\/wp-json\/wp\/v2\/product\/275904","targetHints":{"allow":["GET"]}}],"collection":[{"href":"https:\/\/promis.ro\/ro\/wp-json\/wp\/v2\/product"}],"about":[{"href":"https:\/\/promis.ro\/ro\/wp-json\/wp\/v2\/types\/product"}],"replies":[{"embeddable":true,"href":"https:\/\/promis.ro\/ro\/wp-json\/wp\/v2\/comments?post=275904"}],"version-history":[{"count":1,"href":"https:\/\/promis.ro\/ro\/wp-json\/wp\/v2\/product\/275904\/revisions"}],"predecessor-version":[{"id":278372,"href":"https:\/\/promis.ro\/ro\/wp-json\/wp\/v2\/product\/275904\/revisions\/278372"}],"wp:featuredmedia":[{"embeddable":true,"href":"https:\/\/promis.ro\/ro\/wp-json\/wp\/v2\/media\/275899"}],"wp:attachment":[{"href":"https:\/\/promis.ro\/ro\/wp-json\/wp\/v2\/media?parent=275904"}],"wp:term":[{"taxonomy":"product_brand","embeddable":true,"href":"https:\/\/promis.ro\/ro\/wp-json\/wp\/v2\/product_brand?post=275904"},{"taxonomy":"product_cat","embeddable":true,"href":"https:\/\/promis.ro\/ro\/wp-json\/wp\/v2\/product_cat?post=275904"},{"taxonomy":"product_tag","embeddable":true,"href":"https:\/\/promis.ro\/ro\/wp-json\/wp\/v2\/product_tag?post=275904"}],"curies":[{"name":"wp","href":"https:\/\/api.w.org\/{rel}","templated":true}]}}