{"id":276678,"date":"2026-01-29T11:18:17","date_gmt":"2026-01-29T11:18:17","guid":{"rendered":"https:\/\/promis.ro\/product\/egeu-husa-pentru-telefon-mobil\/"},"modified":"2026-01-29T12:38:07","modified_gmt":"2026-01-29T12:38:07","slug":"egeu-husa-pentru-telefon-mobil","status":"publish","type":"product","link":"https:\/\/promis.ro\/ro\/produs\/egeu-husa-pentru-telefon-mobil\/","title":{"rendered":"EGEU. Husa pentru telefon mobil"},"content":{"rendered":"<p>Hus\u0103 pentru telefon mobil din PVC rezistent\u0103 la ap\u0103, cu \u0219nur reglabil cu fixare cu arc. Partea din fa\u021b\u0103 este transparent\u0103, iar spatele este alb mat. Permite interac\u021biunea cu ecranul din exterior. Husa are o \u00eenchidere ermetic\u0103 \u0219i o clapet\u0103 colorat\u0103 cu \u00eenchidere cu scai. 95 x 240 mm<\/p>","protected":false},"excerpt":{"rendered":"<p>Hus\u0103 pentru telefon mobil din PVC rezistent\u0103 la ap\u0103, cu \u0219nur reglabil cu fixare cu arc. Partea din fa\u021b\u0103 este<\/p>","protected":false},"featured_media":276677,"comment_status":"open","ping_status":"closed","template":"","meta":[],"product_brand":[],"product_cat":[193],"product_tag":[],"class_list":{"0":"post-276678","1":"product","2":"type-product","3":"status-publish","4":"has-post-thumbnail","6":"product_cat-ploaie-si-frig","8":"first","9":"instock","10":"shipping-taxable","11":"purchasable","12":"product-type-variable"},"yoast_head":"<!-- This site is optimized with the Yoast SEO plugin v27.4 - https:\/\/yoast.com\/product\/yoast-seo-wordpress\/ -->\n<title>EGEU. Husa pentru telefon mobil - Promis.ro<\/title>\n<meta name=\"description\" content=\"Hus\u0103 pentru telefon mobil din PVC rezistent\u0103 la ap\u0103, cu \u0219nur reglabil cu fixare cu arc. Partea din fa\u021b\u0103 este transparent\u0103, iar spatele este alb mat.\" \/>\n<meta name=\"robots\" content=\"index, follow, max-snippet:-1, max-image-preview:large, max-video-preview:-1\" \/>\n<link rel=\"canonical\" href=\"https:\/\/promis.ro\/ro\/produs\/egeu-husa-pentru-telefon-mobil\/\" \/>\n<meta property=\"og:locale\" content=\"ro_RO\" \/>\n<meta property=\"og:type\" content=\"article\" \/>\n<meta property=\"og:title\" content=\"EGEU. Husa pentru telefon mobil - Promis.ro\" \/>\n<meta property=\"og:description\" content=\"Hus\u0103 pentru telefon mobil din PVC rezistent\u0103 la ap\u0103, cu \u0219nur reglabil cu fixare cu arc. Partea din fa\u021b\u0103 este transparent\u0103, iar spatele este alb mat.\" \/>\n<meta property=\"og:url\" content=\"https:\/\/promis.ro\/ro\/produs\/egeu-husa-pentru-telefon-mobil\/\" \/>\n<meta property=\"og:site_name\" content=\"Promis.ro\" \/>\n<meta property=\"article:modified_time\" content=\"2026-01-29T12:38:07+00:00\" \/>\n<meta property=\"og:image\" content=\"https:\/\/promis.ro\/wp-content\/uploads\/2026\/01\/98266_set.jpg\" \/>\n\t<meta property=\"og:image:width\" content=\"1000\" \/>\n\t<meta property=\"og:image:height\" content=\"1000\" \/>\n\t<meta property=\"og:image:type\" content=\"image\/jpeg\" \/>\n<meta name=\"twitter:card\" content=\"summary_large_image\" \/>\n<script type=\"application\/ld+json\" class=\"yoast-schema-graph\">{\"@context\":\"https:\\\/\\\/schema.org\",\"@graph\":[{\"@type\":\"WebPage\",\"@id\":\"https:\\\/\\\/promis.ro\\\/product\\\/egeu-husa-pentru-telefon-mobil\\\/\",\"url\":\"https:\\\/\\\/promis.ro\\\/product\\\/egeu-husa-pentru-telefon-mobil\\\/\",\"name\":\"EGEU. Husa pentru telefon mobil - Promis.ro\",\"isPartOf\":{\"@id\":\"https:\\\/\\\/promis.ro\\\/#website\"},\"primaryImageOfPage\":{\"@id\":\"https:\\\/\\\/promis.ro\\\/product\\\/egeu-husa-pentru-telefon-mobil\\\/#primaryimage\"},\"image\":{\"@id\":\"https:\\\/\\\/promis.ro\\\/product\\\/egeu-husa-pentru-telefon-mobil\\\/#primaryimage\"},\"thumbnailUrl\":\"https:\\\/\\\/promis.ro\\\/wp-content\\\/uploads\\\/2026\\\/01\\\/98266_set.jpg\",\"datePublished\":\"2026-01-29T11:18:17+00:00\",\"dateModified\":\"2026-01-29T12:38:07+00:00\",\"description\":\"Hus\u0103 pentru telefon mobil din PVC rezistent\u0103 la ap\u0103, cu \u0219nur reglabil cu fixare cu arc. Partea din fa\u021b\u0103 este transparent\u0103, iar spatele este alb mat.\",\"breadcrumb\":{\"@id\":\"https:\\\/\\\/promis.ro\\\/product\\\/egeu-husa-pentru-telefon-mobil\\\/#breadcrumb\"},\"inLanguage\":\"ro-RO\",\"potentialAction\":[{\"@type\":\"ReadAction\",\"target\":[\"https:\\\/\\\/promis.ro\\\/product\\\/egeu-husa-pentru-telefon-mobil\\\/\"]}]},{\"@type\":\"ImageObject\",\"inLanguage\":\"ro-RO\",\"@id\":\"https:\\\/\\\/promis.ro\\\/product\\\/egeu-husa-pentru-telefon-mobil\\\/#primaryimage\",\"url\":\"https:\\\/\\\/promis.ro\\\/wp-content\\\/uploads\\\/2026\\\/01\\\/98266_set.jpg\",\"contentUrl\":\"https:\\\/\\\/promis.ro\\\/wp-content\\\/uploads\\\/2026\\\/01\\\/98266_set.jpg\",\"width\":1000,\"height\":1000},{\"@type\":\"BreadcrumbList\",\"@id\":\"https:\\\/\\\/promis.ro\\\/product\\\/egeu-husa-pentru-telefon-mobil\\\/#breadcrumb\",\"itemListElement\":[{\"@type\":\"ListItem\",\"position\":1,\"name\":\"Home\",\"item\":\"https:\\\/\\\/promis.ro\\\/\"},{\"@type\":\"ListItem\",\"position\":2,\"name\":\"Magazin\",\"item\":\"https:\\\/\\\/promis.ro\\\/magazin\\\/\"},{\"@type\":\"ListItem\",\"position\":3,\"name\":\"EGEU. Husa pentru telefon mobil\"}]},{\"@type\":\"WebSite\",\"@id\":\"https:\\\/\\\/promis.ro\\\/#website\",\"url\":\"https:\\\/\\\/promis.ro\\\/\",\"name\":\"Promis.ro\",\"description\":\"\",\"potentialAction\":[{\"@type\":\"SearchAction\",\"target\":{\"@type\":\"EntryPoint\",\"urlTemplate\":\"https:\\\/\\\/promis.ro\\\/?s={search_term_string}\"},\"query-input\":{\"@type\":\"PropertyValueSpecification\",\"valueRequired\":true,\"valueName\":\"search_term_string\"}}],\"inLanguage\":\"ro-RO\"}]}<\/script>\n<!-- \/ Yoast SEO plugin. -->","yoast_head_json":{"title":"EGEU. Husa pentru telefon mobil - Promis.ro","description":"Hus\u0103 pentru telefon mobil din PVC rezistent\u0103 la ap\u0103, cu \u0219nur reglabil cu fixare cu arc. Partea din fa\u021b\u0103 este transparent\u0103, iar spatele este alb mat.","robots":{"index":"index","follow":"follow","max-snippet":"max-snippet:-1","max-image-preview":"max-image-preview:large","max-video-preview":"max-video-preview:-1"},"canonical":"https:\/\/promis.ro\/ro\/produs\/egeu-husa-pentru-telefon-mobil\/","og_locale":"ro_RO","og_type":"article","og_title":"EGEU. Husa pentru telefon mobil - Promis.ro","og_description":"Hus\u0103 pentru telefon mobil din PVC rezistent\u0103 la ap\u0103, cu \u0219nur reglabil cu fixare cu arc. Partea din fa\u021b\u0103 este transparent\u0103, iar spatele este alb mat.","og_url":"https:\/\/promis.ro\/ro\/produs\/egeu-husa-pentru-telefon-mobil\/","og_site_name":"Promis.ro","article_modified_time":"2026-01-29T12:38:07+00:00","og_image":[{"width":1000,"height":1000,"url":"https:\/\/promis.ro\/wp-content\/uploads\/2026\/01\/98266_set.jpg","type":"image\/jpeg"}],"twitter_card":"summary_large_image","schema":{"@context":"https:\/\/schema.org","@graph":[{"@type":"WebPage","@id":"https:\/\/promis.ro\/product\/egeu-husa-pentru-telefon-mobil\/","url":"https:\/\/promis.ro\/product\/egeu-husa-pentru-telefon-mobil\/","name":"EGEU. Husa pentru telefon mobil - Promis.ro","isPartOf":{"@id":"https:\/\/promis.ro\/#website"},"primaryImageOfPage":{"@id":"https:\/\/promis.ro\/product\/egeu-husa-pentru-telefon-mobil\/#primaryimage"},"image":{"@id":"https:\/\/promis.ro\/product\/egeu-husa-pentru-telefon-mobil\/#primaryimage"},"thumbnailUrl":"https:\/\/promis.ro\/wp-content\/uploads\/2026\/01\/98266_set.jpg","datePublished":"2026-01-29T11:18:17+00:00","dateModified":"2026-01-29T12:38:07+00:00","description":"Hus\u0103 pentru telefon mobil din PVC rezistent\u0103 la ap\u0103, cu \u0219nur reglabil cu fixare cu arc. Partea din fa\u021b\u0103 este transparent\u0103, iar spatele este alb mat.","breadcrumb":{"@id":"https:\/\/promis.ro\/product\/egeu-husa-pentru-telefon-mobil\/#breadcrumb"},"inLanguage":"ro-RO","potentialAction":[{"@type":"ReadAction","target":["https:\/\/promis.ro\/product\/egeu-husa-pentru-telefon-mobil\/"]}]},{"@type":"ImageObject","inLanguage":"ro-RO","@id":"https:\/\/promis.ro\/product\/egeu-husa-pentru-telefon-mobil\/#primaryimage","url":"https:\/\/promis.ro\/wp-content\/uploads\/2026\/01\/98266_set.jpg","contentUrl":"https:\/\/promis.ro\/wp-content\/uploads\/2026\/01\/98266_set.jpg","width":1000,"height":1000},{"@type":"BreadcrumbList","@id":"https:\/\/promis.ro\/product\/egeu-husa-pentru-telefon-mobil\/#breadcrumb","itemListElement":[{"@type":"ListItem","position":1,"name":"Home","item":"https:\/\/promis.ro\/"},{"@type":"ListItem","position":2,"name":"Magazin","item":"https:\/\/promis.ro\/magazin\/"},{"@type":"ListItem","position":3,"name":"EGEU. Husa pentru telefon mobil"}]},{"@type":"WebSite","@id":"https:\/\/promis.ro\/#website","url":"https:\/\/promis.ro\/","name":"Promis.ro","description":"","potentialAction":[{"@type":"SearchAction","target":{"@type":"EntryPoint","urlTemplate":"https:\/\/promis.ro\/?s={search_term_string}"},"query-input":{"@type":"PropertyValueSpecification","valueRequired":true,"valueName":"search_term_string"}}],"inLanguage":"ro-RO"}]}},"_links":{"self":[{"href":"https:\/\/promis.ro\/ro\/wp-json\/wp\/v2\/product\/276678","targetHints":{"allow":["GET"]}}],"collection":[{"href":"https:\/\/promis.ro\/ro\/wp-json\/wp\/v2\/product"}],"about":[{"href":"https:\/\/promis.ro\/ro\/wp-json\/wp\/v2\/types\/product"}],"replies":[{"embeddable":true,"href":"https:\/\/promis.ro\/ro\/wp-json\/wp\/v2\/comments?post=276678"}],"version-history":[{"count":0,"href":"https:\/\/promis.ro\/ro\/wp-json\/wp\/v2\/product\/276678\/revisions"}],"wp:featuredmedia":[{"embeddable":true,"href":"https:\/\/promis.ro\/ro\/wp-json\/wp\/v2\/media\/276677"}],"wp:attachment":[{"href":"https:\/\/promis.ro\/ro\/wp-json\/wp\/v2\/media?parent=276678"}],"wp:term":[{"taxonomy":"product_brand","embeddable":true,"href":"https:\/\/promis.ro\/ro\/wp-json\/wp\/v2\/product_brand?post=276678"},{"taxonomy":"product_cat","embeddable":true,"href":"https:\/\/promis.ro\/ro\/wp-json\/wp\/v2\/product_cat?post=276678"},{"taxonomy":"product_tag","embeddable":true,"href":"https:\/\/promis.ro\/ro\/wp-json\/wp\/v2\/product_tag?post=276678"}],"curies":[{"name":"wp","href":"https:\/\/api.w.org\/{rel}","templated":true}]}}