{"id":276688,"date":"2026-01-29T11:18:24","date_gmt":"2026-01-29T11:18:24","guid":{"rendered":"https:\/\/promis.ro\/product\/celebes-ochelari-de-soare\/"},"modified":"2026-01-29T12:37:58","modified_gmt":"2026-01-29T12:37:58","slug":"celebes-ochelari-de-soare","status":"publish","type":"product","link":"https:\/\/promis.ro\/ro\/produs\/celebes-ochelari-de-soare\/","title":{"rendered":"CELEBES. Ochelari de soare"},"content":{"rendered":"<p>Ochelari de soare din PC. Lentile de categoria 3 cu protec\u021bie UV400, \u00een conformitate cu standardele EN ISO 12312-1. Disponibili \u00eentr-o gam\u0103 larg\u0103 de culori. 146 x 49 x 150 mm<\/p>","protected":false},"excerpt":{"rendered":"<p>Ochelari de soare din PC. Lentile de categoria 3 cu protec\u021bie UV400, \u00een conformitate cu standardele EN ISO 12312-1. Disponibili<\/p>","protected":false},"featured_media":276687,"comment_status":"open","ping_status":"closed","template":"","meta":[],"product_brand":[],"product_cat":[193],"product_tag":[],"class_list":{"0":"post-276688","1":"product","2":"type-product","3":"status-publish","4":"has-post-thumbnail","6":"product_cat-ploaie-si-frig","8":"first","9":"instock","10":"shipping-taxable","11":"purchasable","12":"product-type-variable"},"yoast_head":"<!-- This site is optimized with the Yoast SEO plugin v27.4 - https:\/\/yoast.com\/product\/yoast-seo-wordpress\/ -->\n<title>CELEBES. Ochelari de soare - Promis.ro<\/title>\n<meta name=\"description\" content=\"Ochelari de soare din PC. Lentile de categoria 3 cu protec\u021bie UV400, \u00een conformitate cu standardele EN ISO 12312-1. Disponibili \u00eentr-o gam\u0103 larg\u0103 de\" \/>\n<meta name=\"robots\" content=\"index, follow, max-snippet:-1, max-image-preview:large, max-video-preview:-1\" \/>\n<link rel=\"canonical\" href=\"https:\/\/promis.ro\/ro\/produs\/celebes-ochelari-de-soare\/\" \/>\n<meta property=\"og:locale\" content=\"ro_RO\" \/>\n<meta property=\"og:type\" content=\"article\" \/>\n<meta property=\"og:title\" content=\"CELEBES. Ochelari de soare - Promis.ro\" \/>\n<meta property=\"og:description\" content=\"Ochelari de soare din PC. Lentile de categoria 3 cu protec\u021bie UV400, \u00een conformitate cu standardele EN ISO 12312-1. Disponibili \u00eentr-o gam\u0103 larg\u0103 de\" \/>\n<meta property=\"og:url\" content=\"https:\/\/promis.ro\/ro\/produs\/celebes-ochelari-de-soare\/\" \/>\n<meta property=\"og:site_name\" content=\"Promis.ro\" \/>\n<meta property=\"article:modified_time\" content=\"2026-01-29T12:37:58+00:00\" \/>\n<meta property=\"og:image\" content=\"https:\/\/promis.ro\/wp-content\/uploads\/2026\/01\/98313_set.jpg\" \/>\n\t<meta property=\"og:image:width\" content=\"1000\" \/>\n\t<meta property=\"og:image:height\" content=\"1000\" \/>\n\t<meta property=\"og:image:type\" content=\"image\/jpeg\" \/>\n<meta name=\"twitter:card\" content=\"summary_large_image\" \/>\n<script type=\"application\/ld+json\" class=\"yoast-schema-graph\">{\"@context\":\"https:\\\/\\\/schema.org\",\"@graph\":[{\"@type\":\"WebPage\",\"@id\":\"https:\\\/\\\/promis.ro\\\/product\\\/celebes-ochelari-de-soare\\\/\",\"url\":\"https:\\\/\\\/promis.ro\\\/product\\\/celebes-ochelari-de-soare\\\/\",\"name\":\"CELEBES. Ochelari de soare - Promis.ro\",\"isPartOf\":{\"@id\":\"https:\\\/\\\/promis.ro\\\/#website\"},\"primaryImageOfPage\":{\"@id\":\"https:\\\/\\\/promis.ro\\\/product\\\/celebes-ochelari-de-soare\\\/#primaryimage\"},\"image\":{\"@id\":\"https:\\\/\\\/promis.ro\\\/product\\\/celebes-ochelari-de-soare\\\/#primaryimage\"},\"thumbnailUrl\":\"https:\\\/\\\/promis.ro\\\/wp-content\\\/uploads\\\/2026\\\/01\\\/98313_set.jpg\",\"datePublished\":\"2026-01-29T11:18:24+00:00\",\"dateModified\":\"2026-01-29T12:37:58+00:00\",\"description\":\"Ochelari de soare din PC. Lentile de categoria 3 cu protec\u021bie UV400, \u00een conformitate cu standardele EN ISO 12312-1. Disponibili \u00eentr-o gam\u0103 larg\u0103 de\",\"breadcrumb\":{\"@id\":\"https:\\\/\\\/promis.ro\\\/product\\\/celebes-ochelari-de-soare\\\/#breadcrumb\"},\"inLanguage\":\"ro-RO\",\"potentialAction\":[{\"@type\":\"ReadAction\",\"target\":[\"https:\\\/\\\/promis.ro\\\/product\\\/celebes-ochelari-de-soare\\\/\"]}]},{\"@type\":\"ImageObject\",\"inLanguage\":\"ro-RO\",\"@id\":\"https:\\\/\\\/promis.ro\\\/product\\\/celebes-ochelari-de-soare\\\/#primaryimage\",\"url\":\"https:\\\/\\\/promis.ro\\\/wp-content\\\/uploads\\\/2026\\\/01\\\/98313_set.jpg\",\"contentUrl\":\"https:\\\/\\\/promis.ro\\\/wp-content\\\/uploads\\\/2026\\\/01\\\/98313_set.jpg\",\"width\":1000,\"height\":1000},{\"@type\":\"BreadcrumbList\",\"@id\":\"https:\\\/\\\/promis.ro\\\/product\\\/celebes-ochelari-de-soare\\\/#breadcrumb\",\"itemListElement\":[{\"@type\":\"ListItem\",\"position\":1,\"name\":\"Home\",\"item\":\"https:\\\/\\\/promis.ro\\\/\"},{\"@type\":\"ListItem\",\"position\":2,\"name\":\"Magazin\",\"item\":\"https:\\\/\\\/promis.ro\\\/magazin\\\/\"},{\"@type\":\"ListItem\",\"position\":3,\"name\":\"CELEBES. Ochelari de soare\"}]},{\"@type\":\"WebSite\",\"@id\":\"https:\\\/\\\/promis.ro\\\/#website\",\"url\":\"https:\\\/\\\/promis.ro\\\/\",\"name\":\"Promis.ro\",\"description\":\"\",\"potentialAction\":[{\"@type\":\"SearchAction\",\"target\":{\"@type\":\"EntryPoint\",\"urlTemplate\":\"https:\\\/\\\/promis.ro\\\/?s={search_term_string}\"},\"query-input\":{\"@type\":\"PropertyValueSpecification\",\"valueRequired\":true,\"valueName\":\"search_term_string\"}}],\"inLanguage\":\"ro-RO\"}]}<\/script>\n<!-- \/ Yoast SEO plugin. -->","yoast_head_json":{"title":"CELEBES. Ochelari de soare - Promis.ro","description":"Ochelari de soare din PC. Lentile de categoria 3 cu protec\u021bie UV400, \u00een conformitate cu standardele EN ISO 12312-1. Disponibili \u00eentr-o gam\u0103 larg\u0103 de","robots":{"index":"index","follow":"follow","max-snippet":"max-snippet:-1","max-image-preview":"max-image-preview:large","max-video-preview":"max-video-preview:-1"},"canonical":"https:\/\/promis.ro\/ro\/produs\/celebes-ochelari-de-soare\/","og_locale":"ro_RO","og_type":"article","og_title":"CELEBES. Ochelari de soare - Promis.ro","og_description":"Ochelari de soare din PC. Lentile de categoria 3 cu protec\u021bie UV400, \u00een conformitate cu standardele EN ISO 12312-1. Disponibili \u00eentr-o gam\u0103 larg\u0103 de","og_url":"https:\/\/promis.ro\/ro\/produs\/celebes-ochelari-de-soare\/","og_site_name":"Promis.ro","article_modified_time":"2026-01-29T12:37:58+00:00","og_image":[{"width":1000,"height":1000,"url":"https:\/\/promis.ro\/wp-content\/uploads\/2026\/01\/98313_set.jpg","type":"image\/jpeg"}],"twitter_card":"summary_large_image","schema":{"@context":"https:\/\/schema.org","@graph":[{"@type":"WebPage","@id":"https:\/\/promis.ro\/product\/celebes-ochelari-de-soare\/","url":"https:\/\/promis.ro\/product\/celebes-ochelari-de-soare\/","name":"CELEBES. Ochelari de soare - Promis.ro","isPartOf":{"@id":"https:\/\/promis.ro\/#website"},"primaryImageOfPage":{"@id":"https:\/\/promis.ro\/product\/celebes-ochelari-de-soare\/#primaryimage"},"image":{"@id":"https:\/\/promis.ro\/product\/celebes-ochelari-de-soare\/#primaryimage"},"thumbnailUrl":"https:\/\/promis.ro\/wp-content\/uploads\/2026\/01\/98313_set.jpg","datePublished":"2026-01-29T11:18:24+00:00","dateModified":"2026-01-29T12:37:58+00:00","description":"Ochelari de soare din PC. Lentile de categoria 3 cu protec\u021bie UV400, \u00een conformitate cu standardele EN ISO 12312-1. Disponibili \u00eentr-o gam\u0103 larg\u0103 de","breadcrumb":{"@id":"https:\/\/promis.ro\/product\/celebes-ochelari-de-soare\/#breadcrumb"},"inLanguage":"ro-RO","potentialAction":[{"@type":"ReadAction","target":["https:\/\/promis.ro\/product\/celebes-ochelari-de-soare\/"]}]},{"@type":"ImageObject","inLanguage":"ro-RO","@id":"https:\/\/promis.ro\/product\/celebes-ochelari-de-soare\/#primaryimage","url":"https:\/\/promis.ro\/wp-content\/uploads\/2026\/01\/98313_set.jpg","contentUrl":"https:\/\/promis.ro\/wp-content\/uploads\/2026\/01\/98313_set.jpg","width":1000,"height":1000},{"@type":"BreadcrumbList","@id":"https:\/\/promis.ro\/product\/celebes-ochelari-de-soare\/#breadcrumb","itemListElement":[{"@type":"ListItem","position":1,"name":"Home","item":"https:\/\/promis.ro\/"},{"@type":"ListItem","position":2,"name":"Magazin","item":"https:\/\/promis.ro\/magazin\/"},{"@type":"ListItem","position":3,"name":"CELEBES. Ochelari de soare"}]},{"@type":"WebSite","@id":"https:\/\/promis.ro\/#website","url":"https:\/\/promis.ro\/","name":"Promis.ro","description":"","potentialAction":[{"@type":"SearchAction","target":{"@type":"EntryPoint","urlTemplate":"https:\/\/promis.ro\/?s={search_term_string}"},"query-input":{"@type":"PropertyValueSpecification","valueRequired":true,"valueName":"search_term_string"}}],"inLanguage":"ro-RO"}]}},"_links":{"self":[{"href":"https:\/\/promis.ro\/ro\/wp-json\/wp\/v2\/product\/276688","targetHints":{"allow":["GET"]}}],"collection":[{"href":"https:\/\/promis.ro\/ro\/wp-json\/wp\/v2\/product"}],"about":[{"href":"https:\/\/promis.ro\/ro\/wp-json\/wp\/v2\/types\/product"}],"replies":[{"embeddable":true,"href":"https:\/\/promis.ro\/ro\/wp-json\/wp\/v2\/comments?post=276688"}],"version-history":[{"count":0,"href":"https:\/\/promis.ro\/ro\/wp-json\/wp\/v2\/product\/276688\/revisions"}],"wp:featuredmedia":[{"embeddable":true,"href":"https:\/\/promis.ro\/ro\/wp-json\/wp\/v2\/media\/276687"}],"wp:attachment":[{"href":"https:\/\/promis.ro\/ro\/wp-json\/wp\/v2\/media?parent=276688"}],"wp:term":[{"taxonomy":"product_brand","embeddable":true,"href":"https:\/\/promis.ro\/ro\/wp-json\/wp\/v2\/product_brand?post=276688"},{"taxonomy":"product_cat","embeddable":true,"href":"https:\/\/promis.ro\/ro\/wp-json\/wp\/v2\/product_cat?post=276688"},{"taxonomy":"product_tag","embeddable":true,"href":"https:\/\/promis.ro\/ro\/wp-json\/wp\/v2\/product_tag?post=276688"}],"curies":[{"name":"wp","href":"https:\/\/api.w.org\/{rel}","templated":true}]}}