{"id":276732,"date":"2026-01-29T11:18:44","date_gmt":"2026-01-29T11:18:44","guid":{"rendered":"https:\/\/promis.ro\/product\/villa-rucsac-termic-pentru-picnic-din-poliester-reciclat-600d-de-inalta-densitate\/"},"modified":"2026-01-29T12:38:04","modified_gmt":"2026-01-29T12:38:04","slug":"villa-rucsac-termic-pentru-picnic-din-poliester-reciclat-600d-de-inalta-densitate","status":"publish","type":"product","link":"https:\/\/promis.ro\/ro\/produs\/villa-rucsac-termic-pentru-picnic-din-poliester-reciclat-600d-de-inalta-densitate\/","title":{"rendered":"VILLA. Rucsac termic pentru picnic din poliester reciclat 600D, de \u00eenalt\u0103 densitate"},"content":{"rendered":"<p>Rucsac termic pentru picnic din poliester reciclat 600D, de \u00eenalt\u0103 densitate. Rucsacul are o p\u0103tur\u0103 deta\u0219abil\u0103 \u0219i un buzunar pentru sticle termice. Compartimentul principal este c\u0103ptu\u0219it \u0219i are o izola\u021bie termic\u0103. Buzunarul frontal este c\u0103ptu\u0219it \u00een 210D \u0219i c\u0103ptu\u0219it, cu un suport deta\u0219abil pentru ustensile, care include 12 seturi de tac\u00e2muri din o\u021bel inoxidabil (4 furculi\u021be, 4 cu\u021bite \u0219i 4 linguri), 4 farfurii, 4 pahare PS, 4 \u0219erve\u021bele din 100% bumbac, 1 s\u0103rier, 1 pepper shaker, 1 plac\u0103 de t\u0103iere din PP \u0219i 1 tirbu\u0219on. Buzunarul pentru sticle \u0219i compartimentul principal sunt complet izolate (cu PEVA) \u0219i c\u0103ptu\u0219ite. P\u0103tura este din fleece 100% rPET c\u0103ptu\u0219it cu PEVA (160 g\/m\u00b2). 300 x 410 x 230 mm | Hus\u0103 pentru sticl\u0103: \u00f8105 x 300 mm | P\u0103tur\u0103: 1500 x 1350 mm<\/p>","protected":false},"excerpt":{"rendered":"<p>Rucsac termic pentru picnic din poliester reciclat 600D, de \u00eenalt\u0103 densitate. Rucsacul are o p\u0103tur\u0103 deta\u0219abil\u0103 \u0219i un buzunar pentru<\/p>","protected":false},"featured_media":276727,"comment_status":"open","ping_status":"closed","template":"","meta":[],"product_brand":[],"product_cat":[176],"product_tag":[],"class_list":{"0":"post-276732","1":"product","2":"type-product","3":"status-publish","4":"has-post-thumbnail","6":"product_cat-sport-si-aventura","8":"first","9":"instock","10":"shipping-taxable","11":"purchasable","12":"product-type-simple"},"yoast_head":"<!-- This site is optimized with the Yoast SEO plugin v27.4 - https:\/\/yoast.com\/product\/yoast-seo-wordpress\/ -->\n<title>VILLA. Rucsac termic pentru picnic din poliester reciclat 600D, de \u00eenalt\u0103 densitate - Promis.ro<\/title>\n<meta name=\"description\" content=\"Rucsac termic pentru picnic din poliester reciclat 600D, de \u00eenalt\u0103 densitate. Rucsacul are o p\u0103tur\u0103 deta\u0219abil\u0103 \u0219i un buzunar pentru sticle termice.\" \/>\n<meta name=\"robots\" content=\"index, follow, max-snippet:-1, max-image-preview:large, max-video-preview:-1\" \/>\n<link rel=\"canonical\" href=\"https:\/\/promis.ro\/ro\/produs\/villa-rucsac-termic-pentru-picnic-din-poliester-reciclat-600d-de-inalta-densitate\/\" \/>\n<meta property=\"og:locale\" content=\"ro_RO\" \/>\n<meta property=\"og:type\" content=\"article\" \/>\n<meta property=\"og:title\" content=\"VILLA. Rucsac termic pentru picnic din poliester reciclat 600D, de \u00eenalt\u0103 densitate - Promis.ro\" \/>\n<meta property=\"og:description\" content=\"Rucsac termic pentru picnic din poliester reciclat 600D, de \u00eenalt\u0103 densitate. Rucsacul are o p\u0103tur\u0103 deta\u0219abil\u0103 \u0219i un buzunar pentru sticle termice.\" \/>\n<meta property=\"og:url\" content=\"https:\/\/promis.ro\/ro\/produs\/villa-rucsac-termic-pentru-picnic-din-poliester-reciclat-600d-de-inalta-densitate\/\" \/>\n<meta property=\"og:site_name\" content=\"Promis.ro\" \/>\n<meta property=\"article:modified_time\" content=\"2026-01-29T12:38:04+00:00\" \/>\n<meta property=\"og:image\" content=\"https:\/\/promis.ro\/wp-content\/uploads\/2026\/01\/98422_set.jpg\" \/>\n\t<meta property=\"og:image:width\" content=\"1000\" \/>\n\t<meta property=\"og:image:height\" content=\"1000\" \/>\n\t<meta property=\"og:image:type\" content=\"image\/jpeg\" \/>\n<meta name=\"twitter:card\" content=\"summary_large_image\" \/>\n<meta name=\"twitter:label1\" content=\"Timp estimat pentru citire\" \/>\n\t<meta name=\"twitter:data1\" content=\"1 minut\" \/>\n<script type=\"application\/ld+json\" class=\"yoast-schema-graph\">{\"@context\":\"https:\\\/\\\/schema.org\",\"@graph\":[{\"@type\":\"WebPage\",\"@id\":\"https:\\\/\\\/promis.ro\\\/product\\\/villa-rucsac-termic-pentru-picnic-din-poliester-reciclat-600d-de-inalta-densitate\\\/\",\"url\":\"https:\\\/\\\/promis.ro\\\/product\\\/villa-rucsac-termic-pentru-picnic-din-poliester-reciclat-600d-de-inalta-densitate\\\/\",\"name\":\"VILLA. Rucsac termic pentru picnic din poliester reciclat 600D, de \u00eenalt\u0103 densitate - Promis.ro\",\"isPartOf\":{\"@id\":\"https:\\\/\\\/promis.ro\\\/#website\"},\"primaryImageOfPage\":{\"@id\":\"https:\\\/\\\/promis.ro\\\/product\\\/villa-rucsac-termic-pentru-picnic-din-poliester-reciclat-600d-de-inalta-densitate\\\/#primaryimage\"},\"image\":{\"@id\":\"https:\\\/\\\/promis.ro\\\/product\\\/villa-rucsac-termic-pentru-picnic-din-poliester-reciclat-600d-de-inalta-densitate\\\/#primaryimage\"},\"thumbnailUrl\":\"https:\\\/\\\/promis.ro\\\/wp-content\\\/uploads\\\/2026\\\/01\\\/98422_set.jpg\",\"datePublished\":\"2026-01-29T11:18:44+00:00\",\"dateModified\":\"2026-01-29T12:38:04+00:00\",\"description\":\"Rucsac termic pentru picnic din poliester reciclat 600D, de \u00eenalt\u0103 densitate. Rucsacul are o p\u0103tur\u0103 deta\u0219abil\u0103 \u0219i un buzunar pentru sticle termice.\",\"breadcrumb\":{\"@id\":\"https:\\\/\\\/promis.ro\\\/product\\\/villa-rucsac-termic-pentru-picnic-din-poliester-reciclat-600d-de-inalta-densitate\\\/#breadcrumb\"},\"inLanguage\":\"ro-RO\",\"potentialAction\":[{\"@type\":\"ReadAction\",\"target\":[\"https:\\\/\\\/promis.ro\\\/product\\\/villa-rucsac-termic-pentru-picnic-din-poliester-reciclat-600d-de-inalta-densitate\\\/\"]}]},{\"@type\":\"ImageObject\",\"inLanguage\":\"ro-RO\",\"@id\":\"https:\\\/\\\/promis.ro\\\/product\\\/villa-rucsac-termic-pentru-picnic-din-poliester-reciclat-600d-de-inalta-densitate\\\/#primaryimage\",\"url\":\"https:\\\/\\\/promis.ro\\\/wp-content\\\/uploads\\\/2026\\\/01\\\/98422_set.jpg\",\"contentUrl\":\"https:\\\/\\\/promis.ro\\\/wp-content\\\/uploads\\\/2026\\\/01\\\/98422_set.jpg\",\"width\":1000,\"height\":1000},{\"@type\":\"BreadcrumbList\",\"@id\":\"https:\\\/\\\/promis.ro\\\/product\\\/villa-rucsac-termic-pentru-picnic-din-poliester-reciclat-600d-de-inalta-densitate\\\/#breadcrumb\",\"itemListElement\":[{\"@type\":\"ListItem\",\"position\":1,\"name\":\"Home\",\"item\":\"https:\\\/\\\/promis.ro\\\/\"},{\"@type\":\"ListItem\",\"position\":2,\"name\":\"Magazin\",\"item\":\"https:\\\/\\\/promis.ro\\\/magazin\\\/\"},{\"@type\":\"ListItem\",\"position\":3,\"name\":\"VILLA. Rucsac termic pentru picnic din poliester reciclat 600D, de \u00eenalt\u0103 densitate\"}]},{\"@type\":\"WebSite\",\"@id\":\"https:\\\/\\\/promis.ro\\\/#website\",\"url\":\"https:\\\/\\\/promis.ro\\\/\",\"name\":\"Promis.ro\",\"description\":\"\",\"potentialAction\":[{\"@type\":\"SearchAction\",\"target\":{\"@type\":\"EntryPoint\",\"urlTemplate\":\"https:\\\/\\\/promis.ro\\\/?s={search_term_string}\"},\"query-input\":{\"@type\":\"PropertyValueSpecification\",\"valueRequired\":true,\"valueName\":\"search_term_string\"}}],\"inLanguage\":\"ro-RO\"}]}<\/script>\n<!-- \/ Yoast SEO plugin. -->","yoast_head_json":{"title":"VILLA. Rucsac termic pentru picnic din poliester reciclat 600D, de \u00eenalt\u0103 densitate - Promis.ro","description":"Rucsac termic pentru picnic din poliester reciclat 600D, de \u00eenalt\u0103 densitate. Rucsacul are o p\u0103tur\u0103 deta\u0219abil\u0103 \u0219i un buzunar pentru sticle termice.","robots":{"index":"index","follow":"follow","max-snippet":"max-snippet:-1","max-image-preview":"max-image-preview:large","max-video-preview":"max-video-preview:-1"},"canonical":"https:\/\/promis.ro\/ro\/produs\/villa-rucsac-termic-pentru-picnic-din-poliester-reciclat-600d-de-inalta-densitate\/","og_locale":"ro_RO","og_type":"article","og_title":"VILLA. Rucsac termic pentru picnic din poliester reciclat 600D, de \u00eenalt\u0103 densitate - Promis.ro","og_description":"Rucsac termic pentru picnic din poliester reciclat 600D, de \u00eenalt\u0103 densitate. Rucsacul are o p\u0103tur\u0103 deta\u0219abil\u0103 \u0219i un buzunar pentru sticle termice.","og_url":"https:\/\/promis.ro\/ro\/produs\/villa-rucsac-termic-pentru-picnic-din-poliester-reciclat-600d-de-inalta-densitate\/","og_site_name":"Promis.ro","article_modified_time":"2026-01-29T12:38:04+00:00","og_image":[{"width":1000,"height":1000,"url":"https:\/\/promis.ro\/wp-content\/uploads\/2026\/01\/98422_set.jpg","type":"image\/jpeg"}],"twitter_card":"summary_large_image","twitter_misc":{"Timp estimat pentru citire":"1 minut"},"schema":{"@context":"https:\/\/schema.org","@graph":[{"@type":"WebPage","@id":"https:\/\/promis.ro\/product\/villa-rucsac-termic-pentru-picnic-din-poliester-reciclat-600d-de-inalta-densitate\/","url":"https:\/\/promis.ro\/product\/villa-rucsac-termic-pentru-picnic-din-poliester-reciclat-600d-de-inalta-densitate\/","name":"VILLA. Rucsac termic pentru picnic din poliester reciclat 600D, de \u00eenalt\u0103 densitate - Promis.ro","isPartOf":{"@id":"https:\/\/promis.ro\/#website"},"primaryImageOfPage":{"@id":"https:\/\/promis.ro\/product\/villa-rucsac-termic-pentru-picnic-din-poliester-reciclat-600d-de-inalta-densitate\/#primaryimage"},"image":{"@id":"https:\/\/promis.ro\/product\/villa-rucsac-termic-pentru-picnic-din-poliester-reciclat-600d-de-inalta-densitate\/#primaryimage"},"thumbnailUrl":"https:\/\/promis.ro\/wp-content\/uploads\/2026\/01\/98422_set.jpg","datePublished":"2026-01-29T11:18:44+00:00","dateModified":"2026-01-29T12:38:04+00:00","description":"Rucsac termic pentru picnic din poliester reciclat 600D, de \u00eenalt\u0103 densitate. Rucsacul are o p\u0103tur\u0103 deta\u0219abil\u0103 \u0219i un buzunar pentru sticle termice.","breadcrumb":{"@id":"https:\/\/promis.ro\/product\/villa-rucsac-termic-pentru-picnic-din-poliester-reciclat-600d-de-inalta-densitate\/#breadcrumb"},"inLanguage":"ro-RO","potentialAction":[{"@type":"ReadAction","target":["https:\/\/promis.ro\/product\/villa-rucsac-termic-pentru-picnic-din-poliester-reciclat-600d-de-inalta-densitate\/"]}]},{"@type":"ImageObject","inLanguage":"ro-RO","@id":"https:\/\/promis.ro\/product\/villa-rucsac-termic-pentru-picnic-din-poliester-reciclat-600d-de-inalta-densitate\/#primaryimage","url":"https:\/\/promis.ro\/wp-content\/uploads\/2026\/01\/98422_set.jpg","contentUrl":"https:\/\/promis.ro\/wp-content\/uploads\/2026\/01\/98422_set.jpg","width":1000,"height":1000},{"@type":"BreadcrumbList","@id":"https:\/\/promis.ro\/product\/villa-rucsac-termic-pentru-picnic-din-poliester-reciclat-600d-de-inalta-densitate\/#breadcrumb","itemListElement":[{"@type":"ListItem","position":1,"name":"Home","item":"https:\/\/promis.ro\/"},{"@type":"ListItem","position":2,"name":"Magazin","item":"https:\/\/promis.ro\/magazin\/"},{"@type":"ListItem","position":3,"name":"VILLA. Rucsac termic pentru picnic din poliester reciclat 600D, de \u00eenalt\u0103 densitate"}]},{"@type":"WebSite","@id":"https:\/\/promis.ro\/#website","url":"https:\/\/promis.ro\/","name":"Promis.ro","description":"","potentialAction":[{"@type":"SearchAction","target":{"@type":"EntryPoint","urlTemplate":"https:\/\/promis.ro\/?s={search_term_string}"},"query-input":{"@type":"PropertyValueSpecification","valueRequired":true,"valueName":"search_term_string"}}],"inLanguage":"ro-RO"}]}},"_links":{"self":[{"href":"https:\/\/promis.ro\/ro\/wp-json\/wp\/v2\/product\/276732","targetHints":{"allow":["GET"]}}],"collection":[{"href":"https:\/\/promis.ro\/ro\/wp-json\/wp\/v2\/product"}],"about":[{"href":"https:\/\/promis.ro\/ro\/wp-json\/wp\/v2\/types\/product"}],"replies":[{"embeddable":true,"href":"https:\/\/promis.ro\/ro\/wp-json\/wp\/v2\/comments?post=276732"}],"version-history":[{"count":0,"href":"https:\/\/promis.ro\/ro\/wp-json\/wp\/v2\/product\/276732\/revisions"}],"wp:featuredmedia":[{"embeddable":true,"href":"https:\/\/promis.ro\/ro\/wp-json\/wp\/v2\/media\/276727"}],"wp:attachment":[{"href":"https:\/\/promis.ro\/ro\/wp-json\/wp\/v2\/media?parent=276732"}],"wp:term":[{"taxonomy":"product_brand","embeddable":true,"href":"https:\/\/promis.ro\/ro\/wp-json\/wp\/v2\/product_brand?post=276732"},{"taxonomy":"product_cat","embeddable":true,"href":"https:\/\/promis.ro\/ro\/wp-json\/wp\/v2\/product_cat?post=276732"},{"taxonomy":"product_tag","embeddable":true,"href":"https:\/\/promis.ro\/ro\/wp-json\/wp\/v2\/product_tag?post=276732"}],"curies":[{"name":"wp","href":"https:\/\/api.w.org\/{rel}","templated":true}]}}