{"id":276736,"date":"2026-01-29T11:18:45","date_gmt":"2026-01-29T11:18:45","guid":{"rendered":"https:\/\/promis.ro\/product\/baskit-cos-de-picnic-25-l\/"},"modified":"2026-01-29T12:38:04","modified_gmt":"2026-01-29T12:38:04","slug":"baskit-cos-de-picnic-25-l","status":"publish","type":"product","link":"https:\/\/promis.ro\/ro\/produs\/baskit-cos-de-picnic-25-l\/","title":{"rendered":"BASKIT. Co\u0219 de picnic 25 L"},"content":{"rendered":"<p>Co\u0219 de picnic flexibil \u00een 600D. Acest co\u0219 are fermoar dublu \u0219i interior c\u0103ptu\u0219it din aluminiu rezistent. Co\u0219 cu rama deta\u0219abila din aluminiu \u0219i m\u00e2ner ergonomic EVA. Capacitate de p\u00e2n\u0103 la 25L. 460 x 270 x 250 mm<\/p>","protected":false},"excerpt":{"rendered":"<p>Co\u0219 de picnic flexibil \u00een 600D. Acest co\u0219 are fermoar dublu \u0219i interior c\u0103ptu\u0219it din aluminiu rezistent. Co\u0219 cu rama<\/p>","protected":false},"featured_media":276735,"comment_status":"open","ping_status":"closed","template":"","meta":[],"product_brand":[],"product_cat":[176],"product_tag":[],"class_list":{"0":"post-276736","1":"product","2":"type-product","3":"status-publish","4":"has-post-thumbnail","6":"product_cat-sport-si-aventura","8":"first","9":"instock","10":"shipping-taxable","11":"purchasable","12":"product-type-variable"},"yoast_head":"<!-- This site is optimized with the Yoast SEO plugin v27.4 - https:\/\/yoast.com\/product\/yoast-seo-wordpress\/ -->\n<title>BASKIT. Co\u0219 de picnic 25 L - Promis.ro<\/title>\n<meta name=\"description\" content=\"Co\u0219 de picnic flexibil \u00een 600D. Acest co\u0219 are fermoar dublu \u0219i interior c\u0103ptu\u0219it din aluminiu rezistent. Co\u0219 cu rama deta\u0219abila din aluminiu \u0219i m\u00e2ner\" \/>\n<meta name=\"robots\" content=\"index, follow, max-snippet:-1, max-image-preview:large, max-video-preview:-1\" \/>\n<link rel=\"canonical\" href=\"https:\/\/promis.ro\/ro\/produs\/baskit-cos-de-picnic-25-l\/\" \/>\n<meta property=\"og:locale\" content=\"ro_RO\" \/>\n<meta property=\"og:type\" content=\"article\" \/>\n<meta property=\"og:title\" content=\"BASKIT. Co\u0219 de picnic 25 L - Promis.ro\" \/>\n<meta property=\"og:description\" content=\"Co\u0219 de picnic flexibil \u00een 600D. Acest co\u0219 are fermoar dublu \u0219i interior c\u0103ptu\u0219it din aluminiu rezistent. Co\u0219 cu rama deta\u0219abila din aluminiu \u0219i m\u00e2ner\" \/>\n<meta property=\"og:url\" content=\"https:\/\/promis.ro\/ro\/produs\/baskit-cos-de-picnic-25-l\/\" \/>\n<meta property=\"og:site_name\" content=\"Promis.ro\" \/>\n<meta property=\"article:modified_time\" content=\"2026-01-29T12:38:04+00:00\" \/>\n<meta property=\"og:image\" content=\"https:\/\/promis.ro\/wp-content\/uploads\/2026\/01\/98426_set.jpg\" \/>\n\t<meta property=\"og:image:width\" content=\"1000\" \/>\n\t<meta property=\"og:image:height\" content=\"1000\" \/>\n\t<meta property=\"og:image:type\" content=\"image\/jpeg\" \/>\n<meta name=\"twitter:card\" content=\"summary_large_image\" \/>\n<script type=\"application\/ld+json\" class=\"yoast-schema-graph\">{\"@context\":\"https:\\\/\\\/schema.org\",\"@graph\":[{\"@type\":\"WebPage\",\"@id\":\"https:\\\/\\\/promis.ro\\\/product\\\/baskit-cos-de-picnic-25-l\\\/\",\"url\":\"https:\\\/\\\/promis.ro\\\/product\\\/baskit-cos-de-picnic-25-l\\\/\",\"name\":\"BASKIT. Co\u0219 de picnic 25 L - Promis.ro\",\"isPartOf\":{\"@id\":\"https:\\\/\\\/promis.ro\\\/#website\"},\"primaryImageOfPage\":{\"@id\":\"https:\\\/\\\/promis.ro\\\/product\\\/baskit-cos-de-picnic-25-l\\\/#primaryimage\"},\"image\":{\"@id\":\"https:\\\/\\\/promis.ro\\\/product\\\/baskit-cos-de-picnic-25-l\\\/#primaryimage\"},\"thumbnailUrl\":\"https:\\\/\\\/promis.ro\\\/wp-content\\\/uploads\\\/2026\\\/01\\\/98426_set.jpg\",\"datePublished\":\"2026-01-29T11:18:45+00:00\",\"dateModified\":\"2026-01-29T12:38:04+00:00\",\"description\":\"Co\u0219 de picnic flexibil \u00een 600D. Acest co\u0219 are fermoar dublu \u0219i interior c\u0103ptu\u0219it din aluminiu rezistent. Co\u0219 cu rama deta\u0219abila din aluminiu \u0219i m\u00e2ner\",\"breadcrumb\":{\"@id\":\"https:\\\/\\\/promis.ro\\\/product\\\/baskit-cos-de-picnic-25-l\\\/#breadcrumb\"},\"inLanguage\":\"ro-RO\",\"potentialAction\":[{\"@type\":\"ReadAction\",\"target\":[\"https:\\\/\\\/promis.ro\\\/product\\\/baskit-cos-de-picnic-25-l\\\/\"]}]},{\"@type\":\"ImageObject\",\"inLanguage\":\"ro-RO\",\"@id\":\"https:\\\/\\\/promis.ro\\\/product\\\/baskit-cos-de-picnic-25-l\\\/#primaryimage\",\"url\":\"https:\\\/\\\/promis.ro\\\/wp-content\\\/uploads\\\/2026\\\/01\\\/98426_set.jpg\",\"contentUrl\":\"https:\\\/\\\/promis.ro\\\/wp-content\\\/uploads\\\/2026\\\/01\\\/98426_set.jpg\",\"width\":1000,\"height\":1000},{\"@type\":\"BreadcrumbList\",\"@id\":\"https:\\\/\\\/promis.ro\\\/product\\\/baskit-cos-de-picnic-25-l\\\/#breadcrumb\",\"itemListElement\":[{\"@type\":\"ListItem\",\"position\":1,\"name\":\"Home\",\"item\":\"https:\\\/\\\/promis.ro\\\/\"},{\"@type\":\"ListItem\",\"position\":2,\"name\":\"Magazin\",\"item\":\"https:\\\/\\\/promis.ro\\\/magazin\\\/\"},{\"@type\":\"ListItem\",\"position\":3,\"name\":\"BASKIT. Co\u0219 de picnic 25 L\"}]},{\"@type\":\"WebSite\",\"@id\":\"https:\\\/\\\/promis.ro\\\/#website\",\"url\":\"https:\\\/\\\/promis.ro\\\/\",\"name\":\"Promis.ro\",\"description\":\"\",\"potentialAction\":[{\"@type\":\"SearchAction\",\"target\":{\"@type\":\"EntryPoint\",\"urlTemplate\":\"https:\\\/\\\/promis.ro\\\/?s={search_term_string}\"},\"query-input\":{\"@type\":\"PropertyValueSpecification\",\"valueRequired\":true,\"valueName\":\"search_term_string\"}}],\"inLanguage\":\"ro-RO\"}]}<\/script>\n<!-- \/ Yoast SEO plugin. -->","yoast_head_json":{"title":"BASKIT. Co\u0219 de picnic 25 L - Promis.ro","description":"Co\u0219 de picnic flexibil \u00een 600D. Acest co\u0219 are fermoar dublu \u0219i interior c\u0103ptu\u0219it din aluminiu rezistent. Co\u0219 cu rama deta\u0219abila din aluminiu \u0219i m\u00e2ner","robots":{"index":"index","follow":"follow","max-snippet":"max-snippet:-1","max-image-preview":"max-image-preview:large","max-video-preview":"max-video-preview:-1"},"canonical":"https:\/\/promis.ro\/ro\/produs\/baskit-cos-de-picnic-25-l\/","og_locale":"ro_RO","og_type":"article","og_title":"BASKIT. Co\u0219 de picnic 25 L - Promis.ro","og_description":"Co\u0219 de picnic flexibil \u00een 600D. Acest co\u0219 are fermoar dublu \u0219i interior c\u0103ptu\u0219it din aluminiu rezistent. Co\u0219 cu rama deta\u0219abila din aluminiu \u0219i m\u00e2ner","og_url":"https:\/\/promis.ro\/ro\/produs\/baskit-cos-de-picnic-25-l\/","og_site_name":"Promis.ro","article_modified_time":"2026-01-29T12:38:04+00:00","og_image":[{"width":1000,"height":1000,"url":"https:\/\/promis.ro\/wp-content\/uploads\/2026\/01\/98426_set.jpg","type":"image\/jpeg"}],"twitter_card":"summary_large_image","schema":{"@context":"https:\/\/schema.org","@graph":[{"@type":"WebPage","@id":"https:\/\/promis.ro\/product\/baskit-cos-de-picnic-25-l\/","url":"https:\/\/promis.ro\/product\/baskit-cos-de-picnic-25-l\/","name":"BASKIT. Co\u0219 de picnic 25 L - Promis.ro","isPartOf":{"@id":"https:\/\/promis.ro\/#website"},"primaryImageOfPage":{"@id":"https:\/\/promis.ro\/product\/baskit-cos-de-picnic-25-l\/#primaryimage"},"image":{"@id":"https:\/\/promis.ro\/product\/baskit-cos-de-picnic-25-l\/#primaryimage"},"thumbnailUrl":"https:\/\/promis.ro\/wp-content\/uploads\/2026\/01\/98426_set.jpg","datePublished":"2026-01-29T11:18:45+00:00","dateModified":"2026-01-29T12:38:04+00:00","description":"Co\u0219 de picnic flexibil \u00een 600D. Acest co\u0219 are fermoar dublu \u0219i interior c\u0103ptu\u0219it din aluminiu rezistent. Co\u0219 cu rama deta\u0219abila din aluminiu \u0219i m\u00e2ner","breadcrumb":{"@id":"https:\/\/promis.ro\/product\/baskit-cos-de-picnic-25-l\/#breadcrumb"},"inLanguage":"ro-RO","potentialAction":[{"@type":"ReadAction","target":["https:\/\/promis.ro\/product\/baskit-cos-de-picnic-25-l\/"]}]},{"@type":"ImageObject","inLanguage":"ro-RO","@id":"https:\/\/promis.ro\/product\/baskit-cos-de-picnic-25-l\/#primaryimage","url":"https:\/\/promis.ro\/wp-content\/uploads\/2026\/01\/98426_set.jpg","contentUrl":"https:\/\/promis.ro\/wp-content\/uploads\/2026\/01\/98426_set.jpg","width":1000,"height":1000},{"@type":"BreadcrumbList","@id":"https:\/\/promis.ro\/product\/baskit-cos-de-picnic-25-l\/#breadcrumb","itemListElement":[{"@type":"ListItem","position":1,"name":"Home","item":"https:\/\/promis.ro\/"},{"@type":"ListItem","position":2,"name":"Magazin","item":"https:\/\/promis.ro\/magazin\/"},{"@type":"ListItem","position":3,"name":"BASKIT. Co\u0219 de picnic 25 L"}]},{"@type":"WebSite","@id":"https:\/\/promis.ro\/#website","url":"https:\/\/promis.ro\/","name":"Promis.ro","description":"","potentialAction":[{"@type":"SearchAction","target":{"@type":"EntryPoint","urlTemplate":"https:\/\/promis.ro\/?s={search_term_string}"},"query-input":{"@type":"PropertyValueSpecification","valueRequired":true,"valueName":"search_term_string"}}],"inLanguage":"ro-RO"}]}},"_links":{"self":[{"href":"https:\/\/promis.ro\/ro\/wp-json\/wp\/v2\/product\/276736","targetHints":{"allow":["GET"]}}],"collection":[{"href":"https:\/\/promis.ro\/ro\/wp-json\/wp\/v2\/product"}],"about":[{"href":"https:\/\/promis.ro\/ro\/wp-json\/wp\/v2\/types\/product"}],"replies":[{"embeddable":true,"href":"https:\/\/promis.ro\/ro\/wp-json\/wp\/v2\/comments?post=276736"}],"version-history":[{"count":0,"href":"https:\/\/promis.ro\/ro\/wp-json\/wp\/v2\/product\/276736\/revisions"}],"wp:featuredmedia":[{"embeddable":true,"href":"https:\/\/promis.ro\/ro\/wp-json\/wp\/v2\/media\/276735"}],"wp:attachment":[{"href":"https:\/\/promis.ro\/ro\/wp-json\/wp\/v2\/media?parent=276736"}],"wp:term":[{"taxonomy":"product_brand","embeddable":true,"href":"https:\/\/promis.ro\/ro\/wp-json\/wp\/v2\/product_brand?post=276736"},{"taxonomy":"product_cat","embeddable":true,"href":"https:\/\/promis.ro\/ro\/wp-json\/wp\/v2\/product_cat?post=276736"},{"taxonomy":"product_tag","embeddable":true,"href":"https:\/\/promis.ro\/ro\/wp-json\/wp\/v2\/product_tag?post=276736"}],"curies":[{"name":"wp","href":"https:\/\/api.w.org\/{rel}","templated":true}]}}