{"id":51371,"date":"2025-10-31T17:03:58","date_gmt":"2025-10-31T17:03:58","guid":{"rendered":"https:\/\/dev.promis.ro\/product\/harmobauble\/"},"modified":"2025-11-05T12:04:52","modified_gmt":"2025-11-05T12:04:52","slug":"harmobauble","status":"publish","type":"product","link":"https:\/\/promis.ro\/ro\/produs\/harmobauble\/","title":{"rendered":"HARMOBAUBLE"},"content":{"rendered":"<p>Culoare: Hanger de glob de Cr\u0103ciun din h\u00e2rtie pliabil, cu \u00eenchidere magnetic\u0103.<\/p>","protected":false},"excerpt":{"rendered":"<p>Suport pentru globuri de Cr\u0103ciun pliabil<\/p>","protected":false},"featured_media":51353,"comment_status":"open","ping_status":"closed","template":"","meta":[],"product_brand":[],"product_cat":[189],"product_tag":[],"class_list":{"0":"post-51371","1":"product","2":"type-product","3":"status-publish","4":"has-post-thumbnail","6":"product_cat-craciun","8":"first","9":"instock","10":"shipping-taxable","11":"purchasable","12":"product-type-variable"},"_links":{"self":[{"href":"https:\/\/promis.ro\/ro\/wp-json\/wp\/v2\/product\/51371","targetHints":{"allow":["GET"]}}],"collection":[{"href":"https:\/\/promis.ro\/ro\/wp-json\/wp\/v2\/product"}],"about":[{"href":"https:\/\/promis.ro\/ro\/wp-json\/wp\/v2\/types\/product"}],"replies":[{"embeddable":true,"href":"https:\/\/promis.ro\/ro\/wp-json\/wp\/v2\/comments?post=51371"}],"version-history":[{"count":1,"href":"https:\/\/promis.ro\/ro\/wp-json\/wp\/v2\/product\/51371\/revisions"}],"predecessor-version":[{"id":107794,"href":"https:\/\/promis.ro\/ro\/wp-json\/wp\/v2\/product\/51371\/revisions\/107794"}],"wp:featuredmedia":[{"embeddable":true,"href":"https:\/\/promis.ro\/ro\/wp-json\/wp\/v2\/media\/51353"}],"wp:attachment":[{"href":"https:\/\/promis.ro\/ro\/wp-json\/wp\/v2\/media?parent=51371"}],"wp:term":[{"taxonomy":"product_brand","embeddable":true,"href":"https:\/\/promis.ro\/ro\/wp-json\/wp\/v2\/product_brand?post=51371"},{"taxonomy":"product_cat","embeddable":true,"href":"https:\/\/promis.ro\/ro\/wp-json\/wp\/v2\/product_cat?post=51371"},{"taxonomy":"product_tag","embeddable":true,"href":"https:\/\/promis.ro\/ro\/wp-json\/wp\/v2\/product_tag?post=51371"}],"curies":[{"name":"wp","href":"https:\/\/api.w.org\/{rel}","templated":true}]}}