{"id":51389,"date":"2025-10-31T17:04:05","date_gmt":"2025-10-31T17:04:05","guid":{"rendered":"https:\/\/dev.promis.ro\/product\/harmotree\/"},"modified":"2025-11-05T12:05:13","modified_gmt":"2025-11-05T12:05:13","slug":"harmotree","status":"publish","type":"product","link":"https:\/\/promis.ro\/ro\/produs\/harmotree\/","title":{"rendered":"HARMOTREE"},"content":{"rendered":"<p>Coroan\u0103 de Cr\u0103ciun din h\u00e2rtie pliabil\u0103 cu \u00eenchidere magnetic\u0103. FSC reciclat 70% | P10 | FSC-C213206<\/p>","protected":false},"excerpt":{"rendered":"<p><em>Ag\u0103\u021b\u0103toare de brad din h\u00e2rtie pentru Cr\u0103ciun<\/em><\/p>","protected":false},"featured_media":51372,"comment_status":"open","ping_status":"closed","template":"","meta":[],"product_brand":[],"product_cat":[189],"product_tag":[],"class_list":{"0":"post-51389","1":"product","2":"type-product","3":"status-publish","4":"has-post-thumbnail","6":"product_cat-craciun","8":"first","9":"instock","10":"shipping-taxable","11":"purchasable","12":"product-type-variable"},"_links":{"self":[{"href":"https:\/\/promis.ro\/ro\/wp-json\/wp\/v2\/product\/51389","targetHints":{"allow":["GET"]}}],"collection":[{"href":"https:\/\/promis.ro\/ro\/wp-json\/wp\/v2\/product"}],"about":[{"href":"https:\/\/promis.ro\/ro\/wp-json\/wp\/v2\/types\/product"}],"replies":[{"embeddable":true,"href":"https:\/\/promis.ro\/ro\/wp-json\/wp\/v2\/comments?post=51389"}],"version-history":[{"count":1,"href":"https:\/\/promis.ro\/ro\/wp-json\/wp\/v2\/product\/51389\/revisions"}],"predecessor-version":[{"id":107804,"href":"https:\/\/promis.ro\/ro\/wp-json\/wp\/v2\/product\/51389\/revisions\/107804"}],"wp:featuredmedia":[{"embeddable":true,"href":"https:\/\/promis.ro\/ro\/wp-json\/wp\/v2\/media\/51372"}],"wp:attachment":[{"href":"https:\/\/promis.ro\/ro\/wp-json\/wp\/v2\/media?parent=51389"}],"wp:term":[{"taxonomy":"product_brand","embeddable":true,"href":"https:\/\/promis.ro\/ro\/wp-json\/wp\/v2\/product_brand?post=51389"},{"taxonomy":"product_cat","embeddable":true,"href":"https:\/\/promis.ro\/ro\/wp-json\/wp\/v2\/product_cat?post=51389"},{"taxonomy":"product_tag","embeddable":true,"href":"https:\/\/promis.ro\/ro\/wp-json\/wp\/v2\/product_tag?post=51389"}],"curies":[{"name":"wp","href":"https:\/\/api.w.org\/{rel}","templated":true}]}}