{"id":51419,"date":"2025-10-31T17:04:16","date_gmt":"2025-10-31T17:04:16","guid":{"rendered":"https:\/\/dev.promis.ro\/product\/sprinkle\/"},"modified":"2025-11-05T12:05:00","modified_gmt":"2025-11-05T12:05:00","slug":"sprinkle","status":"publish","type":"product","link":"https:\/\/promis.ro\/ro\/produs\/sprinkle\/","title":{"rendered":"SPRINKLE"},"content":{"rendered":"<p>Poncho din plastic pliabil cu glug\u0103 ata\u0219at\u0103, ambalat \u00eentr-un sac poliester transparent.<\/p>","protected":false},"excerpt":{"rendered":"<p>Pelerin\u0103 de ploaie pliabil\u0103 \u00een polybag<\/p>","protected":false},"featured_media":51412,"comment_status":"open","ping_status":"closed","template":"","meta":[],"product_brand":[],"product_cat":[193],"product_tag":[],"class_list":{"0":"post-51419","1":"product","2":"type-product","3":"status-publish","4":"has-post-thumbnail","6":"product_cat-ploaie-si-frig","8":"first","9":"instock","10":"shipping-taxable","11":"purchasable","12":"product-type-variable"},"_links":{"self":[{"href":"https:\/\/promis.ro\/ro\/wp-json\/wp\/v2\/product\/51419","targetHints":{"allow":["GET"]}}],"collection":[{"href":"https:\/\/promis.ro\/ro\/wp-json\/wp\/v2\/product"}],"about":[{"href":"https:\/\/promis.ro\/ro\/wp-json\/wp\/v2\/types\/product"}],"replies":[{"embeddable":true,"href":"https:\/\/promis.ro\/ro\/wp-json\/wp\/v2\/comments?post=51419"}],"version-history":[{"count":1,"href":"https:\/\/promis.ro\/ro\/wp-json\/wp\/v2\/product\/51419\/revisions"}],"predecessor-version":[{"id":107798,"href":"https:\/\/promis.ro\/ro\/wp-json\/wp\/v2\/product\/51419\/revisions\/107798"}],"wp:featuredmedia":[{"embeddable":true,"href":"https:\/\/promis.ro\/ro\/wp-json\/wp\/v2\/media\/51412"}],"wp:attachment":[{"href":"https:\/\/promis.ro\/ro\/wp-json\/wp\/v2\/media?parent=51419"}],"wp:term":[{"taxonomy":"product_brand","embeddable":true,"href":"https:\/\/promis.ro\/ro\/wp-json\/wp\/v2\/product_brand?post=51419"},{"taxonomy":"product_cat","embeddable":true,"href":"https:\/\/promis.ro\/ro\/wp-json\/wp\/v2\/product_cat?post=51419"},{"taxonomy":"product_tag","embeddable":true,"href":"https:\/\/promis.ro\/ro\/wp-json\/wp\/v2\/product_tag?post=51419"}],"curies":[{"name":"wp","href":"https:\/\/api.w.org\/{rel}","templated":true}]}}