{"id":51429,"date":"2025-10-31T17:04:21","date_gmt":"2025-10-31T17:04:21","guid":{"rendered":"https:\/\/dev.promis.ro\/product\/magic\/"},"modified":"2025-11-05T12:05:05","modified_gmt":"2025-11-05T12:05:05","slug":"magic","status":"publish","type":"product","link":"https:\/\/promis.ro\/ro\/produs\/magic\/","title":{"rendered":"MAGIC"},"content":{"rendered":"<p>Set de 6 creioane de cear\u0103 \u00een recipient transparent \u00een form\u0103 de stilou.<\/p>","protected":false},"excerpt":{"rendered":"<p>Set de 6 creioane cerate<\/p>","protected":false},"featured_media":51424,"comment_status":"open","ping_status":"closed","template":"","meta":[],"product_brand":[],"product_cat":[179],"product_tag":[],"class_list":{"0":"post-51429","1":"product","2":"type-product","3":"status-publish","4":"has-post-thumbnail","6":"product_cat-casa-si-decoratiuni","8":"first","9":"instock","10":"shipping-taxable","11":"purchasable","12":"product-type-simple"},"_links":{"self":[{"href":"https:\/\/promis.ro\/ro\/wp-json\/wp\/v2\/product\/51429","targetHints":{"allow":["GET"]}}],"collection":[{"href":"https:\/\/promis.ro\/ro\/wp-json\/wp\/v2\/product"}],"about":[{"href":"https:\/\/promis.ro\/ro\/wp-json\/wp\/v2\/types\/product"}],"replies":[{"embeddable":true,"href":"https:\/\/promis.ro\/ro\/wp-json\/wp\/v2\/comments?post=51429"}],"version-history":[{"count":1,"href":"https:\/\/promis.ro\/ro\/wp-json\/wp\/v2\/product\/51429\/revisions"}],"predecessor-version":[{"id":107800,"href":"https:\/\/promis.ro\/ro\/wp-json\/wp\/v2\/product\/51429\/revisions\/107800"}],"wp:featuredmedia":[{"embeddable":true,"href":"https:\/\/promis.ro\/ro\/wp-json\/wp\/v2\/media\/51424"}],"wp:attachment":[{"href":"https:\/\/promis.ro\/ro\/wp-json\/wp\/v2\/media?parent=51429"}],"wp:term":[{"taxonomy":"product_brand","embeddable":true,"href":"https:\/\/promis.ro\/ro\/wp-json\/wp\/v2\/product_brand?post=51429"},{"taxonomy":"product_cat","embeddable":true,"href":"https:\/\/promis.ro\/ro\/wp-json\/wp\/v2\/product_cat?post=51429"},{"taxonomy":"product_tag","embeddable":true,"href":"https:\/\/promis.ro\/ro\/wp-json\/wp\/v2\/product_tag?post=51429"}],"curies":[{"name":"wp","href":"https:\/\/api.w.org\/{rel}","templated":true}]}}