{"id":51850,"date":"2025-10-31T17:08:25","date_gmt":"2025-10-31T17:08:25","guid":{"rendered":"https:\/\/dev.promis.ro\/product\/bitra-4\/"},"modified":"2025-11-05T12:07:08","modified_gmt":"2025-11-05T12:07:08","slug":"bitra-4","status":"publish","type":"product","link":"https:\/\/promis.ro\/ro\/produs\/bitra-4\/","title":{"rendered":"BITRA 4"},"content":{"rendered":"<p>Baterie UM4 (AAA). Poate fi inserat\u0103 \u00een articol sau \u00een cutia unui articol, la un cost suplimentar \u0219i la cerere.<\/p>","protected":false},"excerpt":{"rendered":"<p>Tip baterie UM4 (AAA)<\/p>","protected":false},"featured_media":51849,"comment_status":"open","ping_status":"closed","template":"","meta":[],"product_brand":[],"product_cat":[170],"product_tag":[],"class_list":{"0":"post-51850","1":"product","2":"type-product","3":"status-publish","4":"has-post-thumbnail","6":"product_cat-tehnologie-si-accesorii","8":"first","9":"instock","10":"shipping-taxable","11":"purchasable","12":"product-type-simple"},"_links":{"self":[{"href":"https:\/\/promis.ro\/ro\/wp-json\/wp\/v2\/product\/51850","targetHints":{"allow":["GET"]}}],"collection":[{"href":"https:\/\/promis.ro\/ro\/wp-json\/wp\/v2\/product"}],"about":[{"href":"https:\/\/promis.ro\/ro\/wp-json\/wp\/v2\/types\/product"}],"replies":[{"embeddable":true,"href":"https:\/\/promis.ro\/ro\/wp-json\/wp\/v2\/comments?post=51850"}],"version-history":[{"count":1,"href":"https:\/\/promis.ro\/ro\/wp-json\/wp\/v2\/product\/51850\/revisions"}],"predecessor-version":[{"id":107857,"href":"https:\/\/promis.ro\/ro\/wp-json\/wp\/v2\/product\/51850\/revisions\/107857"}],"wp:featuredmedia":[{"embeddable":true,"href":"https:\/\/promis.ro\/ro\/wp-json\/wp\/v2\/media\/51849"}],"wp:attachment":[{"href":"https:\/\/promis.ro\/ro\/wp-json\/wp\/v2\/media?parent=51850"}],"wp:term":[{"taxonomy":"product_brand","embeddable":true,"href":"https:\/\/promis.ro\/ro\/wp-json\/wp\/v2\/product_brand?post=51850"},{"taxonomy":"product_cat","embeddable":true,"href":"https:\/\/promis.ro\/ro\/wp-json\/wp\/v2\/product_cat?post=51850"},{"taxonomy":"product_tag","embeddable":true,"href":"https:\/\/promis.ro\/ro\/wp-json\/wp\/v2\/product_tag?post=51850"}],"curies":[{"name":"wp","href":"https:\/\/api.w.org\/{rel}","templated":true}]}}