{"id":52317,"date":"2025-10-31T17:11:15","date_gmt":"2025-10-31T17:11:15","guid":{"rendered":"https:\/\/dev.promis.ro\/product\/riocolour\/"},"modified":"2025-11-05T12:08:03","modified_gmt":"2025-11-05T12:08:03","slug":"riocolour","status":"publish","type":"product","link":"https:\/\/promis.ro\/ro\/produs\/riocolour\/","title":{"rendered":"RIOCOLOUR"},"content":{"rendered":"<p>Pix cu buton din ABS cu m\u00e2ner moale. Cerneal\u0103 neagr\u0103.<\/p>","protected":false},"excerpt":{"rendered":"<p>Pix cu buton de ap\u0103sare<\/p>","protected":false},"featured_media":52306,"comment_status":"open","ping_status":"closed","template":"","meta":[],"product_brand":[],"product_cat":[175],"product_tag":[],"class_list":{"0":"post-52317","1":"product","2":"type-product","3":"status-publish","4":"has-post-thumbnail","6":"product_cat-scris","8":"first","9":"instock","10":"shipping-taxable","11":"purchasable","12":"product-type-variable"},"_links":{"self":[{"href":"https:\/\/promis.ro\/ro\/wp-json\/wp\/v2\/product\/52317","targetHints":{"allow":["GET"]}}],"collection":[{"href":"https:\/\/promis.ro\/ro\/wp-json\/wp\/v2\/product"}],"about":[{"href":"https:\/\/promis.ro\/ro\/wp-json\/wp\/v2\/types\/product"}],"replies":[{"embeddable":true,"href":"https:\/\/promis.ro\/ro\/wp-json\/wp\/v2\/comments?post=52317"}],"version-history":[{"count":1,"href":"https:\/\/promis.ro\/ro\/wp-json\/wp\/v2\/product\/52317\/revisions"}],"predecessor-version":[{"id":107884,"href":"https:\/\/promis.ro\/ro\/wp-json\/wp\/v2\/product\/52317\/revisions\/107884"}],"wp:featuredmedia":[{"embeddable":true,"href":"https:\/\/promis.ro\/ro\/wp-json\/wp\/v2\/media\/52306"}],"wp:attachment":[{"href":"https:\/\/promis.ro\/ro\/wp-json\/wp\/v2\/media?parent=52317"}],"wp:term":[{"taxonomy":"product_brand","embeddable":true,"href":"https:\/\/promis.ro\/ro\/wp-json\/wp\/v2\/product_brand?post=52317"},{"taxonomy":"product_cat","embeddable":true,"href":"https:\/\/promis.ro\/ro\/wp-json\/wp\/v2\/product_cat?post=52317"},{"taxonomy":"product_tag","embeddable":true,"href":"https:\/\/promis.ro\/ro\/wp-json\/wp\/v2\/product_tag?post=52317"}],"curies":[{"name":"wp","href":"https:\/\/api.w.org\/{rel}","templated":true}]}}