{"id":52345,"date":"2025-10-31T17:11:26","date_gmt":"2025-10-31T17:11:26","guid":{"rendered":"https:\/\/dev.promis.ro\/product\/terra\/"},"modified":"2025-11-05T12:08:15","modified_gmt":"2025-11-05T12:08:15","slug":"terra","status":"publish","type":"product","link":"https:\/\/promis.ro\/ro\/produs\/terra\/","title":{"rendered":"TERRA"},"content":{"rendered":"<p>Geant\u0103 sport sau de c\u0103l\u0103torie din poliester 600D cu buzunar frontal \u0219i curea de um\u0103r ajustabil\u0103 \u0219i deta\u0219abil\u0103.<\/p>","protected":false},"excerpt":{"rendered":"<p>Geant\u0103 sport sau de c\u0103l\u0103torie<\/p>","protected":false},"featured_media":52343,"comment_status":"open","ping_status":"closed","template":"","meta":[],"product_brand":[],"product_cat":[176],"product_tag":[],"class_list":{"0":"post-52345","1":"product","2":"type-product","3":"status-publish","4":"has-post-thumbnail","6":"product_cat-sport-si-aventura","8":"first","9":"instock","10":"shipping-taxable","11":"purchasable","12":"product-type-simple"},"_links":{"self":[{"href":"https:\/\/promis.ro\/ro\/wp-json\/wp\/v2\/product\/52345","targetHints":{"allow":["GET"]}}],"collection":[{"href":"https:\/\/promis.ro\/ro\/wp-json\/wp\/v2\/product"}],"about":[{"href":"https:\/\/promis.ro\/ro\/wp-json\/wp\/v2\/types\/product"}],"replies":[{"embeddable":true,"href":"https:\/\/promis.ro\/ro\/wp-json\/wp\/v2\/comments?post=52345"}],"version-history":[{"count":1,"href":"https:\/\/promis.ro\/ro\/wp-json\/wp\/v2\/product\/52345\/revisions"}],"predecessor-version":[{"id":107890,"href":"https:\/\/promis.ro\/ro\/wp-json\/wp\/v2\/product\/52345\/revisions\/107890"}],"wp:featuredmedia":[{"embeddable":true,"href":"https:\/\/promis.ro\/ro\/wp-json\/wp\/v2\/media\/52343"}],"wp:attachment":[{"href":"https:\/\/promis.ro\/ro\/wp-json\/wp\/v2\/media?parent=52345"}],"wp:term":[{"taxonomy":"product_brand","embeddable":true,"href":"https:\/\/promis.ro\/ro\/wp-json\/wp\/v2\/product_brand?post=52345"},{"taxonomy":"product_cat","embeddable":true,"href":"https:\/\/promis.ro\/ro\/wp-json\/wp\/v2\/product_cat?post=52345"},{"taxonomy":"product_tag","embeddable":true,"href":"https:\/\/promis.ro\/ro\/wp-json\/wp\/v2\/product_tag?post=52345"}],"curies":[{"name":"wp","href":"https:\/\/api.w.org\/{rel}","templated":true}]}}