{"id":52483,"date":"2025-10-31T17:12:24","date_gmt":"2025-10-31T17:12:24","guid":{"rendered":"https:\/\/dev.promis.ro\/product\/heim\/"},"modified":"2025-11-05T12:09:04","modified_gmt":"2025-11-05T12:09:04","slug":"heim","status":"publish","type":"product","link":"https:\/\/promis.ro\/ro\/produs\/heim\/","title":{"rendered":"HEIM"},"content":{"rendered":"<p>Culoare: metal finisat periat<\/p>\n<p>Descriere: Breloc \u00een form\u0103 de cas\u0103, din metal cu finisaj periat.<\/p>","protected":false},"excerpt":{"rendered":"<p>Suport metalic pentru chei &#8211; cas\u0103<\/p>","protected":false},"featured_media":52479,"comment_status":"open","ping_status":"closed","template":"","meta":[],"product_brand":[],"product_cat":[184],"product_tag":[],"class_list":{"0":"post-52483","1":"product","2":"type-product","3":"status-publish","4":"has-post-thumbnail","6":"product_cat-unelte-pentru-bricolaj-si-masini","8":"first","9":"instock","10":"shipping-taxable","11":"purchasable","12":"product-type-simple"},"_links":{"self":[{"href":"https:\/\/promis.ro\/ro\/wp-json\/wp\/v2\/product\/52483","targetHints":{"allow":["GET"]}}],"collection":[{"href":"https:\/\/promis.ro\/ro\/wp-json\/wp\/v2\/product"}],"about":[{"href":"https:\/\/promis.ro\/ro\/wp-json\/wp\/v2\/types\/product"}],"replies":[{"embeddable":true,"href":"https:\/\/promis.ro\/ro\/wp-json\/wp\/v2\/comments?post=52483"}],"version-history":[{"count":1,"href":"https:\/\/promis.ro\/ro\/wp-json\/wp\/v2\/product\/52483\/revisions"}],"predecessor-version":[{"id":107913,"href":"https:\/\/promis.ro\/ro\/wp-json\/wp\/v2\/product\/52483\/revisions\/107913"}],"wp:featuredmedia":[{"embeddable":true,"href":"https:\/\/promis.ro\/ro\/wp-json\/wp\/v2\/media\/52479"}],"wp:attachment":[{"href":"https:\/\/promis.ro\/ro\/wp-json\/wp\/v2\/media?parent=52483"}],"wp:term":[{"taxonomy":"product_brand","embeddable":true,"href":"https:\/\/promis.ro\/ro\/wp-json\/wp\/v2\/product_brand?post=52483"},{"taxonomy":"product_cat","embeddable":true,"href":"https:\/\/promis.ro\/ro\/wp-json\/wp\/v2\/product_cat?post=52483"},{"taxonomy":"product_tag","embeddable":true,"href":"https:\/\/promis.ro\/ro\/wp-json\/wp\/v2\/product_tag?post=52483"}],"curies":[{"name":"wp","href":"https:\/\/api.w.org\/{rel}","templated":true}]}}