{"id":52490,"date":"2025-10-31T17:12:27","date_gmt":"2025-10-31T17:12:27","guid":{"rendered":"https:\/\/dev.promis.ro\/product\/bermonds\/"},"modified":"2025-11-05T12:09:02","modified_gmt":"2025-11-05T12:09:02","slug":"bermonds","status":"publish","type":"product","link":"https:\/\/promis.ro\/ro\/produs\/bermonds\/","title":{"rendered":"BERMONDS"},"content":{"rendered":"<p>Dispenser de ment\u0103 pentru acas\u0103. 8 grame de ment\u0103 incluse.<\/p>","protected":false},"excerpt":{"rendered":"<p>Dispenser de ment\u0103<\/p>","protected":false},"featured_media":52484,"comment_status":"open","ping_status":"closed","template":"","meta":[],"product_brand":[],"product_cat":[173],"product_tag":[],"class_list":{"0":"post-52490","1":"product","2":"type-product","3":"status-publish","4":"has-post-thumbnail","6":"product_cat-takeaway","8":"first","9":"instock","10":"shipping-taxable","11":"purchasable","12":"product-type-simple"},"_links":{"self":[{"href":"https:\/\/promis.ro\/ro\/wp-json\/wp\/v2\/product\/52490","targetHints":{"allow":["GET"]}}],"collection":[{"href":"https:\/\/promis.ro\/ro\/wp-json\/wp\/v2\/product"}],"about":[{"href":"https:\/\/promis.ro\/ro\/wp-json\/wp\/v2\/types\/product"}],"replies":[{"embeddable":true,"href":"https:\/\/promis.ro\/ro\/wp-json\/wp\/v2\/comments?post=52490"}],"version-history":[{"count":1,"href":"https:\/\/promis.ro\/ro\/wp-json\/wp\/v2\/product\/52490\/revisions"}],"predecessor-version":[{"id":107912,"href":"https:\/\/promis.ro\/ro\/wp-json\/wp\/v2\/product\/52490\/revisions\/107912"}],"wp:featuredmedia":[{"embeddable":true,"href":"https:\/\/promis.ro\/ro\/wp-json\/wp\/v2\/media\/52484"}],"wp:attachment":[{"href":"https:\/\/promis.ro\/ro\/wp-json\/wp\/v2\/media?parent=52490"}],"wp:term":[{"taxonomy":"product_brand","embeddable":true,"href":"https:\/\/promis.ro\/ro\/wp-json\/wp\/v2\/product_brand?post=52490"},{"taxonomy":"product_cat","embeddable":true,"href":"https:\/\/promis.ro\/ro\/wp-json\/wp\/v2\/product_cat?post=52490"},{"taxonomy":"product_tag","embeddable":true,"href":"https:\/\/promis.ro\/ro\/wp-json\/wp\/v2\/product_tag?post=52490"}],"curies":[{"name":"wp","href":"https:\/\/api.w.org\/{rel}","templated":true}]}}