{"id":52511,"date":"2025-10-31T17:12:36","date_gmt":"2025-10-31T17:12:36","guid":{"rendered":"https:\/\/dev.promis.ro\/product\/chocky\/"},"modified":"2025-11-05T12:09:12","modified_gmt":"2025-11-05T12:09:12","slug":"chocky","status":"publish","type":"product","link":"https:\/\/promis.ro\/ro\/produs\/chocky\/","title":{"rendered":"CHOCKY"},"content":{"rendered":"<p>Ciocolat\u0103 \u00een suport de sticl\u0103, 40 de grame.<\/p>","protected":false},"excerpt":{"rendered":"<p>Ciocolat\u0103 \u00een suport de sticl\u0103<\/p>","protected":false},"featured_media":52507,"comment_status":"open","ping_status":"closed","template":"","meta":[],"product_brand":[],"product_cat":[173],"product_tag":[],"class_list":{"0":"post-52511","1":"product","2":"type-product","3":"status-publish","4":"has-post-thumbnail","6":"product_cat-takeaway","8":"first","9":"instock","10":"shipping-taxable","11":"purchasable","12":"product-type-simple"},"_links":{"self":[{"href":"https:\/\/promis.ro\/ro\/wp-json\/wp\/v2\/product\/52511","targetHints":{"allow":["GET"]}}],"collection":[{"href":"https:\/\/promis.ro\/ro\/wp-json\/wp\/v2\/product"}],"about":[{"href":"https:\/\/promis.ro\/ro\/wp-json\/wp\/v2\/types\/product"}],"replies":[{"embeddable":true,"href":"https:\/\/promis.ro\/ro\/wp-json\/wp\/v2\/comments?post=52511"}],"version-history":[{"count":1,"href":"https:\/\/promis.ro\/ro\/wp-json\/wp\/v2\/product\/52511\/revisions"}],"predecessor-version":[{"id":107917,"href":"https:\/\/promis.ro\/ro\/wp-json\/wp\/v2\/product\/52511\/revisions\/107917"}],"wp:featuredmedia":[{"embeddable":true,"href":"https:\/\/promis.ro\/ro\/wp-json\/wp\/v2\/media\/52507"}],"wp:attachment":[{"href":"https:\/\/promis.ro\/ro\/wp-json\/wp\/v2\/media?parent=52511"}],"wp:term":[{"taxonomy":"product_brand","embeddable":true,"href":"https:\/\/promis.ro\/ro\/wp-json\/wp\/v2\/product_brand?post=52511"},{"taxonomy":"product_cat","embeddable":true,"href":"https:\/\/promis.ro\/ro\/wp-json\/wp\/v2\/product_cat?post=52511"},{"taxonomy":"product_tag","embeddable":true,"href":"https:\/\/promis.ro\/ro\/wp-json\/wp\/v2\/product_tag?post=52511"}],"curies":[{"name":"wp","href":"https:\/\/api.w.org\/{rel}","templated":true}]}}