{"id":52527,"date":"2025-10-31T17:12:42","date_gmt":"2025-10-31T17:12:42","guid":{"rendered":"https:\/\/dev.promis.ro\/product\/olympia\/"},"modified":"2025-11-05T12:09:10","modified_gmt":"2025-11-05T12:09:10","slug":"olympia","status":"publish","type":"product","link":"https:\/\/promis.ro\/ro\/produs\/olympia\/","title":{"rendered":"OLYMPIA"},"content":{"rendered":"<p>Pix cu bil\u0103 din metal cu finisaj lucios \u00een cutie de cadou din carton. Cerneal\u0103 neagr\u0103.<\/p>","protected":false},"excerpt":{"rendered":"<p>Pix cu bil\u0103 \u00een cutie cadou<\/p>","protected":false},"featured_media":52523,"comment_status":"open","ping_status":"closed","template":"","meta":[],"product_brand":[],"product_cat":[175],"product_tag":[],"class_list":{"0":"post-52527","1":"product","2":"type-product","3":"status-publish","4":"has-post-thumbnail","6":"product_cat-scris","8":"first","9":"instock","10":"shipping-taxable","11":"purchasable","12":"product-type-simple"},"_links":{"self":[{"href":"https:\/\/promis.ro\/ro\/wp-json\/wp\/v2\/product\/52527","targetHints":{"allow":["GET"]}}],"collection":[{"href":"https:\/\/promis.ro\/ro\/wp-json\/wp\/v2\/product"}],"about":[{"href":"https:\/\/promis.ro\/ro\/wp-json\/wp\/v2\/types\/product"}],"replies":[{"embeddable":true,"href":"https:\/\/promis.ro\/ro\/wp-json\/wp\/v2\/comments?post=52527"}],"version-history":[{"count":1,"href":"https:\/\/promis.ro\/ro\/wp-json\/wp\/v2\/product\/52527\/revisions"}],"predecessor-version":[{"id":107916,"href":"https:\/\/promis.ro\/ro\/wp-json\/wp\/v2\/product\/52527\/revisions\/107916"}],"wp:featuredmedia":[{"embeddable":true,"href":"https:\/\/promis.ro\/ro\/wp-json\/wp\/v2\/media\/52523"}],"wp:attachment":[{"href":"https:\/\/promis.ro\/ro\/wp-json\/wp\/v2\/media?parent=52527"}],"wp:term":[{"taxonomy":"product_brand","embeddable":true,"href":"https:\/\/promis.ro\/ro\/wp-json\/wp\/v2\/product_brand?post=52527"},{"taxonomy":"product_cat","embeddable":true,"href":"https:\/\/promis.ro\/ro\/wp-json\/wp\/v2\/product_cat?post=52527"},{"taxonomy":"product_tag","embeddable":true,"href":"https:\/\/promis.ro\/ro\/wp-json\/wp\/v2\/product_tag?post=52527"}],"curies":[{"name":"wp","href":"https:\/\/api.w.org\/{rel}","templated":true}]}}