{"id":52549,"date":"2025-10-31T17:12:51","date_gmt":"2025-10-31T17:12:51","guid":{"rendered":"https:\/\/dev.promis.ro\/product\/fanny\/"},"modified":"2025-11-05T12:10:34","modified_gmt":"2025-11-05T12:10:34","slug":"fanny","status":"publish","type":"product","link":"https:\/\/promis.ro\/ro\/produs\/fanny\/","title":{"rendered":"FANNY"},"content":{"rendered":"<p>Evaporarea rapid\u0103 a transpira\u021biei este acum la \u00eendem\u00e2n\u0103 cu acest evantai manual elegant. Ideal pentru zilele c\u0103lduroase de var\u0103 sau pentru evenimente speciale, acest evantai este at\u00e2t practic, c\u00e2t \u0219i stilat.<\/p>\n<p> <strong>Caracteristici:<\/strong> <\/p>\n<ul>\n<li>Dimensiune: 23 cm lungime<\/li>\n<li>Material: plastic de \u00eenalt\u0103 calitate<\/li>\n<li>Culoare: disponibil \u00een mai multe nuan\u021be<\/li>\n<li>Design: compact \u0219i u\u0219or de transportat<\/li>\n<\/ul>\n<p>Fie c\u0103 te afli la plaj\u0103, la un festival sau pur \u0219i simplu acas\u0103, acest evantai manual este accesoriul perfect pentru a te men\u021bine r\u0103coros. U\u0219or de utilizat, \u00eel po\u021bi deschide \u0219i \u00eenchide cu o singur\u0103 m\u00e2n\u0103.<\/p>\n<p> <strong>\u00cengrijire:<\/strong> <\/p>\n<p>Cur\u0103\u021ba\u021bi cu o c\u00e2rp\u0103 umed\u0103 \u0219i evita\u021bi expunerea prelungit\u0103 la soare pentru a men\u021bine culorile vibrante.<\/p>","protected":false},"excerpt":{"rendered":"<p>Evantai manual<\/p>","protected":false},"featured_media":52533,"comment_status":"open","ping_status":"closed","template":"","meta":[],"product_brand":[],"product_cat":[176],"product_tag":[],"class_list":{"0":"post-52549","1":"product","2":"type-product","3":"status-publish","4":"has-post-thumbnail","6":"product_cat-sport-si-aventura","8":"first","9":"instock","10":"shipping-taxable","11":"purchasable","12":"product-type-variable"},"_links":{"self":[{"href":"https:\/\/promis.ro\/ro\/wp-json\/wp\/v2\/product\/52549","targetHints":{"allow":["GET"]}}],"collection":[{"href":"https:\/\/promis.ro\/ro\/wp-json\/wp\/v2\/product"}],"about":[{"href":"https:\/\/promis.ro\/ro\/wp-json\/wp\/v2\/types\/product"}],"replies":[{"embeddable":true,"href":"https:\/\/promis.ro\/ro\/wp-json\/wp\/v2\/comments?post=52549"}],"version-history":[{"count":1,"href":"https:\/\/promis.ro\/ro\/wp-json\/wp\/v2\/product\/52549\/revisions"}],"predecessor-version":[{"id":107956,"href":"https:\/\/promis.ro\/ro\/wp-json\/wp\/v2\/product\/52549\/revisions\/107956"}],"wp:featuredmedia":[{"embeddable":true,"href":"https:\/\/promis.ro\/ro\/wp-json\/wp\/v2\/media\/52533"}],"wp:attachment":[{"href":"https:\/\/promis.ro\/ro\/wp-json\/wp\/v2\/media?parent=52549"}],"wp:term":[{"taxonomy":"product_brand","embeddable":true,"href":"https:\/\/promis.ro\/ro\/wp-json\/wp\/v2\/product_brand?post=52549"},{"taxonomy":"product_cat","embeddable":true,"href":"https:\/\/promis.ro\/ro\/wp-json\/wp\/v2\/product_cat?post=52549"},{"taxonomy":"product_tag","embeddable":true,"href":"https:\/\/promis.ro\/ro\/wp-json\/wp\/v2\/product_tag?post=52549"}],"curies":[{"name":"wp","href":"https:\/\/api.w.org\/{rel}","templated":true}]}}