{"id":53073,"date":"2025-10-31T17:16:21","date_gmt":"2025-10-31T17:16:21","guid":{"rendered":"https:\/\/dev.promis.ro\/product\/blancos-4\/"},"modified":"2025-11-05T12:10:28","modified_gmt":"2025-11-05T12:10:28","slug":"blancos-4","status":"publish","type":"product","link":"https:\/\/promis.ro\/ro\/produs\/blancos-4\/","title":{"rendered":"BLANCOS"},"content":{"rendered":"<p>Adida\u0219i u\u0219ori din PU cu talp\u0103 din cauciuc \u0219i \u0219ireturi din poliester. M\u0103rime: 40. Prezentat \u00een cutie alb\u0103 pentru \u00eenc\u0103l\u021b\u0103minte. Adida\u0219ii sunt furniza\u021bi cu \u0219ireturi doar trecute prin primele 2 orificii.<\/p>","protected":false},"excerpt":{"rendered":"<p>Adida\u0219i din PU 40<\/p>","protected":false},"featured_media":53065,"comment_status":"open","ping_status":"closed","template":"","meta":[],"product_brand":[],"product_cat":[191],"product_tag":[],"class_list":{"0":"post-53073","1":"product","2":"type-product","3":"status-publish","4":"has-post-thumbnail","6":"product_cat-textile","8":"first","9":"instock","10":"shipping-taxable","11":"purchasable","12":"product-type-simple"},"_links":{"self":[{"href":"https:\/\/promis.ro\/ro\/wp-json\/wp\/v2\/product\/53073","targetHints":{"allow":["GET"]}}],"collection":[{"href":"https:\/\/promis.ro\/ro\/wp-json\/wp\/v2\/product"}],"about":[{"href":"https:\/\/promis.ro\/ro\/wp-json\/wp\/v2\/types\/product"}],"replies":[{"embeddable":true,"href":"https:\/\/promis.ro\/ro\/wp-json\/wp\/v2\/comments?post=53073"}],"version-history":[{"count":1,"href":"https:\/\/promis.ro\/ro\/wp-json\/wp\/v2\/product\/53073\/revisions"}],"predecessor-version":[{"id":107953,"href":"https:\/\/promis.ro\/ro\/wp-json\/wp\/v2\/product\/53073\/revisions\/107953"}],"wp:featuredmedia":[{"embeddable":true,"href":"https:\/\/promis.ro\/ro\/wp-json\/wp\/v2\/media\/53065"}],"wp:attachment":[{"href":"https:\/\/promis.ro\/ro\/wp-json\/wp\/v2\/media?parent=53073"}],"wp:term":[{"taxonomy":"product_brand","embeddable":true,"href":"https:\/\/promis.ro\/ro\/wp-json\/wp\/v2\/product_brand?post=53073"},{"taxonomy":"product_cat","embeddable":true,"href":"https:\/\/promis.ro\/ro\/wp-json\/wp\/v2\/product_cat?post=53073"},{"taxonomy":"product_tag","embeddable":true,"href":"https:\/\/promis.ro\/ro\/wp-json\/wp\/v2\/product_tag?post=53073"}],"curies":[{"name":"wp","href":"https:\/\/api.w.org\/{rel}","templated":true}]}}