{"id":53090,"date":"2025-10-31T17:16:27","date_gmt":"2025-10-31T17:16:27","guid":{"rendered":"https:\/\/dev.promis.ro\/product\/blancos-6\/"},"modified":"2025-11-05T12:10:36","modified_gmt":"2025-11-05T12:10:36","slug":"blancos-6","status":"publish","type":"product","link":"https:\/\/promis.ro\/ro\/produs\/blancos-6\/","title":{"rendered":"BLANCOS"},"content":{"rendered":"<p>Adida\u0219i u\u0219ori din PU cu talp\u0103 din cauciuc \u0219i \u0219ireturi din poliester. M\u0103rime: 42. Prezentat \u00eentr-o cutie alb\u0103 pentru \u00eenc\u0103l\u021b\u0103minte. Adida\u0219ii sunt furniza\u021bi cu \u0219ireturi doar trecute prin primele 2 g\u0103uri.<\/p>","protected":false},"excerpt":{"rendered":"<p>Adida\u0219i din PU 42<\/p>","protected":false},"featured_media":53082,"comment_status":"open","ping_status":"closed","template":"","meta":[],"product_brand":[],"product_cat":[191],"product_tag":[],"class_list":{"0":"post-53090","1":"product","2":"type-product","3":"status-publish","4":"has-post-thumbnail","6":"product_cat-textile","8":"first","9":"instock","10":"shipping-taxable","11":"purchasable","12":"product-type-simple"},"_links":{"self":[{"href":"https:\/\/promis.ro\/ro\/wp-json\/wp\/v2\/product\/53090","targetHints":{"allow":["GET"]}}],"collection":[{"href":"https:\/\/promis.ro\/ro\/wp-json\/wp\/v2\/product"}],"about":[{"href":"https:\/\/promis.ro\/ro\/wp-json\/wp\/v2\/types\/product"}],"replies":[{"embeddable":true,"href":"https:\/\/promis.ro\/ro\/wp-json\/wp\/v2\/comments?post=53090"}],"version-history":[{"count":1,"href":"https:\/\/promis.ro\/ro\/wp-json\/wp\/v2\/product\/53090\/revisions"}],"predecessor-version":[{"id":107957,"href":"https:\/\/promis.ro\/ro\/wp-json\/wp\/v2\/product\/53090\/revisions\/107957"}],"wp:featuredmedia":[{"embeddable":true,"href":"https:\/\/promis.ro\/ro\/wp-json\/wp\/v2\/media\/53082"}],"wp:attachment":[{"href":"https:\/\/promis.ro\/ro\/wp-json\/wp\/v2\/media?parent=53090"}],"wp:term":[{"taxonomy":"product_brand","embeddable":true,"href":"https:\/\/promis.ro\/ro\/wp-json\/wp\/v2\/product_brand?post=53090"},{"taxonomy":"product_cat","embeddable":true,"href":"https:\/\/promis.ro\/ro\/wp-json\/wp\/v2\/product_cat?post=53090"},{"taxonomy":"product_tag","embeddable":true,"href":"https:\/\/promis.ro\/ro\/wp-json\/wp\/v2\/product_tag?post=53090"}],"curies":[{"name":"wp","href":"https:\/\/api.w.org\/{rel}","templated":true}]}}