{"id":53122,"date":"2025-10-31T17:16:43","date_gmt":"2025-10-31T17:16:43","guid":{"rendered":"https:\/\/dev.promis.ro\/product\/hana\/"},"modified":"2025-11-05T12:10:46","modified_gmt":"2025-11-05T12:10:46","slug":"hana","status":"publish","type":"product","link":"https:\/\/promis.ro\/ro\/produs\/hana\/","title":{"rendered":"HANA"},"content":{"rendered":"<p>Rucsac pentru laptop de 15 inch din poliester 600D RPET. 3 compartimente externe mari cu fermoar, complet c\u0103ptu\u0219ite, cu mai multe buzunare interioare. Are dou\u0103 buzunare laterale din plas\u0103. Bretele de um\u0103r ajustabile. C\u0103ptu\u0219eal\u0103 din plas\u0103 pentru aerisire \u0219i suport pentru trolley pe partea din spate.<\/p>","protected":false},"excerpt":{"rendered":"<p><strong>Rucsac pentru laptop 600D RPET<\/strong><\/p>","protected":false},"featured_media":53115,"comment_status":"open","ping_status":"closed","template":"","meta":[],"product_brand":[],"product_cat":[178],"product_tag":[],"class_list":{"0":"post-53122","1":"product","2":"type-product","3":"status-publish","4":"has-post-thumbnail","6":"product_cat-calatorit","8":"first","9":"instock","10":"shipping-taxable","11":"purchasable","12":"product-type-simple"},"_links":{"self":[{"href":"https:\/\/promis.ro\/ro\/wp-json\/wp\/v2\/product\/53122","targetHints":{"allow":["GET"]}}],"collection":[{"href":"https:\/\/promis.ro\/ro\/wp-json\/wp\/v2\/product"}],"about":[{"href":"https:\/\/promis.ro\/ro\/wp-json\/wp\/v2\/types\/product"}],"replies":[{"embeddable":true,"href":"https:\/\/promis.ro\/ro\/wp-json\/wp\/v2\/comments?post=53122"}],"version-history":[{"count":1,"href":"https:\/\/promis.ro\/ro\/wp-json\/wp\/v2\/product\/53122\/revisions"}],"predecessor-version":[{"id":107962,"href":"https:\/\/promis.ro\/ro\/wp-json\/wp\/v2\/product\/53122\/revisions\/107962"}],"wp:featuredmedia":[{"embeddable":true,"href":"https:\/\/promis.ro\/ro\/wp-json\/wp\/v2\/media\/53115"}],"wp:attachment":[{"href":"https:\/\/promis.ro\/ro\/wp-json\/wp\/v2\/media?parent=53122"}],"wp:term":[{"taxonomy":"product_brand","embeddable":true,"href":"https:\/\/promis.ro\/ro\/wp-json\/wp\/v2\/product_brand?post=53122"},{"taxonomy":"product_cat","embeddable":true,"href":"https:\/\/promis.ro\/ro\/wp-json\/wp\/v2\/product_cat?post=53122"},{"taxonomy":"product_tag","embeddable":true,"href":"https:\/\/promis.ro\/ro\/wp-json\/wp\/v2\/product_tag?post=53122"}],"curies":[{"name":"wp","href":"https:\/\/api.w.org\/{rel}","templated":true}]}}