{"id":53130,"date":"2025-10-31T17:16:47","date_gmt":"2025-10-31T17:16:47","guid":{"rendered":"https:\/\/dev.promis.ro\/product\/rocky\/"},"modified":"2025-11-05T12:10:48","modified_gmt":"2025-11-05T12:10:48","slug":"rocky","status":"publish","type":"product","link":"https:\/\/promis.ro\/ro\/produs\/rocky\/","title":{"rendered":"ROCKY"},"content":{"rendered":"<p>Geant\u0103 pentru laptop de 15 inch din poliester 600D RPET. 2 compartimente interioare principale pentru at\u00e2t laptop, c\u00e2t \u0219i tablet\u0103, \u0219i un mare buzunar frontal cu fermoar. Are un mic buzunar cu fermoar. Bretele de um\u0103r deta\u0219abile \u0219i ajustabile. Suport pentru trolley pe partea din spate.<\/p>","protected":false},"excerpt":{"rendered":"<p>Geant\u0103 pentru laptop 600 RPET<\/p>","protected":false},"featured_media":53123,"comment_status":"open","ping_status":"closed","template":"","meta":[],"product_brand":[],"product_cat":[178],"product_tag":[],"class_list":{"0":"post-53130","1":"product","2":"type-product","3":"status-publish","4":"has-post-thumbnail","6":"product_cat-calatorit","8":"first","9":"instock","10":"shipping-taxable","11":"purchasable","12":"product-type-simple"},"_links":{"self":[{"href":"https:\/\/promis.ro\/ro\/wp-json\/wp\/v2\/product\/53130","targetHints":{"allow":["GET"]}}],"collection":[{"href":"https:\/\/promis.ro\/ro\/wp-json\/wp\/v2\/product"}],"about":[{"href":"https:\/\/promis.ro\/ro\/wp-json\/wp\/v2\/types\/product"}],"replies":[{"embeddable":true,"href":"https:\/\/promis.ro\/ro\/wp-json\/wp\/v2\/comments?post=53130"}],"version-history":[{"count":1,"href":"https:\/\/promis.ro\/ro\/wp-json\/wp\/v2\/product\/53130\/revisions"}],"predecessor-version":[{"id":107963,"href":"https:\/\/promis.ro\/ro\/wp-json\/wp\/v2\/product\/53130\/revisions\/107963"}],"wp:featuredmedia":[{"embeddable":true,"href":"https:\/\/promis.ro\/ro\/wp-json\/wp\/v2\/media\/53123"}],"wp:attachment":[{"href":"https:\/\/promis.ro\/ro\/wp-json\/wp\/v2\/media?parent=53130"}],"wp:term":[{"taxonomy":"product_brand","embeddable":true,"href":"https:\/\/promis.ro\/ro\/wp-json\/wp\/v2\/product_brand?post=53130"},{"taxonomy":"product_cat","embeddable":true,"href":"https:\/\/promis.ro\/ro\/wp-json\/wp\/v2\/product_cat?post=53130"},{"taxonomy":"product_tag","embeddable":true,"href":"https:\/\/promis.ro\/ro\/wp-json\/wp\/v2\/product_tag?post=53130"}],"curies":[{"name":"wp","href":"https:\/\/api.w.org\/{rel}","templated":true}]}}