{"id":53168,"date":"2025-10-31T17:17:02","date_gmt":"2025-10-31T17:17:02","guid":{"rendered":"https:\/\/dev.promis.ro\/product\/valley-duffle\/"},"modified":"2025-11-05T12:10:54","modified_gmt":"2025-11-05T12:10:54","slug":"valley-duffle","status":"publish","type":"product","link":"https:\/\/promis.ro\/ro\/produs\/valley-duffle\/","title":{"rendered":"VALLEY DUFFLE"},"content":{"rendered":"<p>geant\u0103 sportiv\u0103 sau de c\u0103l\u0103torie mare din poliester 300D RPET. Compartiment principal cu fermoar lateral pentru r\u0103cire \u0219i alte compartimente. Partea inferioar\u0103 de \u00eent\u0103rire deta\u0219abil\u0103 \u0219i curea de um\u0103r ajustabil\u0103 \u0219i deta\u0219abil\u0103.<\/p>","protected":false},"excerpt":{"rendered":"<p>Geant\u0103 sport mare din 300D RPET<\/p>","protected":false},"featured_media":53161,"comment_status":"open","ping_status":"closed","template":"","meta":[],"product_brand":[],"product_cat":[176],"product_tag":[],"class_list":{"0":"post-53168","1":"product","2":"type-product","3":"status-publish","4":"has-post-thumbnail","6":"product_cat-sport-si-aventura","8":"first","9":"instock","10":"shipping-taxable","11":"purchasable","12":"product-type-simple"},"_links":{"self":[{"href":"https:\/\/promis.ro\/ro\/wp-json\/wp\/v2\/product\/53168","targetHints":{"allow":["GET"]}}],"collection":[{"href":"https:\/\/promis.ro\/ro\/wp-json\/wp\/v2\/product"}],"about":[{"href":"https:\/\/promis.ro\/ro\/wp-json\/wp\/v2\/types\/product"}],"replies":[{"embeddable":true,"href":"https:\/\/promis.ro\/ro\/wp-json\/wp\/v2\/comments?post=53168"}],"version-history":[{"count":1,"href":"https:\/\/promis.ro\/ro\/wp-json\/wp\/v2\/product\/53168\/revisions"}],"predecessor-version":[{"id":107966,"href":"https:\/\/promis.ro\/ro\/wp-json\/wp\/v2\/product\/53168\/revisions\/107966"}],"wp:featuredmedia":[{"embeddable":true,"href":"https:\/\/promis.ro\/ro\/wp-json\/wp\/v2\/media\/53161"}],"wp:attachment":[{"href":"https:\/\/promis.ro\/ro\/wp-json\/wp\/v2\/media?parent=53168"}],"wp:term":[{"taxonomy":"product_brand","embeddable":true,"href":"https:\/\/promis.ro\/ro\/wp-json\/wp\/v2\/product_brand?post=53168"},{"taxonomy":"product_cat","embeddable":true,"href":"https:\/\/promis.ro\/ro\/wp-json\/wp\/v2\/product_cat?post=53168"},{"taxonomy":"product_tag","embeddable":true,"href":"https:\/\/promis.ro\/ro\/wp-json\/wp\/v2\/product_tag?post=53168"}],"curies":[{"name":"wp","href":"https:\/\/api.w.org\/{rel}","templated":true}]}}