{"id":55768,"date":"2025-10-31T17:34:10","date_gmt":"2025-10-31T17:34:10","guid":{"rendered":"https:\/\/dev.promis.ro\/product\/bai-backpack\/"},"modified":"2025-11-05T12:17:10","modified_gmt":"2025-11-05T12:17:10","slug":"bai-backpack","status":"publish","type":"product","link":"https:\/\/promis.ro\/ro\/produs\/bai-backpack\/","title":{"rendered":"BAI BACKPACK"},"content":{"rendered":"<pre>Rucsac pentru laptop de 15 inch din PU moale, cu spate c\u0103ptu\u0219it \u0219i baz\u0103 \u00eent\u0103rit\u0103. Buzunar frontal cu fermoar. C\u0103ptu\u0219eala este din 210D RPET.<\/pre>","protected":false},"excerpt":{"rendered":"<p>Rucsac moale din PU pentru laptop de 15&#8243;<\/p>","protected":false},"featured_media":55750,"comment_status":"open","ping_status":"closed","template":"","meta":[],"product_brand":[],"product_cat":[169],"product_tag":[],"class_list":{"0":"post-55768","1":"product","2":"type-product","3":"status-publish","4":"has-post-thumbnail","6":"product_cat-ghiozdane","8":"first","9":"instock","10":"shipping-taxable","11":"purchasable","12":"product-type-variable"},"_links":{"self":[{"href":"https:\/\/promis.ro\/ro\/wp-json\/wp\/v2\/product\/55768","targetHints":{"allow":["GET"]}}],"collection":[{"href":"https:\/\/promis.ro\/ro\/wp-json\/wp\/v2\/product"}],"about":[{"href":"https:\/\/promis.ro\/ro\/wp-json\/wp\/v2\/types\/product"}],"replies":[{"embeddable":true,"href":"https:\/\/promis.ro\/ro\/wp-json\/wp\/v2\/comments?post=55768"}],"version-history":[{"count":2,"href":"https:\/\/promis.ro\/ro\/wp-json\/wp\/v2\/product\/55768\/revisions"}],"predecessor-version":[{"id":108133,"href":"https:\/\/promis.ro\/ro\/wp-json\/wp\/v2\/product\/55768\/revisions\/108133"}],"wp:featuredmedia":[{"embeddable":true,"href":"https:\/\/promis.ro\/ro\/wp-json\/wp\/v2\/media\/55750"}],"wp:attachment":[{"href":"https:\/\/promis.ro\/ro\/wp-json\/wp\/v2\/media?parent=55768"}],"wp:term":[{"taxonomy":"product_brand","embeddable":true,"href":"https:\/\/promis.ro\/ro\/wp-json\/wp\/v2\/product_brand?post=55768"},{"taxonomy":"product_cat","embeddable":true,"href":"https:\/\/promis.ro\/ro\/wp-json\/wp\/v2\/product_cat?post=55768"},{"taxonomy":"product_tag","embeddable":true,"href":"https:\/\/promis.ro\/ro\/wp-json\/wp\/v2\/product_tag?post=55768"}],"curies":[{"name":"wp","href":"https:\/\/api.w.org\/{rel}","templated":true}]}}