{"id":55826,"date":"2025-10-31T17:34:39","date_gmt":"2025-10-31T17:34:39","guid":{"rendered":"https:\/\/dev.promis.ro\/product\/fuster\/"},"modified":"2025-11-05T12:17:04","modified_gmt":"2025-11-05T12:17:04","slug":"fuster","status":"publish","type":"product","link":"https:\/\/promis.ro\/ro\/produs\/fuster\/","title":{"rendered":"FUSTER"},"content":{"rendered":"<p>Rang\u0103 pliabil\u0103 pentru t\u00e2mplari cu breloc din ABS. Lungime: 50 cm.<\/p>","protected":false},"excerpt":{"rendered":"<p>Breloc cu rigl\u0103 de t\u00e2mplar 50cm<\/p>","protected":false},"featured_media":55821,"comment_status":"open","ping_status":"closed","template":"","meta":[],"product_brand":[],"product_cat":[184],"product_tag":[],"class_list":{"0":"post-55826","1":"product","2":"type-product","3":"status-publish","4":"has-post-thumbnail","6":"product_cat-unelte-pentru-bricolaj-si-masini","8":"first","9":"instock","10":"shipping-taxable","11":"purchasable","12":"product-type-simple"},"_links":{"self":[{"href":"https:\/\/promis.ro\/ro\/wp-json\/wp\/v2\/product\/55826","targetHints":{"allow":["GET"]}}],"collection":[{"href":"https:\/\/promis.ro\/ro\/wp-json\/wp\/v2\/product"}],"about":[{"href":"https:\/\/promis.ro\/ro\/wp-json\/wp\/v2\/types\/product"}],"replies":[{"embeddable":true,"href":"https:\/\/promis.ro\/ro\/wp-json\/wp\/v2\/comments?post=55826"}],"version-history":[{"count":2,"href":"https:\/\/promis.ro\/ro\/wp-json\/wp\/v2\/product\/55826\/revisions"}],"predecessor-version":[{"id":108130,"href":"https:\/\/promis.ro\/ro\/wp-json\/wp\/v2\/product\/55826\/revisions\/108130"}],"wp:featuredmedia":[{"embeddable":true,"href":"https:\/\/promis.ro\/ro\/wp-json\/wp\/v2\/media\/55821"}],"wp:attachment":[{"href":"https:\/\/promis.ro\/ro\/wp-json\/wp\/v2\/media?parent=55826"}],"wp:term":[{"taxonomy":"product_brand","embeddable":true,"href":"https:\/\/promis.ro\/ro\/wp-json\/wp\/v2\/product_brand?post=55826"},{"taxonomy":"product_cat","embeddable":true,"href":"https:\/\/promis.ro\/ro\/wp-json\/wp\/v2\/product_cat?post=55826"},{"taxonomy":"product_tag","embeddable":true,"href":"https:\/\/promis.ro\/ro\/wp-json\/wp\/v2\/product_tag?post=55826"}],"curies":[{"name":"wp","href":"https:\/\/api.w.org\/{rel}","templated":true}]}}