{"id":55841,"date":"2025-10-31T17:34:45","date_gmt":"2025-10-31T17:34:45","guid":{"rendered":"https:\/\/dev.promis.ro\/product\/musisoft-c\/"},"modified":"2025-11-05T12:17:36","modified_gmt":"2025-11-05T12:17:36","slug":"musisoft-c","status":"publish","type":"product","link":"https:\/\/promis.ro\/ro\/produs\/musisoft-c\/","title":{"rendered":"MUSISOFT C"},"content":{"rendered":"<p>C\u0103\u0219ti acoperite cu silicon care ajut\u0103 la izolarea \u00eempotriva zgomotului extern pentru o calitate a sunetului \u00eembun\u0103t\u0103\u021bit\u0103. Func\u021bie de suport pentru telefon. Prezentate \u00eentr-o cutie din plastic \u00een care cablul de 120 cm poate fi depozitat corespunz\u0103tor. 3 capace de silicon de rezerv\u0103 \u00een dimensiuni diferite incluse. Conector: Tip-C.<\/p>","protected":false},"excerpt":{"rendered":"<p>C\u0103\u0219ti cu capace din silicon<\/p>","protected":false},"featured_media":55833,"comment_status":"open","ping_status":"closed","template":"","meta":[],"product_brand":[],"product_cat":[170],"product_tag":[],"class_list":{"0":"post-55841","1":"product","2":"type-product","3":"status-publish","4":"has-post-thumbnail","6":"product_cat-tehnologie-si-accesorii","8":"first","9":"instock","10":"shipping-taxable","11":"purchasable","12":"product-type-simple"},"_links":{"self":[{"href":"https:\/\/promis.ro\/ro\/wp-json\/wp\/v2\/product\/55841","targetHints":{"allow":["GET"]}}],"collection":[{"href":"https:\/\/promis.ro\/ro\/wp-json\/wp\/v2\/product"}],"about":[{"href":"https:\/\/promis.ro\/ro\/wp-json\/wp\/v2\/types\/product"}],"replies":[{"embeddable":true,"href":"https:\/\/promis.ro\/ro\/wp-json\/wp\/v2\/comments?post=55841"}],"version-history":[{"count":1,"href":"https:\/\/promis.ro\/ro\/wp-json\/wp\/v2\/product\/55841\/revisions"}],"predecessor-version":[{"id":108145,"href":"https:\/\/promis.ro\/ro\/wp-json\/wp\/v2\/product\/55841\/revisions\/108145"}],"wp:featuredmedia":[{"embeddable":true,"href":"https:\/\/promis.ro\/ro\/wp-json\/wp\/v2\/media\/55833"}],"wp:attachment":[{"href":"https:\/\/promis.ro\/ro\/wp-json\/wp\/v2\/media?parent=55841"}],"wp:term":[{"taxonomy":"product_brand","embeddable":true,"href":"https:\/\/promis.ro\/ro\/wp-json\/wp\/v2\/product_brand?post=55841"},{"taxonomy":"product_cat","embeddable":true,"href":"https:\/\/promis.ro\/ro\/wp-json\/wp\/v2\/product_cat?post=55841"},{"taxonomy":"product_tag","embeddable":true,"href":"https:\/\/promis.ro\/ro\/wp-json\/wp\/v2\/product_tag?post=55841"}],"curies":[{"name":"wp","href":"https:\/\/api.w.org\/{rel}","templated":true}]}}