{"id":55877,"date":"2025-10-31T17:35:01","date_gmt":"2025-10-31T17:35:01","guid":{"rendered":"https:\/\/dev.promis.ro\/product\/bira\/"},"modified":"2025-11-05T12:17:29","modified_gmt":"2025-11-05T12:17:29","slug":"bira","status":"publish","type":"product","link":"https:\/\/promis.ro\/ro\/produs\/bira\/","title":{"rendered":"BIRA"},"content":{"rendered":"<p>Sticl\u0103 din o\u021bel inoxidabil cu un singur perete, cu capac din PP \u0219i c\u00e2rlig din silicon. Capacitate: 650 ml. Deoarece aceasta este o sticl\u0103 cu un singur perete, transferul de c\u0103ldur\u0103 poate avea loc.<\/p>","protected":false},"excerpt":{"rendered":"<p>Sticl\u0103 din o\u021bel inoxidabil 650ml<\/p>","protected":false},"featured_media":55842,"comment_status":"open","ping_status":"closed","template":"","meta":[],"product_brand":[],"product_cat":[172],"product_tag":[],"class_list":{"0":"post-55877","1":"product","2":"type-product","3":"status-publish","4":"has-post-thumbnail","6":"product_cat-cani-borcane-si-thermosuri","8":"first","9":"instock","10":"shipping-taxable","11":"purchasable","12":"product-type-variable"},"_links":{"self":[{"href":"https:\/\/promis.ro\/ro\/wp-json\/wp\/v2\/product\/55877","targetHints":{"allow":["GET"]}}],"collection":[{"href":"https:\/\/promis.ro\/ro\/wp-json\/wp\/v2\/product"}],"about":[{"href":"https:\/\/promis.ro\/ro\/wp-json\/wp\/v2\/types\/product"}],"replies":[{"embeddable":true,"href":"https:\/\/promis.ro\/ro\/wp-json\/wp\/v2\/comments?post=55877"}],"version-history":[{"count":1,"href":"https:\/\/promis.ro\/ro\/wp-json\/wp\/v2\/product\/55877\/revisions"}],"predecessor-version":[{"id":108142,"href":"https:\/\/promis.ro\/ro\/wp-json\/wp\/v2\/product\/55877\/revisions\/108142"}],"wp:featuredmedia":[{"embeddable":true,"href":"https:\/\/promis.ro\/ro\/wp-json\/wp\/v2\/media\/55842"}],"wp:attachment":[{"href":"https:\/\/promis.ro\/ro\/wp-json\/wp\/v2\/media?parent=55877"}],"wp:term":[{"taxonomy":"product_brand","embeddable":true,"href":"https:\/\/promis.ro\/ro\/wp-json\/wp\/v2\/product_brand?post=55877"},{"taxonomy":"product_cat","embeddable":true,"href":"https:\/\/promis.ro\/ro\/wp-json\/wp\/v2\/product_cat?post=55877"},{"taxonomy":"product_tag","embeddable":true,"href":"https:\/\/promis.ro\/ro\/wp-json\/wp\/v2\/product_tag?post=55877"}],"curies":[{"name":"wp","href":"https:\/\/api.w.org\/{rel}","templated":true}]}}