{"id":55891,"date":"2025-10-31T17:35:07","date_gmt":"2025-10-31T17:35:07","guid":{"rendered":"https:\/\/dev.promis.ro\/product\/visicoat\/"},"modified":"2025-11-05T12:17:22","modified_gmt":"2025-11-05T12:17:22","slug":"visicoat","status":"publish","type":"product","link":"https:\/\/promis.ro\/ro\/produs\/visicoat\/","title":{"rendered":"VISICOAT"},"content":{"rendered":"<p>Vesta de siguran\u021b\u0103 fabricat\u0103 din 100% poliester tricotat cu band\u0103 reflectorizant\u0103 de \u00eenalt\u0103 vizibilitate Class2. EN ISO 20471.<\/p>","protected":false},"excerpt":{"rendered":"<p>Vest\u0103 din material tricotat<\/p>","protected":false},"featured_media":55886,"comment_status":"open","ping_status":"closed","template":"","meta":[],"product_brand":[],"product_cat":[184],"product_tag":[],"class_list":{"0":"post-55891","1":"product","2":"type-product","3":"status-publish","4":"has-post-thumbnail","6":"product_cat-unelte-pentru-bricolaj-si-masini","8":"first","9":"instock","10":"shipping-taxable","11":"purchasable","12":"product-type-variable"},"_links":{"self":[{"href":"https:\/\/promis.ro\/ro\/wp-json\/wp\/v2\/product\/55891","targetHints":{"allow":["GET"]}}],"collection":[{"href":"https:\/\/promis.ro\/ro\/wp-json\/wp\/v2\/product"}],"about":[{"href":"https:\/\/promis.ro\/ro\/wp-json\/wp\/v2\/types\/product"}],"replies":[{"embeddable":true,"href":"https:\/\/promis.ro\/ro\/wp-json\/wp\/v2\/comments?post=55891"}],"version-history":[{"count":1,"href":"https:\/\/promis.ro\/ro\/wp-json\/wp\/v2\/product\/55891\/revisions"}],"predecessor-version":[{"id":108139,"href":"https:\/\/promis.ro\/ro\/wp-json\/wp\/v2\/product\/55891\/revisions\/108139"}],"wp:featuredmedia":[{"embeddable":true,"href":"https:\/\/promis.ro\/ro\/wp-json\/wp\/v2\/media\/55886"}],"wp:attachment":[{"href":"https:\/\/promis.ro\/ro\/wp-json\/wp\/v2\/media?parent=55891"}],"wp:term":[{"taxonomy":"product_brand","embeddable":true,"href":"https:\/\/promis.ro\/ro\/wp-json\/wp\/v2\/product_brand?post=55891"},{"taxonomy":"product_cat","embeddable":true,"href":"https:\/\/promis.ro\/ro\/wp-json\/wp\/v2\/product_cat?post=55891"},{"taxonomy":"product_tag","embeddable":true,"href":"https:\/\/promis.ro\/ro\/wp-json\/wp\/v2\/product_tag?post=55891"}],"curies":[{"name":"wp","href":"https:\/\/api.w.org\/{rel}","templated":true}]}}