{"id":55934,"date":"2025-10-31T17:35:27","date_gmt":"2025-10-31T17:35:27","guid":{"rendered":"https:\/\/dev.promis.ro\/product\/funfan\/"},"modified":"2025-11-05T12:17:24","modified_gmt":"2025-11-05T12:17:24","slug":"funfan","status":"publish","type":"product","link":"https:\/\/promis.ro\/ro\/produs\/funfan\/","title":{"rendered":"FUNFAN"},"content":{"rendered":"<p>Evantai manual din bambus cu design de steag pe \u021bes\u0103tur\u0103 de h\u00e2rtie.<\/p>","protected":false},"excerpt":{"rendered":"<p>Design cu steag pentru ventilator manual<\/p>","protected":false},"featured_media":55892,"comment_status":"open","ping_status":"closed","template":"","meta":[],"product_brand":[],"product_cat":[176],"product_tag":[],"class_list":{"0":"post-55934","1":"product","2":"type-product","3":"status-publish","4":"has-post-thumbnail","6":"product_cat-sport-si-aventura","8":"first","9":"instock","10":"shipping-taxable","11":"purchasable","12":"product-type-variable"},"_links":{"self":[{"href":"https:\/\/promis.ro\/ro\/wp-json\/wp\/v2\/product\/55934","targetHints":{"allow":["GET"]}}],"collection":[{"href":"https:\/\/promis.ro\/ro\/wp-json\/wp\/v2\/product"}],"about":[{"href":"https:\/\/promis.ro\/ro\/wp-json\/wp\/v2\/types\/product"}],"replies":[{"embeddable":true,"href":"https:\/\/promis.ro\/ro\/wp-json\/wp\/v2\/comments?post=55934"}],"version-history":[{"count":1,"href":"https:\/\/promis.ro\/ro\/wp-json\/wp\/v2\/product\/55934\/revisions"}],"predecessor-version":[{"id":108140,"href":"https:\/\/promis.ro\/ro\/wp-json\/wp\/v2\/product\/55934\/revisions\/108140"}],"wp:featuredmedia":[{"embeddable":true,"href":"https:\/\/promis.ro\/ro\/wp-json\/wp\/v2\/media\/55892"}],"wp:attachment":[{"href":"https:\/\/promis.ro\/ro\/wp-json\/wp\/v2\/media?parent=55934"}],"wp:term":[{"taxonomy":"product_brand","embeddable":true,"href":"https:\/\/promis.ro\/ro\/wp-json\/wp\/v2\/product_brand?post=55934"},{"taxonomy":"product_cat","embeddable":true,"href":"https:\/\/promis.ro\/ro\/wp-json\/wp\/v2\/product_cat?post=55934"},{"taxonomy":"product_tag","embeddable":true,"href":"https:\/\/promis.ro\/ro\/wp-json\/wp\/v2\/product_tag?post=55934"}],"curies":[{"name":"wp","href":"https:\/\/api.w.org\/{rel}","templated":true}]}}