{"id":56225,"date":"2025-10-31T17:37:36","date_gmt":"2025-10-31T17:37:36","guid":{"rendered":"https:\/\/dev.promis.ro\/product\/canova-2\/"},"modified":"2025-11-05T12:18:39","modified_gmt":"2025-11-05T12:18:39","slug":"canova-2","status":"publish","type":"product","link":"https:\/\/promis.ro\/ro\/produs\/canova-2\/","title":{"rendered":"CANOVA"},"content":{"rendered":"<p>Umbrel\u0103 automat\u0103 cu deschidere\/\u00eenchidere 3 pliuri de 23 inch, rezistent\u0103 la v\u00e2nt, din pongee dublu stratificat 190T, cu model interior \u00een carouri. Cadru \u0219i tij\u0103 placate cu negru. Parte central\u0103 din fibr\u0103 de sticl\u0103 neagr\u0103, cu dou\u0103 sec\u021biuni, placat\u0103 cu nichel. M\u00e2nere curbat din lemn.<\/p>","protected":false},"excerpt":{"rendered":"<p>Umbrela pliabil\u0103 de 23 inch<\/p>","protected":false},"featured_media":56216,"comment_status":"open","ping_status":"closed","template":"","meta":[],"product_brand":[],"product_cat":[193],"product_tag":[],"class_list":{"0":"post-56225","1":"product","2":"type-product","3":"status-publish","4":"has-post-thumbnail","6":"product_cat-ploaie-si-frig","8":"first","9":"instock","10":"shipping-taxable","11":"purchasable","12":"product-type-simple"},"_links":{"self":[{"href":"https:\/\/promis.ro\/ro\/wp-json\/wp\/v2\/product\/56225","targetHints":{"allow":["GET"]}}],"collection":[{"href":"https:\/\/promis.ro\/ro\/wp-json\/wp\/v2\/product"}],"about":[{"href":"https:\/\/promis.ro\/ro\/wp-json\/wp\/v2\/types\/product"}],"replies":[{"embeddable":true,"href":"https:\/\/promis.ro\/ro\/wp-json\/wp\/v2\/comments?post=56225"}],"version-history":[{"count":1,"href":"https:\/\/promis.ro\/ro\/wp-json\/wp\/v2\/product\/56225\/revisions"}],"predecessor-version":[{"id":108175,"href":"https:\/\/promis.ro\/ro\/wp-json\/wp\/v2\/product\/56225\/revisions\/108175"}],"wp:featuredmedia":[{"embeddable":true,"href":"https:\/\/promis.ro\/ro\/wp-json\/wp\/v2\/media\/56216"}],"wp:attachment":[{"href":"https:\/\/promis.ro\/ro\/wp-json\/wp\/v2\/media?parent=56225"}],"wp:term":[{"taxonomy":"product_brand","embeddable":true,"href":"https:\/\/promis.ro\/ro\/wp-json\/wp\/v2\/product_brand?post=56225"},{"taxonomy":"product_cat","embeddable":true,"href":"https:\/\/promis.ro\/ro\/wp-json\/wp\/v2\/product_cat?post=56225"},{"taxonomy":"product_tag","embeddable":true,"href":"https:\/\/promis.ro\/ro\/wp-json\/wp\/v2\/product_tag?post=56225"}],"curies":[{"name":"wp","href":"https:\/\/api.w.org\/{rel}","templated":true}]}}