{"id":56272,"date":"2025-10-31T17:37:58","date_gmt":"2025-10-31T17:37:58","guid":{"rendered":"https:\/\/dev.promis.ro\/product\/bilgola-2\/"},"modified":"2025-11-05T12:18:18","modified_gmt":"2025-11-05T12:18:18","slug":"bilgola-2","status":"publish","type":"product","link":"https:\/\/promis.ro\/ro\/produs\/bilgola-2\/","title":{"rendered":"BILGOLA+"},"content":{"rendered":"<p>\u0218apc\u0103 tip p\u0103l\u0103rie din paie de h\u00e2rtie.<\/p>","protected":false},"excerpt":{"rendered":"<p>\u0218apc\u0103 tip bucket din paie de h\u00e2rtie<\/p>","protected":false},"featured_media":56257,"comment_status":"open","ping_status":"closed","template":"","meta":[],"product_brand":[],"product_cat":[191],"product_tag":[],"class_list":{"0":"post-56272","1":"product","2":"type-product","3":"status-publish","4":"has-post-thumbnail","6":"product_cat-textile","8":"first","9":"instock","10":"shipping-taxable","11":"purchasable","12":"product-type-variable"},"_links":{"self":[{"href":"https:\/\/promis.ro\/ro\/wp-json\/wp\/v2\/product\/56272","targetHints":{"allow":["GET"]}}],"collection":[{"href":"https:\/\/promis.ro\/ro\/wp-json\/wp\/v2\/product"}],"about":[{"href":"https:\/\/promis.ro\/ro\/wp-json\/wp\/v2\/types\/product"}],"replies":[{"embeddable":true,"href":"https:\/\/promis.ro\/ro\/wp-json\/wp\/v2\/comments?post=56272"}],"version-history":[{"count":1,"href":"https:\/\/promis.ro\/ro\/wp-json\/wp\/v2\/product\/56272\/revisions"}],"predecessor-version":[{"id":108165,"href":"https:\/\/promis.ro\/ro\/wp-json\/wp\/v2\/product\/56272\/revisions\/108165"}],"wp:featuredmedia":[{"embeddable":true,"href":"https:\/\/promis.ro\/ro\/wp-json\/wp\/v2\/media\/56257"}],"wp:attachment":[{"href":"https:\/\/promis.ro\/ro\/wp-json\/wp\/v2\/media?parent=56272"}],"wp:term":[{"taxonomy":"product_brand","embeddable":true,"href":"https:\/\/promis.ro\/ro\/wp-json\/wp\/v2\/product_brand?post=56272"},{"taxonomy":"product_cat","embeddable":true,"href":"https:\/\/promis.ro\/ro\/wp-json\/wp\/v2\/product_cat?post=56272"},{"taxonomy":"product_tag","embeddable":true,"href":"https:\/\/promis.ro\/ro\/wp-json\/wp\/v2\/product_tag?post=56272"}],"curies":[{"name":"wp","href":"https:\/\/api.w.org\/{rel}","templated":true}]}}