{"id":56337,"date":"2025-10-31T17:38:38","date_gmt":"2025-10-31T17:38:38","guid":{"rendered":"https:\/\/dev.promis.ro\/product\/bubble\/"},"modified":"2025-11-05T12:18:26","modified_gmt":"2025-11-05T12:18:26","slug":"bubble","status":"publish","type":"product","link":"https:\/\/promis.ro\/ro\/produs\/bubble\/","title":{"rendered":"BUBBLE"},"content":{"rendered":"<pre>5 panouri \u015fapc\u0103 de camion cu poliester 140-150 gr\/m\u00b2 cu \u00eenchidere ajustabil\u0103 din plastic. Panou frontal alb \u015fi vizor colorat din jerseu de poliester cu spum\u0103 de suport. Alte panouri din plas\u0103 colorat\u0103. M\u0103rimea 7 1\/4.<\/pre>","protected":false},"excerpt":{"rendered":"<p><strong>\u0218apc\u0103 de camionagiu<\/strong><\/p>","protected":false},"featured_media":56281,"comment_status":"open","ping_status":"closed","template":"","meta":[],"product_brand":[],"product_cat":[186],"product_tag":[],"class_list":{"0":"post-56337","1":"product","2":"type-product","3":"status-publish","4":"has-post-thumbnail","6":"product_cat-sepci-si-palarii","8":"first","9":"instock","10":"shipping-taxable","11":"purchasable","12":"product-type-variable"},"_links":{"self":[{"href":"https:\/\/promis.ro\/ro\/wp-json\/wp\/v2\/product\/56337","targetHints":{"allow":["GET"]}}],"collection":[{"href":"https:\/\/promis.ro\/ro\/wp-json\/wp\/v2\/product"}],"about":[{"href":"https:\/\/promis.ro\/ro\/wp-json\/wp\/v2\/types\/product"}],"replies":[{"embeddable":true,"href":"https:\/\/promis.ro\/ro\/wp-json\/wp\/v2\/comments?post=56337"}],"version-history":[{"count":1,"href":"https:\/\/promis.ro\/ro\/wp-json\/wp\/v2\/product\/56337\/revisions"}],"predecessor-version":[{"id":108169,"href":"https:\/\/promis.ro\/ro\/wp-json\/wp\/v2\/product\/56337\/revisions\/108169"}],"wp:featuredmedia":[{"embeddable":true,"href":"https:\/\/promis.ro\/ro\/wp-json\/wp\/v2\/media\/56281"}],"wp:attachment":[{"href":"https:\/\/promis.ro\/ro\/wp-json\/wp\/v2\/media?parent=56337"}],"wp:term":[{"taxonomy":"product_brand","embeddable":true,"href":"https:\/\/promis.ro\/ro\/wp-json\/wp\/v2\/product_brand?post=56337"},{"taxonomy":"product_cat","embeddable":true,"href":"https:\/\/promis.ro\/ro\/wp-json\/wp\/v2\/product_cat?post=56337"},{"taxonomy":"product_tag","embeddable":true,"href":"https:\/\/promis.ro\/ro\/wp-json\/wp\/v2\/product_tag?post=56337"}],"curies":[{"name":"wp","href":"https:\/\/api.w.org\/{rel}","templated":true}]}}