{"id":56360,"date":"2025-10-31T17:38:48","date_gmt":"2025-10-31T17:38:48","guid":{"rendered":"https:\/\/dev.promis.ro\/product\/arta\/"},"modified":"2025-11-05T12:18:43","modified_gmt":"2025-11-05T12:18:43","slug":"arta","status":"publish","type":"product","link":"https:\/\/promis.ro\/ro\/produs\/arta\/","title":{"rendered":"ARTA"},"content":{"rendered":"<p>Ceas inteligent de s\u0103n\u0103tate wireless 5.0 din ABS cu br\u0103\u021bar\u0103 din silicon. Ecran LCD tactil de 0,96 inch. Baterie re\u00eenc\u0103rcabil\u0103 Li-Pol de 90 mAh. Necesit\u0103 o aplica\u021bie gratuit\u0103 (HryFine disponibil\u0103 at\u00e2t pentru iOS, c\u00e2t \u0219i pentru Android).<\/p>","protected":false},"excerpt":{"rendered":"<p>Ceas de s\u0103n\u0103tate wireless inteligent<\/p>","protected":false},"featured_media":56338,"comment_status":"open","ping_status":"closed","template":"","meta":[],"product_brand":[],"product_cat":[170],"product_tag":[],"class_list":{"0":"post-56360","1":"product","2":"type-product","3":"status-publish","4":"has-post-thumbnail","6":"product_cat-tehnologie-si-accesorii","8":"first","9":"instock","10":"shipping-taxable","11":"purchasable","12":"product-type-variable"},"_links":{"self":[{"href":"https:\/\/promis.ro\/ro\/wp-json\/wp\/v2\/product\/56360","targetHints":{"allow":["GET"]}}],"collection":[{"href":"https:\/\/promis.ro\/ro\/wp-json\/wp\/v2\/product"}],"about":[{"href":"https:\/\/promis.ro\/ro\/wp-json\/wp\/v2\/types\/product"}],"replies":[{"embeddable":true,"href":"https:\/\/promis.ro\/ro\/wp-json\/wp\/v2\/comments?post=56360"}],"version-history":[{"count":1,"href":"https:\/\/promis.ro\/ro\/wp-json\/wp\/v2\/product\/56360\/revisions"}],"predecessor-version":[{"id":108177,"href":"https:\/\/promis.ro\/ro\/wp-json\/wp\/v2\/product\/56360\/revisions\/108177"}],"wp:featuredmedia":[{"embeddable":true,"href":"https:\/\/promis.ro\/ro\/wp-json\/wp\/v2\/media\/56338"}],"wp:attachment":[{"href":"https:\/\/promis.ro\/ro\/wp-json\/wp\/v2\/media?parent=56360"}],"wp:term":[{"taxonomy":"product_brand","embeddable":true,"href":"https:\/\/promis.ro\/ro\/wp-json\/wp\/v2\/product_brand?post=56360"},{"taxonomy":"product_cat","embeddable":true,"href":"https:\/\/promis.ro\/ro\/wp-json\/wp\/v2\/product_cat?post=56360"},{"taxonomy":"product_tag","embeddable":true,"href":"https:\/\/promis.ro\/ro\/wp-json\/wp\/v2\/product_tag?post=56360"}],"curies":[{"name":"wp","href":"https:\/\/api.w.org\/{rel}","templated":true}]}}