{"id":66030,"date":"2025-10-31T18:53:26","date_gmt":"2025-10-31T18:53:26","guid":{"rendered":"https:\/\/dev.promis.ro\/product\/setstraw\/"},"modified":"2025-11-05T12:36:26","modified_gmt":"2025-11-05T12:36:26","slug":"setstraw","status":"publish","type":"product","link":"https:\/\/promis.ro\/ro\/produs\/setstraw\/","title":{"rendered":"SETSTRAW"},"content":{"rendered":"<p>Set de tac\u00e2muri reutilizabile din bambus \u00een pachet din p\u00e2nz\u0103. Include cu\u021bit, furculi\u021b\u0103, lingur\u0103 \u0219i pai, \u00eempreun\u0103 cu o perie din o\u021bel inoxidabil. Bambusul este un produs natural, pot exista varia\u021bii u\u0219oare \u00een culoare \u0219i dimensiune pentru fiecare articol, ceea ce poate afecta rezultatul final al decor\u0103rii.<\/p>","protected":false},"excerpt":{"rendered":"<p>Set de tac\u00e2muri din bambus cu pai<\/p>","protected":false},"featured_media":66025,"comment_status":"open","ping_status":"closed","template":"","meta":[],"product_brand":[],"product_cat":[179],"product_tag":[],"class_list":{"0":"post-66030","1":"product","2":"type-product","3":"status-publish","4":"has-post-thumbnail","6":"product_cat-casa-si-decoratiuni","8":"first","9":"instock","10":"shipping-taxable","11":"purchasable","12":"product-type-simple"},"_links":{"self":[{"href":"https:\/\/promis.ro\/ro\/wp-json\/wp\/v2\/product\/66030","targetHints":{"allow":["GET"]}}],"collection":[{"href":"https:\/\/promis.ro\/ro\/wp-json\/wp\/v2\/product"}],"about":[{"href":"https:\/\/promis.ro\/ro\/wp-json\/wp\/v2\/types\/product"}],"replies":[{"embeddable":true,"href":"https:\/\/promis.ro\/ro\/wp-json\/wp\/v2\/comments?post=66030"}],"version-history":[{"count":1,"href":"https:\/\/promis.ro\/ro\/wp-json\/wp\/v2\/product\/66030\/revisions"}],"predecessor-version":[{"id":108646,"href":"https:\/\/promis.ro\/ro\/wp-json\/wp\/v2\/product\/66030\/revisions\/108646"}],"wp:featuredmedia":[{"embeddable":true,"href":"https:\/\/promis.ro\/ro\/wp-json\/wp\/v2\/media\/66025"}],"wp:attachment":[{"href":"https:\/\/promis.ro\/ro\/wp-json\/wp\/v2\/media?parent=66030"}],"wp:term":[{"taxonomy":"product_brand","embeddable":true,"href":"https:\/\/promis.ro\/ro\/wp-json\/wp\/v2\/product_brand?post=66030"},{"taxonomy":"product_cat","embeddable":true,"href":"https:\/\/promis.ro\/ro\/wp-json\/wp\/v2\/product_cat?post=66030"},{"taxonomy":"product_tag","embeddable":true,"href":"https:\/\/promis.ro\/ro\/wp-json\/wp\/v2\/product_tag?post=66030"}],"curies":[{"name":"wp","href":"https:\/\/api.w.org\/{rel}","templated":true}]}}