{"id":66285,"date":"2025-10-31T18:55:44","date_gmt":"2025-10-31T18:55:44","guid":{"rendered":"https:\/\/dev.promis.ro\/product\/naima-cosmetic\/"},"modified":"2025-11-05T12:37:35","modified_gmt":"2025-11-05T12:37:35","slug":"naima-cosmetic","status":"publish","type":"product","link":"https:\/\/promis.ro\/ro\/produs\/naima-cosmetic\/","title":{"rendered":"NAIMA COSMETIC"},"content":{"rendered":"<p>Geant\u0103 cosmetic\u0103 cu fermoar dublu. 100% \u021bes\u0103tur\u0103 din c\u00e2nep\u0103. 200 gr\/m\u00b2.<\/p>","protected":false},"excerpt":{"rendered":"<p>Geant\u0103 de toalet\u0103 din c\u00e2nep\u0103 200 gr\/m\u00b2<\/p>","protected":false},"featured_media":66275,"comment_status":"open","ping_status":"closed","template":"","meta":[],"product_brand":[],"product_cat":[181],"product_tag":[],"class_list":{"0":"post-66285","1":"product","2":"type-product","3":"status-publish","4":"has-post-thumbnail","6":"product_cat-ingrijire-personala-si-farmaceutica","8":"first","9":"instock","10":"shipping-taxable","11":"purchasable","12":"product-type-variable"},"_links":{"self":[{"href":"https:\/\/promis.ro\/ro\/wp-json\/wp\/v2\/product\/66285","targetHints":{"allow":["GET"]}}],"collection":[{"href":"https:\/\/promis.ro\/ro\/wp-json\/wp\/v2\/product"}],"about":[{"href":"https:\/\/promis.ro\/ro\/wp-json\/wp\/v2\/types\/product"}],"replies":[{"embeddable":true,"href":"https:\/\/promis.ro\/ro\/wp-json\/wp\/v2\/comments?post=66285"}],"version-history":[{"count":1,"href":"https:\/\/promis.ro\/ro\/wp-json\/wp\/v2\/product\/66285\/revisions"}],"predecessor-version":[{"id":108679,"href":"https:\/\/promis.ro\/ro\/wp-json\/wp\/v2\/product\/66285\/revisions\/108679"}],"wp:featuredmedia":[{"embeddable":true,"href":"https:\/\/promis.ro\/ro\/wp-json\/wp\/v2\/media\/66275"}],"wp:attachment":[{"href":"https:\/\/promis.ro\/ro\/wp-json\/wp\/v2\/media?parent=66285"}],"wp:term":[{"taxonomy":"product_brand","embeddable":true,"href":"https:\/\/promis.ro\/ro\/wp-json\/wp\/v2\/product_brand?post=66285"},{"taxonomy":"product_cat","embeddable":true,"href":"https:\/\/promis.ro\/ro\/wp-json\/wp\/v2\/product_cat?post=66285"},{"taxonomy":"product_tag","embeddable":true,"href":"https:\/\/promis.ro\/ro\/wp-json\/wp\/v2\/product_tag?post=66285"}],"curies":[{"name":"wp","href":"https:\/\/api.w.org\/{rel}","templated":true}]}}