{"id":66303,"date":"2025-10-31T18:55:53","date_gmt":"2025-10-31T18:55:53","guid":{"rendered":"https:\/\/dev.promis.ro\/product\/montecool\/"},"modified":"2025-11-05T12:37:37","modified_gmt":"2025-11-05T12:37:37","slug":"montecool","status":"publish","type":"product","link":"https:\/\/promis.ro\/ro\/produs\/montecool\/","title":{"rendered":"MONTECOOL"},"content":{"rendered":"<p>Geant\u0103 frigorific\u0103 sau rucsac pentru picnic \u00een aer liber \u00een 2 tonuri din 600D RPET, inclusiv accesorii pentru mas\u0103 pentru 2 persoane. Are cu\u021bit din o\u021bel inoxidabil, furculi\u021b\u0103, lingur\u0103 \u0219i can\u0103 din PP.<\/p>","protected":false},"excerpt":{"rendered":"<p>Geant\u0103 de r\u0103cire pentru exterior 600D RPET<\/p>","protected":false},"featured_media":66286,"comment_status":"open","ping_status":"closed","template":"","meta":[],"product_brand":[],"product_cat":[169],"product_tag":[],"class_list":{"0":"post-66303","1":"product","2":"type-product","3":"status-publish","4":"has-post-thumbnail","6":"product_cat-ghiozdane","8":"first","9":"instock","10":"shipping-taxable","11":"purchasable","12":"product-type-variable"},"_links":{"self":[{"href":"https:\/\/promis.ro\/ro\/wp-json\/wp\/v2\/product\/66303","targetHints":{"allow":["GET"]}}],"collection":[{"href":"https:\/\/promis.ro\/ro\/wp-json\/wp\/v2\/product"}],"about":[{"href":"https:\/\/promis.ro\/ro\/wp-json\/wp\/v2\/types\/product"}],"replies":[{"embeddable":true,"href":"https:\/\/promis.ro\/ro\/wp-json\/wp\/v2\/comments?post=66303"}],"version-history":[{"count":1,"href":"https:\/\/promis.ro\/ro\/wp-json\/wp\/v2\/product\/66303\/revisions"}],"predecessor-version":[{"id":108680,"href":"https:\/\/promis.ro\/ro\/wp-json\/wp\/v2\/product\/66303\/revisions\/108680"}],"wp:featuredmedia":[{"embeddable":true,"href":"https:\/\/promis.ro\/ro\/wp-json\/wp\/v2\/media\/66286"}],"wp:attachment":[{"href":"https:\/\/promis.ro\/ro\/wp-json\/wp\/v2\/media?parent=66303"}],"wp:term":[{"taxonomy":"product_brand","embeddable":true,"href":"https:\/\/promis.ro\/ro\/wp-json\/wp\/v2\/product_brand?post=66303"},{"taxonomy":"product_cat","embeddable":true,"href":"https:\/\/promis.ro\/ro\/wp-json\/wp\/v2\/product_cat?post=66303"},{"taxonomy":"product_tag","embeddable":true,"href":"https:\/\/promis.ro\/ro\/wp-json\/wp\/v2\/product_tag?post=66303"}],"curies":[{"name":"wp","href":"https:\/\/api.w.org\/{rel}","templated":true}]}}