{"id":66311,"date":"2025-10-31T18:55:57","date_gmt":"2025-10-31T18:55:57","guid":{"rendered":"https:\/\/dev.promis.ro\/product\/utah-touch\/"},"modified":"2025-11-05T12:37:20","modified_gmt":"2025-11-05T12:37:20","slug":"utah-touch","status":"publish","type":"product","link":"https:\/\/promis.ro\/ro\/produs\/utah-touch\/","title":{"rendered":"UTAH TOUCH"},"content":{"rendered":"<p>Sticl\u0103 de b\u0103ut din sticl\u0103 cu hus\u0103 din material mixt neopren \u0219i jute. Capacitate: 500 ml. Nu este potrivit\u0103 pentru b\u0103uturi carbogazoase. F\u0103r\u0103 scurgeri.<\/p>","protected":false},"excerpt":{"rendered":"<p>Sticl\u0103 de sticl\u0103 \u00een pouch 500ml<\/p>","protected":false},"featured_media":66304,"comment_status":"open","ping_status":"closed","template":"","meta":[],"product_brand":[],"product_cat":[172],"product_tag":[],"class_list":{"0":"post-66311","1":"product","2":"type-product","3":"status-publish","4":"has-post-thumbnail","6":"product_cat-cani-borcane-si-thermosuri","8":"first","9":"instock","10":"shipping-taxable","11":"purchasable","12":"product-type-simple"},"_links":{"self":[{"href":"https:\/\/promis.ro\/ro\/wp-json\/wp\/v2\/product\/66311","targetHints":{"allow":["GET"]}}],"collection":[{"href":"https:\/\/promis.ro\/ro\/wp-json\/wp\/v2\/product"}],"about":[{"href":"https:\/\/promis.ro\/ro\/wp-json\/wp\/v2\/types\/product"}],"replies":[{"embeddable":true,"href":"https:\/\/promis.ro\/ro\/wp-json\/wp\/v2\/comments?post=66311"}],"version-history":[{"count":1,"href":"https:\/\/promis.ro\/ro\/wp-json\/wp\/v2\/product\/66311\/revisions"}],"predecessor-version":[{"id":108672,"href":"https:\/\/promis.ro\/ro\/wp-json\/wp\/v2\/product\/66311\/revisions\/108672"}],"wp:featuredmedia":[{"embeddable":true,"href":"https:\/\/promis.ro\/ro\/wp-json\/wp\/v2\/media\/66304"}],"wp:attachment":[{"href":"https:\/\/promis.ro\/ro\/wp-json\/wp\/v2\/media?parent=66311"}],"wp:term":[{"taxonomy":"product_brand","embeddable":true,"href":"https:\/\/promis.ro\/ro\/wp-json\/wp\/v2\/product_brand?post=66311"},{"taxonomy":"product_cat","embeddable":true,"href":"https:\/\/promis.ro\/ro\/wp-json\/wp\/v2\/product_cat?post=66311"},{"taxonomy":"product_tag","embeddable":true,"href":"https:\/\/promis.ro\/ro\/wp-json\/wp\/v2\/product_tag?post=66311"}],"curies":[{"name":"wp","href":"https:\/\/api.w.org\/{rel}","templated":true}]}}