{"id":66319,"date":"2025-10-31T18:56:02","date_gmt":"2025-10-31T18:56:02","guid":{"rendered":"https:\/\/dev.promis.ro\/product\/pole-glass\/"},"modified":"2025-11-05T12:37:24","modified_gmt":"2025-11-05T12:37:24","slug":"pole-glass","status":"publish","type":"product","link":"https:\/\/promis.ro\/ro\/produs\/pole-glass\/","title":{"rendered":"POLE GLASS"},"content":{"rendered":"<p>Sticl\u0103 din sticl\u0103 borosilicat\u0103 cu dou\u0103 pere\u021bi. Are un termometru cu LED tactil \u00eencorporat \u00een partea superioar\u0103 a capacului \u0219i un infuzor de ceai \u00een interior. 1 baterie CR2032 \u00eenlocuibil\u0103 inclus\u0103. F\u0103r\u0103 scurgeri. Capacitate: 390 ml. F\u0103r\u0103 scurgeri.<\/p>","protected":false},"excerpt":{"rendered":"<p>Sticl\u0103 cu termometru tactil<\/p>","protected":false},"featured_media":66312,"comment_status":"open","ping_status":"closed","template":"","meta":[],"product_brand":[],"product_cat":[172],"product_tag":[],"class_list":{"0":"post-66319","1":"product","2":"type-product","3":"status-publish","4":"has-post-thumbnail","6":"product_cat-cani-borcane-si-thermosuri","8":"first","9":"outofstock","10":"shipping-taxable","11":"purchasable","12":"product-type-simple"},"_links":{"self":[{"href":"https:\/\/promis.ro\/ro\/wp-json\/wp\/v2\/product\/66319","targetHints":{"allow":["GET"]}}],"collection":[{"href":"https:\/\/promis.ro\/ro\/wp-json\/wp\/v2\/product"}],"about":[{"href":"https:\/\/promis.ro\/ro\/wp-json\/wp\/v2\/types\/product"}],"replies":[{"embeddable":true,"href":"https:\/\/promis.ro\/ro\/wp-json\/wp\/v2\/comments?post=66319"}],"version-history":[{"count":1,"href":"https:\/\/promis.ro\/ro\/wp-json\/wp\/v2\/product\/66319\/revisions"}],"predecessor-version":[{"id":108674,"href":"https:\/\/promis.ro\/ro\/wp-json\/wp\/v2\/product\/66319\/revisions\/108674"}],"wp:featuredmedia":[{"embeddable":true,"href":"https:\/\/promis.ro\/ro\/wp-json\/wp\/v2\/media\/66312"}],"wp:attachment":[{"href":"https:\/\/promis.ro\/ro\/wp-json\/wp\/v2\/media?parent=66319"}],"wp:term":[{"taxonomy":"product_brand","embeddable":true,"href":"https:\/\/promis.ro\/ro\/wp-json\/wp\/v2\/product_brand?post=66319"},{"taxonomy":"product_cat","embeddable":true,"href":"https:\/\/promis.ro\/ro\/wp-json\/wp\/v2\/product_cat?post=66319"},{"taxonomy":"product_tag","embeddable":true,"href":"https:\/\/promis.ro\/ro\/wp-json\/wp\/v2\/product_tag?post=66319"}],"curies":[{"name":"wp","href":"https:\/\/api.w.org\/{rel}","templated":true}]}}