{"id":66362,"date":"2025-10-31T18:56:24","date_gmt":"2025-10-31T18:56:24","guid":{"rendered":"https:\/\/dev.promis.ro\/product\/paper-tone-s\/"},"modified":"2025-11-05T12:37:33","modified_gmt":"2025-11-05T12:37:33","slug":"paper-tone-s","status":"publish","type":"product","link":"https:\/\/promis.ro\/ro\/produs\/paper-tone-s\/","title":{"rendered":"PAPER TONE S"},"content":{"rendered":"<p>Sac de h\u00e2rtie pentru cadouri mic. Un sac de h\u00e2rtie este o modalitate excelent\u0103 de a-\u021bi prezenta cadoul. De asemenea, este convenabil de utilizat pentru a transporta articole \u00een timpul cump\u0103r\u0103turilor. 90 gr\/m\u00b2. Certificat FSC\u00ae | FSC MIX, P5.3, FSC-C213206<\/p>","protected":false},"excerpt":{"rendered":"<p>Sac de cadou mic 90 gr\/m\u00b2<\/p>","protected":false},"featured_media":66329,"comment_status":"open","ping_status":"closed","template":"","meta":[],"product_brand":[],"product_cat":[174],"product_tag":[],"class_list":{"0":"post-66362","1":"product","2":"type-product","3":"status-publish","4":"has-post-thumbnail","6":"product_cat-pungi","8":"first","9":"instock","10":"shipping-taxable","11":"purchasable","12":"product-type-variable"},"_links":{"self":[{"href":"https:\/\/promis.ro\/ro\/wp-json\/wp\/v2\/product\/66362","targetHints":{"allow":["GET"]}}],"collection":[{"href":"https:\/\/promis.ro\/ro\/wp-json\/wp\/v2\/product"}],"about":[{"href":"https:\/\/promis.ro\/ro\/wp-json\/wp\/v2\/types\/product"}],"replies":[{"embeddable":true,"href":"https:\/\/promis.ro\/ro\/wp-json\/wp\/v2\/comments?post=66362"}],"version-history":[{"count":1,"href":"https:\/\/promis.ro\/ro\/wp-json\/wp\/v2\/product\/66362\/revisions"}],"predecessor-version":[{"id":108678,"href":"https:\/\/promis.ro\/ro\/wp-json\/wp\/v2\/product\/66362\/revisions\/108678"}],"wp:featuredmedia":[{"embeddable":true,"href":"https:\/\/promis.ro\/ro\/wp-json\/wp\/v2\/media\/66329"}],"wp:attachment":[{"href":"https:\/\/promis.ro\/ro\/wp-json\/wp\/v2\/media?parent=66362"}],"wp:term":[{"taxonomy":"product_brand","embeddable":true,"href":"https:\/\/promis.ro\/ro\/wp-json\/wp\/v2\/product_brand?post=66362"},{"taxonomy":"product_cat","embeddable":true,"href":"https:\/\/promis.ro\/ro\/wp-json\/wp\/v2\/product_cat?post=66362"},{"taxonomy":"product_tag","embeddable":true,"href":"https:\/\/promis.ro\/ro\/wp-json\/wp\/v2\/product_tag?post=66362"}],"curies":[{"name":"wp","href":"https:\/\/api.w.org\/{rel}","templated":true}]}}