{"id":66388,"date":"2025-10-31T18:56:38","date_gmt":"2025-10-31T18:56:38","guid":{"rendered":"https:\/\/dev.promis.ro\/product\/paper-tone-m\/"},"modified":"2025-11-05T12:37:46","modified_gmt":"2025-11-05T12:37:46","slug":"paper-tone-m","status":"publish","type":"product","link":"https:\/\/promis.ro\/ro\/produs\/paper-tone-m\/","title":{"rendered":"PAPER TONE M"},"content":{"rendered":"<p>Geant\u0103 de h\u00e2rtie pentru cadouri de dimensiune medie. O geant\u0103 de h\u00e2rtie este o modalitate excelent\u0103 de a prezenta cadoul t\u0103u. De asemenea, este convenabil\u0103 pentru a transporta articole \u00een timpul cump\u0103r\u0103turilor. 90 gr\/m\u00b2. Certificat\u0103 FSC\u00ae | FSC MIX, P5.3, FSC-C213206<\/p>","protected":false},"excerpt":{"rendered":"<p>Punga de cadou medie 90 gr\/m\u00b2<\/p>","protected":false},"featured_media":66363,"comment_status":"open","ping_status":"closed","template":"","meta":[],"product_brand":[],"product_cat":[174],"product_tag":[],"class_list":{"0":"post-66388","1":"product","2":"type-product","3":"status-publish","4":"has-post-thumbnail","6":"product_cat-pungi","8":"first","9":"instock","10":"shipping-taxable","11":"purchasable","12":"product-type-variable"},"_links":{"self":[{"href":"https:\/\/promis.ro\/ro\/wp-json\/wp\/v2\/product\/66388","targetHints":{"allow":["GET"]}}],"collection":[{"href":"https:\/\/promis.ro\/ro\/wp-json\/wp\/v2\/product"}],"about":[{"href":"https:\/\/promis.ro\/ro\/wp-json\/wp\/v2\/types\/product"}],"replies":[{"embeddable":true,"href":"https:\/\/promis.ro\/ro\/wp-json\/wp\/v2\/comments?post=66388"}],"version-history":[{"count":1,"href":"https:\/\/promis.ro\/ro\/wp-json\/wp\/v2\/product\/66388\/revisions"}],"predecessor-version":[{"id":108684,"href":"https:\/\/promis.ro\/ro\/wp-json\/wp\/v2\/product\/66388\/revisions\/108684"}],"wp:featuredmedia":[{"embeddable":true,"href":"https:\/\/promis.ro\/ro\/wp-json\/wp\/v2\/media\/66363"}],"wp:attachment":[{"href":"https:\/\/promis.ro\/ro\/wp-json\/wp\/v2\/media?parent=66388"}],"wp:term":[{"taxonomy":"product_brand","embeddable":true,"href":"https:\/\/promis.ro\/ro\/wp-json\/wp\/v2\/product_brand?post=66388"},{"taxonomy":"product_cat","embeddable":true,"href":"https:\/\/promis.ro\/ro\/wp-json\/wp\/v2\/product_cat?post=66388"},{"taxonomy":"product_tag","embeddable":true,"href":"https:\/\/promis.ro\/ro\/wp-json\/wp\/v2\/product_tag?post=66388"}],"curies":[{"name":"wp","href":"https:\/\/api.w.org\/{rel}","templated":true}]}}