{"id":66438,"date":"2025-10-31T18:57:06","date_gmt":"2025-10-31T18:57:06","guid":{"rendered":"https:\/\/dev.promis.ro\/product\/grusa\/"},"modified":"2025-11-05T12:37:26","modified_gmt":"2025-11-05T12:37:26","slug":"grusa","status":"publish","type":"product","link":"https:\/\/promis.ro\/ro\/produs\/grusa\/","title":{"rendered":"GRUSA"},"content":{"rendered":"<p>Umbrel\u0103 automat\u0103 de 27 inch, rezistent\u0103 la v\u00e2nt, din 190T pongee, cu tij\u0103 \u0219i nervuri din fibr\u0103 de sticl\u0103. V\u00e2rfuri \u0219i v\u00e2rf superior din plastic negru. M\u00e2nere dreptunghiulare din ABS negru cu finisaj cauciucat. \u00cenchidere manual\u0103.<\/p>","protected":false},"excerpt":{"rendered":"<p>Umbrel\u0103 rezistent\u0103 la v\u00e2nt de 27 inci<\/p>","protected":false},"featured_media":66411,"comment_status":"open","ping_status":"closed","template":"","meta":[],"product_brand":[],"product_cat":[193],"product_tag":[],"class_list":{"0":"post-66438","1":"product","2":"type-product","3":"status-publish","4":"has-post-thumbnail","6":"product_cat-ploaie-si-frig","8":"first","9":"instock","10":"shipping-taxable","11":"purchasable","12":"product-type-variable"},"_links":{"self":[{"href":"https:\/\/promis.ro\/ro\/wp-json\/wp\/v2\/product\/66438","targetHints":{"allow":["GET"]}}],"collection":[{"href":"https:\/\/promis.ro\/ro\/wp-json\/wp\/v2\/product"}],"about":[{"href":"https:\/\/promis.ro\/ro\/wp-json\/wp\/v2\/types\/product"}],"replies":[{"embeddable":true,"href":"https:\/\/promis.ro\/ro\/wp-json\/wp\/v2\/comments?post=66438"}],"version-history":[{"count":1,"href":"https:\/\/promis.ro\/ro\/wp-json\/wp\/v2\/product\/66438\/revisions"}],"predecessor-version":[{"id":108675,"href":"https:\/\/promis.ro\/ro\/wp-json\/wp\/v2\/product\/66438\/revisions\/108675"}],"wp:featuredmedia":[{"embeddable":true,"href":"https:\/\/promis.ro\/ro\/wp-json\/wp\/v2\/media\/66411"}],"wp:attachment":[{"href":"https:\/\/promis.ro\/ro\/wp-json\/wp\/v2\/media?parent=66438"}],"wp:term":[{"taxonomy":"product_brand","embeddable":true,"href":"https:\/\/promis.ro\/ro\/wp-json\/wp\/v2\/product_brand?post=66438"},{"taxonomy":"product_cat","embeddable":true,"href":"https:\/\/promis.ro\/ro\/wp-json\/wp\/v2\/product_cat?post=66438"},{"taxonomy":"product_tag","embeddable":true,"href":"https:\/\/promis.ro\/ro\/wp-json\/wp\/v2\/product_tag?post=66438"}],"curies":[{"name":"wp","href":"https:\/\/api.w.org\/{rel}","templated":true}]}}