{"id":66462,"date":"2025-10-31T18:57:20","date_gmt":"2025-10-31T18:57:20","guid":{"rendered":"https:\/\/dev.promis.ro\/product\/naima-cap\/"},"modified":"2025-11-05T12:37:50","modified_gmt":"2025-11-05T12:37:50","slug":"naima-cap","status":"publish","type":"product","link":"https:\/\/promis.ro\/ro\/produs\/naima-cap\/","title":{"rendered":"NAIMA CAP"},"content":{"rendered":"<p>\u0218apc\u0103 de baseball cu 5 panouri din \u021bes\u0103tur\u0103 100% c\u00e2nep\u0103 370 gr\/m\u00b2, cu clipsuri din alam\u0103 pe \u00eenchidere cu curea ajustabil\u0103. 5 orificii cusute \u00een culoare asortat\u0103. M\u0103rimea 7 1\/4.<\/p>","protected":false},"excerpt":{"rendered":"<p>C\u0103ciul\u0103 de baseball din c\u00e2nep\u0103 370 gr\/m\u00b2<\/p>","protected":false},"featured_media":66439,"comment_status":"open","ping_status":"closed","template":"","meta":[],"product_brand":[],"product_cat":[186],"product_tag":[],"class_list":{"0":"post-66462","1":"product","2":"type-product","3":"status-publish","4":"has-post-thumbnail","6":"product_cat-sepci-si-palarii","8":"first","9":"instock","10":"shipping-taxable","11":"purchasable","12":"product-type-variable"},"_links":{"self":[{"href":"https:\/\/promis.ro\/ro\/wp-json\/wp\/v2\/product\/66462","targetHints":{"allow":["GET"]}}],"collection":[{"href":"https:\/\/promis.ro\/ro\/wp-json\/wp\/v2\/product"}],"about":[{"href":"https:\/\/promis.ro\/ro\/wp-json\/wp\/v2\/types\/product"}],"replies":[{"embeddable":true,"href":"https:\/\/promis.ro\/ro\/wp-json\/wp\/v2\/comments?post=66462"}],"version-history":[{"count":1,"href":"https:\/\/promis.ro\/ro\/wp-json\/wp\/v2\/product\/66462\/revisions"}],"predecessor-version":[{"id":108686,"href":"https:\/\/promis.ro\/ro\/wp-json\/wp\/v2\/product\/66462\/revisions\/108686"}],"wp:featuredmedia":[{"embeddable":true,"href":"https:\/\/promis.ro\/ro\/wp-json\/wp\/v2\/media\/66439"}],"wp:attachment":[{"href":"https:\/\/promis.ro\/ro\/wp-json\/wp\/v2\/media?parent=66462"}],"wp:term":[{"taxonomy":"product_brand","embeddable":true,"href":"https:\/\/promis.ro\/ro\/wp-json\/wp\/v2\/product_brand?post=66462"},{"taxonomy":"product_cat","embeddable":true,"href":"https:\/\/promis.ro\/ro\/wp-json\/wp\/v2\/product_cat?post=66462"},{"taxonomy":"product_tag","embeddable":true,"href":"https:\/\/promis.ro\/ro\/wp-json\/wp\/v2\/product_tag?post=66462"}],"curies":[{"name":"wp","href":"https:\/\/api.w.org\/{rel}","templated":true}]}}