{"id":66778,"date":"2025-10-31T18:58:50","date_gmt":"2025-10-31T18:58:50","guid":{"rendered":"https:\/\/dev.promis.ro\/product\/taslo\/"},"modified":"2025-11-05T12:37:44","modified_gmt":"2025-11-05T12:37:44","slug":"taslo","status":"publish","type":"product","link":"https:\/\/promis.ro\/ro\/produs\/taslo\/","title":{"rendered":"TASLO"},"content":{"rendered":"<p>Geant\u0103 de cump\u0103r\u0103turi din fetru RPET cu m\u00e2nere lungi \u0219i fund cu pliuri. Grosimea fetru: 2 mm.<\/p>","protected":false},"excerpt":{"rendered":"<p>Geant\u0103 de cump\u0103r\u0103turi din fetru RPET<\/p>","protected":false},"featured_media":66767,"comment_status":"open","ping_status":"closed","template":"","meta":[],"product_brand":[],"product_cat":[174],"product_tag":[],"class_list":{"0":"post-66778","1":"product","2":"type-product","3":"status-publish","4":"has-post-thumbnail","6":"product_cat-pungi","8":"first","9":"instock","10":"shipping-taxable","11":"purchasable","12":"product-type-variable"},"_links":{"self":[{"href":"https:\/\/promis.ro\/ro\/wp-json\/wp\/v2\/product\/66778","targetHints":{"allow":["GET"]}}],"collection":[{"href":"https:\/\/promis.ro\/ro\/wp-json\/wp\/v2\/product"}],"about":[{"href":"https:\/\/promis.ro\/ro\/wp-json\/wp\/v2\/types\/product"}],"replies":[{"embeddable":true,"href":"https:\/\/promis.ro\/ro\/wp-json\/wp\/v2\/comments?post=66778"}],"version-history":[{"count":1,"href":"https:\/\/promis.ro\/ro\/wp-json\/wp\/v2\/product\/66778\/revisions"}],"predecessor-version":[{"id":108683,"href":"https:\/\/promis.ro\/ro\/wp-json\/wp\/v2\/product\/66778\/revisions\/108683"}],"wp:featuredmedia":[{"embeddable":true,"href":"https:\/\/promis.ro\/ro\/wp-json\/wp\/v2\/media\/66767"}],"wp:attachment":[{"href":"https:\/\/promis.ro\/ro\/wp-json\/wp\/v2\/media?parent=66778"}],"wp:term":[{"taxonomy":"product_brand","embeddable":true,"href":"https:\/\/promis.ro\/ro\/wp-json\/wp\/v2\/product_brand?post=66778"},{"taxonomy":"product_cat","embeddable":true,"href":"https:\/\/promis.ro\/ro\/wp-json\/wp\/v2\/product_cat?post=66778"},{"taxonomy":"product_tag","embeddable":true,"href":"https:\/\/promis.ro\/ro\/wp-json\/wp\/v2\/product_tag?post=66778"}],"curies":[{"name":"wp","href":"https:\/\/api.w.org\/{rel}","templated":true}]}}