{"id":67068,"date":"2025-10-31T19:01:23","date_gmt":"2025-10-31T19:01:23","guid":{"rendered":"https:\/\/dev.promis.ro\/product\/grow-me-2\/"},"modified":"2025-11-05T12:40:01","modified_gmt":"2025-11-05T12:40:01","slug":"grow-me-2","status":"publish","type":"product","link":"https:\/\/promis.ro\/ro\/produs\/grow-me-2\/","title":{"rendered":"GROW ME"},"content":{"rendered":"<p>Set de memo cu copert\u0103 moale, cu copert\u0103 din h\u00e2rtie care cre\u0219te, 25 de foi de h\u00e2rtie lipicioas\u0103 din iarb\u0103 \u0219i 3 markere colorate pentru pagini. Ca \u0219i blocurile de note tradi\u021bionale galbene, po\u021bi scrie noti\u021bele tale pe h\u00e2rtie \u0219i le po\u021bi lipi undeva pentru a nu le uita. C\u00e2nd ai folosit toate cele 25 de foi de h\u00e2rtie \u0219i markerele colorate, po\u021bi planta blocul de memo \u00een sol. O selec\u021bie de semin\u021be de flori s\u0103lbatice va cre\u0219te \u0219i va oferi acestui articol o nou\u0103 destina\u021bie. Un element esen\u021bial cu adev\u0103rat verde \u0219i sustenabil pentru birou. Fabricat \u00een UE.<\/p>","protected":false},"excerpt":{"rendered":"<p><strong>Bloc de noti\u021be din h\u00e2rtie din iarb\u0103\/semin\u021be<\/strong><\/p>","protected":false},"featured_media":67062,"comment_status":"open","ping_status":"closed","template":"","meta":[],"product_brand":[],"product_cat":[175],"product_tag":[],"class_list":{"0":"post-67068","1":"product","2":"type-product","3":"status-publish","4":"has-post-thumbnail","6":"product_cat-scris","8":"first","9":"instock","10":"shipping-taxable","11":"purchasable","12":"product-type-simple"},"yoast_head":"<!-- This site is optimized with the Yoast SEO plugin v27.4 - https:\/\/yoast.com\/product\/yoast-seo-wordpress\/ -->\n<title>GROW ME - Promis.ro<\/title>\n<meta name=\"description\" content=\"Bloc de noti\u021be din h\u00e2rtie din iarb\u0103\/semin\u021be\" \/>\n<meta name=\"robots\" content=\"index, follow, max-snippet:-1, max-image-preview:large, max-video-preview:-1\" \/>\n<link rel=\"canonical\" href=\"https:\/\/promis.ro\/ro\/produs\/grow-me-2\/\" \/>\n<meta property=\"og:locale\" content=\"ro_RO\" \/>\n<meta property=\"og:type\" content=\"article\" \/>\n<meta property=\"og:title\" content=\"GROW ME - Promis.ro\" \/>\n<meta property=\"og:description\" content=\"Bloc de noti\u021be din h\u00e2rtie din iarb\u0103\/semin\u021be\" \/>\n<meta property=\"og:url\" content=\"https:\/\/promis.ro\/ro\/produs\/grow-me-2\/\" \/>\n<meta property=\"og:site_name\" content=\"Promis.ro\" \/>\n<meta property=\"article:modified_time\" content=\"2025-11-05T12:40:01+00:00\" \/>\n<meta property=\"og:image\" content=\"https:\/\/promis.ro\/wp-content\/uploads\/2025\/10\/mo6235-06.jpg\" \/>\n\t<meta property=\"og:image:width\" content=\"700\" \/>\n\t<meta property=\"og:image:height\" content=\"700\" \/>\n\t<meta property=\"og:image:type\" content=\"image\/jpeg\" \/>\n<meta name=\"twitter:card\" content=\"summary_large_image\" \/>\n<meta name=\"twitter:label1\" content=\"Timp estimat pentru citire\" \/>\n\t<meta name=\"twitter:data1\" content=\"1 minut\" \/>\n<script type=\"application\/ld+json\" class=\"yoast-schema-graph\">{\"@context\":\"https:\\\/\\\/schema.org\",\"@graph\":[{\"@type\":\"WebPage\",\"@id\":\"https:\\\/\\\/promis.ro\\\/product\\\/grow-me-2\\\/\",\"url\":\"https:\\\/\\\/promis.ro\\\/product\\\/grow-me-2\\\/\",\"name\":\"GROW ME - Promis.ro\",\"isPartOf\":{\"@id\":\"https:\\\/\\\/promis.ro\\\/#website\"},\"primaryImageOfPage\":{\"@id\":\"https:\\\/\\\/promis.ro\\\/product\\\/grow-me-2\\\/#primaryimage\"},\"image\":{\"@id\":\"https:\\\/\\\/promis.ro\\\/product\\\/grow-me-2\\\/#primaryimage\"},\"thumbnailUrl\":\"https:\\\/\\\/promis.ro\\\/wp-content\\\/uploads\\\/2025\\\/10\\\/mo6235-06.jpg\",\"datePublished\":\"2025-10-31T19:01:23+00:00\",\"dateModified\":\"2025-11-05T12:40:01+00:00\",\"description\":\"Bloc de noti\u021be din h\u00e2rtie din iarb\u0103\\\/semin\u021be\",\"breadcrumb\":{\"@id\":\"https:\\\/\\\/promis.ro\\\/product\\\/grow-me-2\\\/#breadcrumb\"},\"inLanguage\":\"ro-RO\",\"potentialAction\":[{\"@type\":\"ReadAction\",\"target\":[\"https:\\\/\\\/promis.ro\\\/product\\\/grow-me-2\\\/\"]}]},{\"@type\":\"ImageObject\",\"inLanguage\":\"ro-RO\",\"@id\":\"https:\\\/\\\/promis.ro\\\/product\\\/grow-me-2\\\/#primaryimage\",\"url\":\"https:\\\/\\\/promis.ro\\\/wp-content\\\/uploads\\\/2025\\\/10\\\/mo6235-06.jpg\",\"contentUrl\":\"https:\\\/\\\/promis.ro\\\/wp-content\\\/uploads\\\/2025\\\/10\\\/mo6235-06.jpg\",\"width\":700,\"height\":700},{\"@type\":\"BreadcrumbList\",\"@id\":\"https:\\\/\\\/promis.ro\\\/product\\\/grow-me-2\\\/#breadcrumb\",\"itemListElement\":[{\"@type\":\"ListItem\",\"position\":1,\"name\":\"Home\",\"item\":\"https:\\\/\\\/promis.ro\\\/\"},{\"@type\":\"ListItem\",\"position\":2,\"name\":\"Magazin\",\"item\":\"https:\\\/\\\/promis.ro\\\/magazin\\\/\"},{\"@type\":\"ListItem\",\"position\":3,\"name\":\"GROW ME\"}]},{\"@type\":\"WebSite\",\"@id\":\"https:\\\/\\\/promis.ro\\\/#website\",\"url\":\"https:\\\/\\\/promis.ro\\\/\",\"name\":\"Promis.ro\",\"description\":\"\",\"potentialAction\":[{\"@type\":\"SearchAction\",\"target\":{\"@type\":\"EntryPoint\",\"urlTemplate\":\"https:\\\/\\\/promis.ro\\\/?s={search_term_string}\"},\"query-input\":{\"@type\":\"PropertyValueSpecification\",\"valueRequired\":true,\"valueName\":\"search_term_string\"}}],\"inLanguage\":\"ro-RO\"}]}<\/script>\n<!-- \/ Yoast SEO plugin. -->","yoast_head_json":{"title":"GROW ME - Promis.ro","description":"Bloc de noti\u021be din h\u00e2rtie din iarb\u0103\/semin\u021be","robots":{"index":"index","follow":"follow","max-snippet":"max-snippet:-1","max-image-preview":"max-image-preview:large","max-video-preview":"max-video-preview:-1"},"canonical":"https:\/\/promis.ro\/ro\/produs\/grow-me-2\/","og_locale":"ro_RO","og_type":"article","og_title":"GROW ME - Promis.ro","og_description":"Bloc de noti\u021be din h\u00e2rtie din iarb\u0103\/semin\u021be","og_url":"https:\/\/promis.ro\/ro\/produs\/grow-me-2\/","og_site_name":"Promis.ro","article_modified_time":"2025-11-05T12:40:01+00:00","og_image":[{"width":700,"height":700,"url":"https:\/\/promis.ro\/wp-content\/uploads\/2025\/10\/mo6235-06.jpg","type":"image\/jpeg"}],"twitter_card":"summary_large_image","twitter_misc":{"Timp estimat pentru citire":"1 minut"},"schema":{"@context":"https:\/\/schema.org","@graph":[{"@type":"WebPage","@id":"https:\/\/promis.ro\/product\/grow-me-2\/","url":"https:\/\/promis.ro\/product\/grow-me-2\/","name":"GROW ME - Promis.ro","isPartOf":{"@id":"https:\/\/promis.ro\/#website"},"primaryImageOfPage":{"@id":"https:\/\/promis.ro\/product\/grow-me-2\/#primaryimage"},"image":{"@id":"https:\/\/promis.ro\/product\/grow-me-2\/#primaryimage"},"thumbnailUrl":"https:\/\/promis.ro\/wp-content\/uploads\/2025\/10\/mo6235-06.jpg","datePublished":"2025-10-31T19:01:23+00:00","dateModified":"2025-11-05T12:40:01+00:00","description":"Bloc de noti\u021be din h\u00e2rtie din iarb\u0103\/semin\u021be","breadcrumb":{"@id":"https:\/\/promis.ro\/product\/grow-me-2\/#breadcrumb"},"inLanguage":"ro-RO","potentialAction":[{"@type":"ReadAction","target":["https:\/\/promis.ro\/product\/grow-me-2\/"]}]},{"@type":"ImageObject","inLanguage":"ro-RO","@id":"https:\/\/promis.ro\/product\/grow-me-2\/#primaryimage","url":"https:\/\/promis.ro\/wp-content\/uploads\/2025\/10\/mo6235-06.jpg","contentUrl":"https:\/\/promis.ro\/wp-content\/uploads\/2025\/10\/mo6235-06.jpg","width":700,"height":700},{"@type":"BreadcrumbList","@id":"https:\/\/promis.ro\/product\/grow-me-2\/#breadcrumb","itemListElement":[{"@type":"ListItem","position":1,"name":"Home","item":"https:\/\/promis.ro\/"},{"@type":"ListItem","position":2,"name":"Magazin","item":"https:\/\/promis.ro\/magazin\/"},{"@type":"ListItem","position":3,"name":"GROW ME"}]},{"@type":"WebSite","@id":"https:\/\/promis.ro\/#website","url":"https:\/\/promis.ro\/","name":"Promis.ro","description":"","potentialAction":[{"@type":"SearchAction","target":{"@type":"EntryPoint","urlTemplate":"https:\/\/promis.ro\/?s={search_term_string}"},"query-input":{"@type":"PropertyValueSpecification","valueRequired":true,"valueName":"search_term_string"}}],"inLanguage":"ro-RO"}]}},"_links":{"self":[{"href":"https:\/\/promis.ro\/ro\/wp-json\/wp\/v2\/product\/67068","targetHints":{"allow":["GET"]}}],"collection":[{"href":"https:\/\/promis.ro\/ro\/wp-json\/wp\/v2\/product"}],"about":[{"href":"https:\/\/promis.ro\/ro\/wp-json\/wp\/v2\/types\/product"}],"replies":[{"embeddable":true,"href":"https:\/\/promis.ro\/ro\/wp-json\/wp\/v2\/comments?post=67068"}],"version-history":[{"count":2,"href":"https:\/\/promis.ro\/ro\/wp-json\/wp\/v2\/product\/67068\/revisions"}],"predecessor-version":[{"id":108732,"href":"https:\/\/promis.ro\/ro\/wp-json\/wp\/v2\/product\/67068\/revisions\/108732"}],"wp:featuredmedia":[{"embeddable":true,"href":"https:\/\/promis.ro\/ro\/wp-json\/wp\/v2\/media\/67062"}],"wp:attachment":[{"href":"https:\/\/promis.ro\/ro\/wp-json\/wp\/v2\/media?parent=67068"}],"wp:term":[{"taxonomy":"product_brand","embeddable":true,"href":"https:\/\/promis.ro\/ro\/wp-json\/wp\/v2\/product_brand?post=67068"},{"taxonomy":"product_cat","embeddable":true,"href":"https:\/\/promis.ro\/ro\/wp-json\/wp\/v2\/product_cat?post=67068"},{"taxonomy":"product_tag","embeddable":true,"href":"https:\/\/promis.ro\/ro\/wp-json\/wp\/v2\/product_tag?post=67068"}],"curies":[{"name":"wp","href":"https:\/\/api.w.org\/{rel}","templated":true}]}}