{"id":68348,"date":"2025-10-31T19:11:46","date_gmt":"2025-10-31T19:11:46","guid":{"rendered":"https:\/\/dev.promis.ro\/product\/frisian\/"},"modified":"2025-11-05T12:42:55","modified_gmt":"2025-11-05T12:42:55","slug":"frisian","status":"publish","type":"product","link":"https:\/\/promis.ro\/ro\/produs\/frisian\/","title":{"rendered":"FRISIAN"},"content":{"rendered":"<p>Sticl\u0103 din sticl\u0103 cu capac din bambus. Capacitate 650 ml. f\u0103r\u0103 scurgeri. Bambusul este un produs natural, pot exista varia\u021bii u\u0219oare \u00een culoare \u0219i dimensiune per articol, ceea ce poate afecta rezultatul final al decora\u021biunii.<\/p>","protected":false},"excerpt":{"rendered":"<p>Sticl\u0103 de sticl\u0103 650ml capac din bambus<\/p>","protected":false},"featured_media":68340,"comment_status":"open","ping_status":"closed","template":"","meta":[],"product_brand":[],"product_cat":[172],"product_tag":[],"class_list":{"0":"post-68348","1":"product","2":"type-product","3":"status-publish","4":"has-post-thumbnail","6":"product_cat-cani-borcane-si-thermosuri","8":"first","9":"instock","10":"shipping-taxable","11":"purchasable","12":"product-type-simple"},"_links":{"self":[{"href":"https:\/\/promis.ro\/ro\/wp-json\/wp\/v2\/product\/68348","targetHints":{"allow":["GET"]}}],"collection":[{"href":"https:\/\/promis.ro\/ro\/wp-json\/wp\/v2\/product"}],"about":[{"href":"https:\/\/promis.ro\/ro\/wp-json\/wp\/v2\/types\/product"}],"replies":[{"embeddable":true,"href":"https:\/\/promis.ro\/ro\/wp-json\/wp\/v2\/comments?post=68348"}],"version-history":[{"count":1,"href":"https:\/\/promis.ro\/ro\/wp-json\/wp\/v2\/product\/68348\/revisions"}],"predecessor-version":[{"id":108816,"href":"https:\/\/promis.ro\/ro\/wp-json\/wp\/v2\/product\/68348\/revisions\/108816"}],"wp:featuredmedia":[{"embeddable":true,"href":"https:\/\/promis.ro\/ro\/wp-json\/wp\/v2\/media\/68340"}],"wp:attachment":[{"href":"https:\/\/promis.ro\/ro\/wp-json\/wp\/v2\/media?parent=68348"}],"wp:term":[{"taxonomy":"product_brand","embeddable":true,"href":"https:\/\/promis.ro\/ro\/wp-json\/wp\/v2\/product_brand?post=68348"},{"taxonomy":"product_cat","embeddable":true,"href":"https:\/\/promis.ro\/ro\/wp-json\/wp\/v2\/product_cat?post=68348"},{"taxonomy":"product_tag","embeddable":true,"href":"https:\/\/promis.ro\/ro\/wp-json\/wp\/v2\/product_tag?post=68348"}],"curies":[{"name":"wp","href":"https:\/\/api.w.org\/{rel}","templated":true}]}}